{"id":1975,"date":"2024-05-15T10:40:22","date_gmt":"2024-05-15T13:40:22","guid":{"rendered":"https:\/\/portais.santoandre.sp.gov.br\/educacao\/?page_id=1975"},"modified":"2024-05-15T10:40:22","modified_gmt":"2024-05-15T13:40:22","slug":"creche-francisca-zuk-2020","status":"publish","type":"page","link":"https:\/\/portais.santoandre.sp.gov.br\/educacao\/creche-francisca-zuk-2020\/","title":{"rendered":"Creche Francisca Zuk &#8211; 2020"},"content":{"rendered":"\n<p><strong><span style=\"color: #000000\" class=\"stk-highlight\">Balancete \u2013<\/span> <\/strong><a href=\"https:\/\/portais.santoandre.sp.gov.br\/educacao\/wp-content\/uploads\/sites\/17\/2024\/05\/1BALANCETE-CR-FRANCISCA-ZUK.pdf\" target=\"_blank\" rel=\"noreferrer noopener\">Clique Aqui!<\/a><\/p>\n\n\n\n<p><strong><span style=\"color: #000000\" class=\"stk-highlight\">Aditivo \u2013 <\/span><\/strong><a href=\"https:\/\/portais.santoandre.sp.gov.br\/educacao\/wp-content\/uploads\/sites\/17\/2024\/05\/2aditivo-CRECHE-FRANCISCA-ZUK.pdf\" target=\"_blank\" rel=\"noreferrer noopener\">Clique Aqui!<\/a><\/p>\n\n\n\n<p><strong><span style=\"color: #000000\" class=\"stk-highlight\">Demonstra\u00e7\u00f5es Cont\u00e1beis \u2013<\/span> <\/strong><a href=\"https:\/\/portais.santoandre.sp.gov.br\/educacao\/wp-content\/uploads\/sites\/17\/2024\/05\/3CRECHE-FRANCISCA-ZUK.pdf\" target=\"_blank\" rel=\"noreferrer noopener\">Clique Aqui!<\/a><\/p>\n\n\n\n<p><strong><span style=\"color: #000000\" class=\"stk-highlight\">Demonstrativo de Receitas e Despesas \u2013<\/span> <\/strong><a href=\"https:\/\/portais.santoandre.sp.gov.br\/educacao\/wp-content\/uploads\/sites\/17\/2024\/05\/4Conselho-de-escola-da-Creche-Francisca-Zuk-Demonstrativo-de-Receitas-e-Despesas-Prestacao-de-Contas-2020.pdf\" target=\"_blank\" rel=\"noreferrer noopener\">Clique Aqui!<\/a><\/p>\n\n\n\n<p><strong><span style=\"color: #000000\" class=\"stk-highlight\">Plano de Trabalho 2020\/2021 \u2013<\/span> <\/strong><a href=\"https:\/\/portais.santoandre.sp.gov.br\/educacao\/wp-content\/uploads\/sites\/17\/2024\/05\/5plano-CRECHE-FRANCISCA-ZUK.pdf\" target=\"_blank\" rel=\"noreferrer noopener\">Clique Aqui!<\/a><\/p>\n\n\n\n<p><strong><span style=\"color: #000000\" class=\"stk-highlight\">Prestadores de Servi\u00e7os Fornecedores \u2013 <\/span><\/strong><a href=\"https:\/\/portais.santoandre.sp.gov.br\/educacao\/wp-content\/uploads\/sites\/17\/2024\/05\/6Conselho-de-escola-da-Creche-Francisca-Zuk-Prestadores-de-Servicos-Fornecedores-2020.pdf\" target=\"_blank\" rel=\"noreferrer noopener\">Clique Aqui!<\/a><\/p>\n\n\n\n<p><strong><span style=\"color: #000000\" class=\"stk-highlight\">S\u00edntese de Aplica\u00e7\u00f5es Financeiras \u2013<\/span> <\/strong><a href=\"https:\/\/portais.santoandre.sp.gov.br\/educacao\/wp-content\/uploads\/sites\/17\/2024\/05\/7Conselho-de-escola-da-Creche-Francisca-Zuk-Sintese-Aplicacao-Financeira-2020.pdf\" target=\"_blank\" rel=\"noreferrer noopener\">Clique Aqui!<\/a><\/p>\n\n\n\n<p><strong><span style=\"color: #000000\" class=\"stk-highlight\">S\u00edntese de Receitas e Despesas \u2013<\/span> <\/strong><a href=\"https:\/\/portais.santoandre.sp.gov.br\/educacao\/wp-content\/uploads\/sites\/17\/2024\/05\/8Conselho-de-escola-da-Creche-Francisca-Zuk-Sintese-Receitas-e-Despesas-2020.pdf\" target=\"_blank\" rel=\"noreferrer noopener\">Clique Aqui!<\/a><\/p>\n\n\n\n<p class=\"has-black-color has-text-color has-medium-font-size\"><\/p>\n\n\n\n<div class=\"wp-block-stackable-divider stk-block-divider stk-block stk-e4b48d3 is-style-bar\" data-block-id=\"e4b48d3\"><style>.stk-e4b48d3 hr.stk-block-divider__hr{width:100% !important}<\/style><hr class=\"stk-block-divider__hr\" \/><\/div>\n\n\n\n<p><strong><span style=\"color: #000000\" class=\"stk-highlight\">Aditivo 2018 \u2013<\/span> <\/strong><a href=\"https:\/\/portais.santoandre.sp.gov.br\/educacao\/wp-content\/uploads\/sites\/17\/2024\/05\/9Termo-Aditivo-2018-Creche-Francisca-Zuk.pdf\" target=\"_blank\" rel=\"noreferrer noopener\">Clique Aqui!<\/a><\/p>\n\n\n\n<p><strong><span style=\"color: #000000\" class=\"stk-highlight\">Aditivo 2019 \u2013<\/span> <\/strong><a href=\"https:\/\/portais.santoandre.sp.gov.br\/educacao\/wp-content\/uploads\/sites\/17\/2024\/05\/10Termo-Aditivo-2019-Creche-Francisca-Zuk.pdf\" target=\"_blank\" rel=\"noreferrer noopener\">Clique Aqui!<\/a><\/p>\n\n\n\n<p><strong><span style=\"color: #000000\" class=\"stk-highlight\">Certificado de Membros \u2013<\/span> <\/strong><a href=\"https:\/\/portais.santoandre.sp.gov.br\/educacao\/wp-content\/uploads\/sites\/17\/2024\/05\/11Certificado-de-membros-Creche-Francisca-Zuk.pdf\" target=\"_blank\" rel=\"noreferrer noopener\">Clique Aqui!<\/a><\/p>\n\n\n\n<p><strong><span style=\"color: #000000\" class=\"stk-highlight\">Conv\u00eanio \u2013<\/span> <\/strong><a href=\"https:\/\/portais.santoandre.sp.gov.br\/educacao\/wp-content\/uploads\/sites\/17\/2024\/05\/12Convenio-Creche-Francisca-Zuk.pdf\" target=\"_blank\" rel=\"noreferrer noopener\">Clique Aqui!<\/a><\/p>\n\n\n\n<p><strong><span style=\"color: #000000\" class=\"stk-highlight\">Declara\u00e7\u00e3o de Nepotismo \u2013<\/span> <\/strong><a href=\"https:\/\/portais.santoandre.sp.gov.br\/educacao\/wp-content\/uploads\/sites\/17\/2024\/05\/13Declaracao-de-nepotismo-Creche-Francisca-Zuk.pdf\" target=\"_blank\" rel=\"noreferrer noopener\">Clique Aqui!<\/a><\/p>\n\n\n\n<p><strong><span style=\"color: #000000\" class=\"stk-highlight\">Estatuto \u2013<\/span> <\/strong><a href=\"https:\/\/portais.santoandre.sp.gov.br\/educacao\/wp-content\/uploads\/sites\/17\/2024\/05\/14Estatuto-Creche-Francisca-Zuk.pdf\" target=\"_blank\" rel=\"noreferrer noopener\">Clique Aqui!<\/a><\/p>\n\n\n\n<p><strong><span style=\"color: #000000\" class=\"stk-highlight\">Pagamento PSA \u2013<\/span> <\/strong><a href=\"https:\/\/portais.santoandre.sp.gov.br\/educacao\/wp-content\/uploads\/sites\/17\/2024\/05\/15Pagamentos-PSA-2019-Creche-Francisca-Zuk.pdf\" target=\"_blank\" rel=\"noreferrer noopener\">Clique Aqui!<\/a><\/p>\n\n\n\n<p><strong><span style=\"color: #000000\" class=\"stk-highlight\">Plano de Trabalho 2018 \u2013<\/span> <\/strong><a href=\"https:\/\/portais.santoandre.sp.gov.br\/educacao\/wp-content\/uploads\/sites\/17\/2024\/05\/16Plano-de-Trabalho-2018_2019-Creche-Evangelina-1.pdf\" target=\"_blank\" rel=\"noreferrer noopener\">Clique Aqui!<\/a><\/p>\n\n\n\n<p><strong><span style=\"color: #000000\" class=\"stk-highlight\">Plano de Trabalho 2019 \u2013<\/span> <\/strong><a href=\"https:\/\/portais.santoandre.sp.gov.br\/educacao\/wp-content\/uploads\/sites\/17\/2024\/05\/17Plano-de-Trabalho-2019_2020-Creche-Francisca-Zuk.pdf\" target=\"_blank\" rel=\"noreferrer noopener\">Clique Aqui!<\/a><\/p>\n\n\n\n<p><strong><span style=\"color: #000000\" class=\"stk-highlight\">S\u00edntese de Aplica\u00e7\u00f5es Financeiras \u2013<\/span> <\/strong><a href=\"https:\/\/portais.santoandre.sp.gov.br\/educacao\/wp-content\/uploads\/sites\/17\/2024\/05\/18Sintese-Aplicacoes-Financeiras.pdf\" target=\"_blank\" rel=\"noreferrer noopener\">Clique Aqui!<\/a><\/p>\n\n\n\n<p><strong><span style=\"color: #000000\" class=\"stk-highlight\">S\u00edntese de Receitas e Despesas &#8211;<\/span> <\/strong><a href=\"https:\/\/portais.santoandre.sp.gov.br\/educacao\/wp-content\/uploads\/sites\/17\/2024\/05\/19Sintese-Receitas-e-Despesas-2.pdf\" target=\"_blank\" rel=\"noreferrer noopener\">Clique Aqui!<\/a><\/p>\n","protected":false},"excerpt":{"rendered":"<p>Balancete \u2013 Clique Aqui! Aditivo \u2013 Clique Aqui! Demonstra\u00e7\u00f5es Cont\u00e1beis \u2013 Clique Aqui! Demonstrativo de Receitas e Despesas \u2013 Clique Aqui! Plano de Trabalho 2020\/2021 \u2013 Clique Aqui! Prestadores de Servi\u00e7os Fornecedores \u2013 Clique Aqui! S\u00edntese de Aplica\u00e7\u00f5es Financeiras \u2013 Clique Aqui! S\u00edntese de Receitas e Despesas \u2013 Clique Aqui! Aditivo 2018 \u2013 Clique Aqui! [&hellip;]<\/p>\n","protected":false},"author":50,"featured_media":0,"parent":0,"menu_order":0,"comment_status":"closed","ping_status":"closed","template":"","meta":{"footnotes":""},"class_list":["post-1975","page","type-page","status-publish","hentry"],"_links":{"self":[{"href":"https:\/\/portais.santoandre.sp.gov.br\/educacao\/wp-json\/wp\/v2\/pages\/1975","targetHints":{"allow":["GET"]}}],"collection":[{"href":"https:\/\/portais.santoandre.sp.gov.br\/educacao\/wp-json\/wp\/v2\/pages"}],"about":[{"href":"https:\/\/portais.santoandre.sp.gov.br\/educacao\/wp-json\/wp\/v2\/types\/page"}],"author":[{"embeddable":true,"href":"https:\/\/portais.santoandre.sp.gov.br\/educacao\/wp-json\/wp\/v2\/users\/50"}],"replies":[{"embeddable":true,"href":"https:\/\/portais.santoandre.sp.gov.br\/educacao\/wp-json\/wp\/v2\/comments?post=1975"}],"version-history":[{"count":1,"href":"https:\/\/portais.santoandre.sp.gov.br\/educacao\/wp-json\/wp\/v2\/pages\/1975\/revisions"}],"predecessor-version":[{"id":1996,"href":"https:\/\/portais.santoandre.sp.gov.br\/educacao\/wp-json\/wp\/v2\/pages\/1975\/revisions\/1996"}],"wp:attachment":[{"href":"https:\/\/portais.santoandre.sp.gov.br\/educacao\/wp-json\/wp\/v2\/media?parent=1975"}],"curies":[{"name":"wp","href":"https:\/\/api.w.org\/{rel}","templated":true}]}}