{"id":1952,"date":"2024-05-15T10:00:31","date_gmt":"2024-05-15T13:00:31","guid":{"rendered":"https:\/\/portais.santoandre.sp.gov.br\/educacao\/?page_id=1952"},"modified":"2024-06-07T09:17:40","modified_gmt":"2024-06-07T12:17:40","slug":"creche-padre-jose-mahon-2022","status":"publish","type":"page","link":"https:\/\/portais.santoandre.sp.gov.br\/educacao\/creche-padre-jose-mahon-2022\/","title":{"rendered":"Creche Padre Jos\u00e9 Mahon &#8211; 2022"},"content":{"rendered":"\n<p class=\"has-black-color has-text-color has-medium-font-size\"><\/p>\n\n\n\n<p><strong><span style=\"color: #000000\" class=\"stk-highlight\">Plano de Trabalho 2022\/2023 \u2013<\/span> <\/strong><a href=\"https:\/\/portais.santoandre.sp.gov.br\/educacao\/wp-content\/uploads\/sites\/17\/2024\/06\/1PLANO-DE-TRABALHO-CRECHE-PADRE-JOSE-MAHON.pdf\" target=\"_blank\" rel=\"noreferrer noopener\">Clique Aqui!<\/a><\/p>\n\n\n\n<p><strong><span style=\"color: #000000\" class=\"stk-highlight\">Termo de Conv\u00eanio 2022\/2023 \u2013<\/span> <\/strong><a href=\"https:\/\/portais.santoandre.sp.gov.br\/educacao\/wp-content\/uploads\/sites\/17\/2024\/06\/2Convenio-CRECHE-PADRE-JOSE-MAHON.pdf\" target=\"_blank\" rel=\"noreferrer noopener\">Clique Aqui!<\/a><\/p>\n\n\n\n<p><strong><span style=\"color: #000000\" class=\"stk-highlight\">Valores Repassados \u2013<\/span> <\/strong><a href=\"https:\/\/portais.santoandre.sp.gov.br\/educacao\/wp-content\/uploads\/sites\/17\/2024\/06\/3Pag-Creche-Padre-Jose-Mahon.pdf\" target=\"_blank\" rel=\"noreferrer noopener\">Clique Aqui!<\/a><\/p>\n\n\n\n<p><strong><span style=\"color: #000000\" class=\"stk-highlight\">Manual de Compras: Aquisi\u00e7\u00f5es, Servi\u00e7os e Contrata\u00e7\u00e3o de Pessoal &#8211;<\/span> <\/strong><a rel=\"noreferrer noopener\" href=\"https:\/\/portais.santoandre.sp.gov.br\/educacao\/wp-content\/uploads\/sites\/17\/2024\/05\/Manual-de-Compras.pdf\" target=\"_blank\">Clique Aqui!<\/a><\/p>\n\n\n\n<p><strong><span style=\"color: #000000\" class=\"stk-highlight\"><strong><span style=\"color: #000000\" class=\"stk-highlight\">Estatuto<\/span><\/strong> \u2013<\/span> <\/strong><a href=\"https:\/\/portais.santoandre.sp.gov.br\/educacao\/wp-content\/uploads\/sites\/17\/2024\/06\/5estatuto-social-constituicao-cr-padre-jose_compressed.pdf\" target=\"_blank\" rel=\"noreferrer noopener\">Clique Aqui!<\/a><\/p>\n","protected":false},"excerpt":{"rendered":"<p>Plano de Trabalho 2022\/2023 \u2013 Clique Aqui! Termo de Conv\u00eanio 2022\/2023 \u2013 Clique Aqui! Valores Repassados \u2013 Clique Aqui! Manual de Compras: Aquisi\u00e7\u00f5es, Servi\u00e7os e Contrata\u00e7\u00e3o de Pessoal &#8211; Clique Aqui! Estatuto \u2013 Clique Aqui!<\/p>\n","protected":false},"author":50,"featured_media":0,"parent":0,"menu_order":0,"comment_status":"closed","ping_status":"closed","template":"","meta":{"footnotes":""},"class_list":["post-1952","page","type-page","status-publish","hentry"],"_links":{"self":[{"href":"https:\/\/portais.santoandre.sp.gov.br\/educacao\/wp-json\/wp\/v2\/pages\/1952","targetHints":{"allow":["GET"]}}],"collection":[{"href":"https:\/\/portais.santoandre.sp.gov.br\/educacao\/wp-json\/wp\/v2\/pages"}],"about":[{"href":"https:\/\/portais.santoandre.sp.gov.br\/educacao\/wp-json\/wp\/v2\/types\/page"}],"author":[{"embeddable":true,"href":"https:\/\/portais.santoandre.sp.gov.br\/educacao\/wp-json\/wp\/v2\/users\/50"}],"replies":[{"embeddable":true,"href":"https:\/\/portais.santoandre.sp.gov.br\/educacao\/wp-json\/wp\/v2\/comments?post=1952"}],"version-history":[{"count":2,"href":"https:\/\/portais.santoandre.sp.gov.br\/educacao\/wp-json\/wp\/v2\/pages\/1952\/revisions"}],"predecessor-version":[{"id":2718,"href":"https:\/\/portais.santoandre.sp.gov.br\/educacao\/wp-json\/wp\/v2\/pages\/1952\/revisions\/2718"}],"wp:attachment":[{"href":"https:\/\/portais.santoandre.sp.gov.br\/educacao\/wp-json\/wp\/v2\/media?parent=1952"}],"curies":[{"name":"wp","href":"https:\/\/api.w.org\/{rel}","templated":true}]}}