{"id":180,"date":"2024-04-03T10:53:58","date_gmt":"2024-04-03T13:53:58","guid":{"rendered":"https:\/\/portais.santoandre.sp.gov.br\/educacao\/?page_id=180"},"modified":"2025-03-12T09:51:06","modified_gmt":"2025-03-12T12:51:06","slug":"equipe","status":"publish","type":"page","link":"https:\/\/portais.santoandre.sp.gov.br\/educacao\/equipe\/","title":{"rendered":"Equipe"},"content":{"rendered":"\n<p><span style=\"color: #000000\" class=\"stk-highlight\"><strong>Secret\u00e1rio<\/strong> <strong>de Educa\u00e7\u00e3o<\/strong><br>Pedro Luiz Mattos Canhassi Botaro<br>Telefone: (11) 4468-4250<br>E-mail:<\/span>\u00a0<a href=\"mailto:Eafsilva@santoandre.sp.gov.br\">PLMCBotaro@santoandre.sp.gov.br<\/a><\/p>\n\n\n\n<p><strong><span style=\"color: #000000\" class=\"stk-highlight\">Secret\u00e1ria<\/span><\/strong> <strong><span style=\"color: #000000\" class=\"stk-highlight\">Adjunta<\/span><\/strong><br><span style=\"color: #000000\" class=\"stk-highlight\">Carla Maria Menezes<br><\/span><span style=\"color: #000000\" class=\"stk-highlight\">Telefone: (11) 4468-4398<br>E-mail:<\/span>&nbsp;<a href=\"mailto:Eafsilva@santoandre.sp.gov.br\">CMMenezes@santoandre.sp.gov.br<\/a><\/p>\n\n\n\n<p><\/p>\n\n\n\n<hr class=\"wp-block-separator has-alpha-channel-opacity\" \/>\n\n\n\n<p><strong><span style=\"color: #000000\" class=\"stk-highlight\">Diretores de Departamento<\/span><\/strong><\/p>\n\n\n\n<p><strong><span style=\"color: #000000\" class=\"stk-highlight\">Diretor do Departamento de Administra\u00e7\u00e3o e Infraestrutura da Educa\u00e7\u00e3o<br><\/span><\/strong><span style=\"color: #000000\" class=\"stk-highlight\">Alan Rodrigues Mendes<\/span><span style=\"color: #000000\" class=\"stk-highlight\"><br>Telefone: 4468-4257<br>E-mail: ARMendes@santoandre.sp.gov.br<\/span>\u00a0<\/p>\n\n\n\n<hr class=\"wp-block-separator has-alpha-channel-opacity\" \/>\n\n\n\n<p><span style=\"color: #000000\" class=\"stk-highlight\"><strong>Diretora do Departamento de Educa\u00e7\u00e3o Infantil e Ensino Fundamental<\/strong><br><\/span><span style=\"color: #000000\" class=\"stk-highlight\">Thais Faria Coelho<br><\/span><span style=\"color: #000000\" class=\"stk-highlight\">Telefone: 4468-4350 <br>E-mail: TFCoelho@santoandre.sp.gov.br\u00a0<\/span><\/p>\n\n\n\n<hr class=\"wp-block-separator has-alpha-channel-opacity\" \/>\n\n\n\n<p><span style=\"color: #000000\" class=\"stk-highlight\"><strong>Diretora do Departamento de Educa\u00e7\u00e3o de Jovens e Adultos<\/strong><br>Patricia Nunes Rosa<br>Telefone: 4468-4290 <br>E-mail: PNRosa@santoandre.sp.gov.br<\/span>\u00a0<\/p>\n\n\n\n<hr class=\"wp-block-separator has-alpha-channel-opacity\" \/>\n\n\n\n<p><span style=\"color: #000000\" class=\"stk-highlight\"><strong>Diretora do Departamento de Educa\u00e7\u00e3o Inclusiva e Apoio Educacional<\/strong><br>Sandramara Morando Gerbelli<br>Telefone: 4468-4285 <br>E-mail: SMGerbelli@santoandre.sp.gov.br<\/span>\u00a0<\/p>\n","protected":false},"excerpt":{"rendered":"<p>Secret\u00e1rio de Educa\u00e7\u00e3oPedro Luiz Mattos Canhassi BotaroTelefone: (11) 4468-4250E-mail:\u00a0PLMCBotaro@santoandre.sp.gov.br Secret\u00e1ria AdjuntaCarla Maria MenezesTelefone: (11) 4468-4398E-mail:&nbsp;CMMenezes@santoandre.sp.gov.br Diretores de Departamento Diretor do Departamento de Administra\u00e7\u00e3o e Infraestrutura da Educa\u00e7\u00e3oAlan Rodrigues MendesTelefone: 4468-4257E-mail: ARMendes@santoandre.sp.gov.br\u00a0 Diretora do Departamento de Educa\u00e7\u00e3o Infantil e Ensino FundamentalThais Faria CoelhoTelefone: 4468-4350 E-mail: TFCoelho@santoandre.sp.gov.br\u00a0 Diretora do Departamento de Educa\u00e7\u00e3o de Jovens e AdultosPatricia Nunes [&hellip;]<\/p>\n","protected":false},"author":50,"featured_media":0,"parent":0,"menu_order":0,"comment_status":"closed","ping_status":"closed","template":"","meta":{"footnotes":""},"class_list":["post-180","page","type-page","status-publish","hentry"],"_links":{"self":[{"href":"https:\/\/portais.santoandre.sp.gov.br\/educacao\/wp-json\/wp\/v2\/pages\/180","targetHints":{"allow":["GET"]}}],"collection":[{"href":"https:\/\/portais.santoandre.sp.gov.br\/educacao\/wp-json\/wp\/v2\/pages"}],"about":[{"href":"https:\/\/portais.santoandre.sp.gov.br\/educacao\/wp-json\/wp\/v2\/types\/page"}],"author":[{"embeddable":true,"href":"https:\/\/portais.santoandre.sp.gov.br\/educacao\/wp-json\/wp\/v2\/users\/50"}],"replies":[{"embeddable":true,"href":"https:\/\/portais.santoandre.sp.gov.br\/educacao\/wp-json\/wp\/v2\/comments?post=180"}],"version-history":[{"count":19,"href":"https:\/\/portais.santoandre.sp.gov.br\/educacao\/wp-json\/wp\/v2\/pages\/180\/revisions"}],"predecessor-version":[{"id":8897,"href":"https:\/\/portais.santoandre.sp.gov.br\/educacao\/wp-json\/wp\/v2\/pages\/180\/revisions\/8897"}],"wp:attachment":[{"href":"https:\/\/portais.santoandre.sp.gov.br\/educacao\/wp-json\/wp\/v2\/media?parent=180"}],"curies":[{"name":"wp","href":"https:\/\/api.w.org\/{rel}","templated":true}]}}