{"id":144,"date":"2024-04-03T10:22:27","date_gmt":"2024-04-03T13:22:27","guid":{"rendered":"https:\/\/portais.santoandre.sp.gov.br\/educacao\/?page_id=144"},"modified":"2024-05-15T13:19:01","modified_gmt":"2024-05-15T16:19:01","slug":"profissionais-da-educacao","status":"publish","type":"page","link":"https:\/\/portais.santoandre.sp.gov.br\/educacao\/profissionais-da-educacao\/","title":{"rendered":"Profissionais da Educa\u00e7\u00e3o"},"content":{"rendered":"\n<hr class=\"wp-block-separator has-alpha-channel-opacity\" \/>\n\n\n\n<h1 class=\"wp-block-heading\">| <a href=\"https:\/\/web.santoandre.sp.gov.br\/portal\/editais\/3\" data-type=\"link\" data-id=\"https:\/\/web.santoandre.sp.gov.br\/portal\/editais\/3\">Concurso P\u00fablico<\/a><\/h1>\n\n\n\n<hr class=\"wp-block-separator has-alpha-channel-opacity\" \/>\n\n\n\n<h1 class=\"wp-block-heading\">| <a href=\"https:\/\/www.santoandre.sp.gov.br\/siseduc\/\" data-type=\"link\" data-id=\"https:\/\/www.santoandre.sp.gov.br\/siseduc\/\">SisEduc<\/a><\/h1>\n\n\n\n<hr class=\"wp-block-separator has-alpha-channel-opacity\" \/>\n\n\n\n<h1 class=\"wp-block-heading\">| <a href=\"https:\/\/censobasico.inep.gov.br\/censobasico\/#\/\" data-type=\"link\" data-id=\"https:\/\/censobasico.inep.gov.br\/censobasico\/#\/\">Educacenso<\/a><\/h1>\n\n\n\n<hr class=\"wp-block-separator has-alpha-channel-opacity\" \/>\n\n\n\n<h1 class=\"wp-block-heading\">| <a href=\"http:\/\/santoandre.educaon.com.br\/wp-content\/uploads\/2020\/10\/REQUERIMENTO-DE-ATENDIMENTO-FUNCION%C3%81RIOS.pdf\" data-type=\"link\" data-id=\"http:\/\/santoandre.educaon.com.br\/wp-content\/uploads\/2020\/10\/REQUERIMENTO-DE-ATENDIMENTO-FUNCION%C3%81RIOS.pdf\">Requerimento de atendimento &#8211; servidores<\/a><\/h1>\n\n\n\n<hr class=\"wp-block-separator has-alpha-channel-opacity\" \/>\n\n\n\n<h1 class=\"wp-block-heading\">| <a href=\"https:\/\/docs.google.com\/forms\/d\/e\/1FAIpQLSe8E4F8tXL8mJpbpNzOMp0M7HzdIpKE6rfpYjvRpuhavG3MHg\/viewform\" data-type=\"link\" data-id=\"https:\/\/docs.google.com\/forms\/d\/e\/1FAIpQLSe8E4F8tXL8mJpbpNzOMp0M7HzdIpKE6rfpYjvRpuhavG3MHg\/viewform\">Requerimento de Solicita\u00e7\u00e3o de Pesquisa <\/a><\/h1>\n\n\n\n<hr class=\"wp-block-separator has-alpha-channel-opacity\" \/>\n\n\n\n<h1 class=\"wp-block-heading\">| <a href=\"https:\/\/docs.google.com\/forms\/d\/e\/1FAIpQLSe8E4F8tXL8mJpbpNzOMp0M7HzdIpKE6rfpYjvRpuhavG3MHg\/viewform\" data-type=\"link\" data-id=\"https:\/\/docs.google.com\/forms\/d\/e\/1FAIpQLSe8E4F8tXL8mJpbpNzOMp0M7HzdIpKE6rfpYjvRpuhavG3MHg\/viewform\">Acad\u00eamica<\/a><\/h1>\n\n\n\n<hr class=\"wp-block-separator has-alpha-channel-opacity\" \/>\n","protected":false},"excerpt":{"rendered":"<p>| Concurso P\u00fablico | SisEduc | Educacenso | Requerimento de atendimento &#8211; servidores | Requerimento de Solicita\u00e7\u00e3o de Pesquisa | Acad\u00eamica<\/p>\n","protected":false},"author":50,"featured_media":492,"parent":0,"menu_order":0,"comment_status":"closed","ping_status":"closed","template":"","meta":{"footnotes":""},"class_list":["post-144","page","type-page","status-publish","has-post-thumbnail","hentry"],"_links":{"self":[{"href":"https:\/\/portais.santoandre.sp.gov.br\/educacao\/wp-json\/wp\/v2\/pages\/144","targetHints":{"allow":["GET"]}}],"collection":[{"href":"https:\/\/portais.santoandre.sp.gov.br\/educacao\/wp-json\/wp\/v2\/pages"}],"about":[{"href":"https:\/\/portais.santoandre.sp.gov.br\/educacao\/wp-json\/wp\/v2\/types\/page"}],"author":[{"embeddable":true,"href":"https:\/\/portais.santoandre.sp.gov.br\/educacao\/wp-json\/wp\/v2\/users\/50"}],"replies":[{"embeddable":true,"href":"https:\/\/portais.santoandre.sp.gov.br\/educacao\/wp-json\/wp\/v2\/comments?post=144"}],"version-history":[{"count":7,"href":"https:\/\/portais.santoandre.sp.gov.br\/educacao\/wp-json\/wp\/v2\/pages\/144\/revisions"}],"predecessor-version":[{"id":2028,"href":"https:\/\/portais.santoandre.sp.gov.br\/educacao\/wp-json\/wp\/v2\/pages\/144\/revisions\/2028"}],"wp:featuredmedia":[{"embeddable":true,"href":"https:\/\/portais.santoandre.sp.gov.br\/educacao\/wp-json\/wp\/v2\/media\/492"}],"wp:attachment":[{"href":"https:\/\/portais.santoandre.sp.gov.br\/educacao\/wp-json\/wp\/v2\/media?parent=144"}],"curies":[{"name":"wp","href":"https:\/\/api.w.org\/{rel}","templated":true}]}}