{"id":1266,"date":"2024-04-22T07:53:57","date_gmt":"2024-04-22T10:53:57","guid":{"rendered":"https:\/\/portais.santoandre.sp.gov.br\/educacao\/?page_id=1266"},"modified":"2024-04-22T07:54:25","modified_gmt":"2024-04-22T10:54:25","slug":"emeief-professora-francisca-helena-furia-2023","status":"publish","type":"page","link":"https:\/\/portais.santoandre.sp.gov.br\/educacao\/emeief-professora-francisca-helena-furia-2023\/","title":{"rendered":"EMEIEF Professora Francisca Helena Furia &#8211; 2023"},"content":{"rendered":"\n<ol class=\"wp-block-list\" type=\"1\">\n<li><strong><span style=\"color: #000000\" class=\"stk-highlight\">Plano de Trabalho \u2013 2023\/2024 &#8211;<\/span> <\/strong><a href=\"https:\/\/santoandreedu-my.sharepoint.com\/:b:\/g\/personal\/siteeducacao_edu_santoandre_sp_gov_br\/Ee7xm6SGLk1FmjuTDgXWtukBTOEl7Yk-0HvF6GjIw_JGeQ?e=em8dCv\" target=\"_blank\" rel=\"noreferrer noopener\">Clique Aqui<strong>!<\/strong><\/a><\/li>\n\n\n\n<li><strong><span style=\"color: #000000\" class=\"stk-highlight\">Termo de Conv\u00eanio 2023\/2024 &#8211;<\/span> <\/strong><a rel=\"noreferrer noopener\" href=\"https:\/\/santoandreedu-my.sharepoint.com\/:b:\/g\/personal\/siteeducacao_edu_santoandre_sp_gov_br\/ETm51o71M71Emzx_Vp8ymU4B3Vk-7wMGvpVSQtxaGqwZBQ?e=fVJmoH\" target=\"_blank\">Clique Aqui!<\/a><\/li>\n\n\n\n<li><strong><span style=\"color: #000000\" class=\"stk-highlight\">Valores Repassados &#8211;<\/span> <\/strong><a rel=\"noreferrer noopener\" href=\"https:\/\/santoandreedu-my.sharepoint.com\/:b:\/g\/personal\/siteeducacao_edu_santoandre_sp_gov_br\/EW8tC1UHJDJDlCx0R0xtW9IBfNrVZS9afRf7xkWTIdhNlQ?e=euYS39\" target=\"_blank\">Clique Aqui!<\/a><\/li>\n\n\n\n<li><strong><span style=\"color: #000000\" class=\"stk-highlight\">Manual de Compras: Aquisi\u00e7\u00f5es, Servi\u00e7os e Contrata\u00e7\u00e3o de Pessoal &#8211;<\/span> <\/strong><a rel=\"noreferrer noopener\" href=\"https:\/\/santoandreedu-my.sharepoint.com\/:b:\/g\/personal\/siteeducacao_edu_santoandre_sp_gov_br\/EWYQz71EXbRDk3RCRNO9alIBJFMY84SB_TWvopCcaFitUA?e=xa0Um0\" target=\"_blank\">Clique Aqui!<\/a><\/li>\n\n\n\n<li><strong><span style=\"color: #000000\" class=\"stk-highlight\">Estatuto &#8211;<\/span> <\/strong><a href=\"https:\/\/santoandreedu-my.sharepoint.com\/:b:\/g\/personal\/siteeducacao_edu_santoandre_sp_gov_br\/ESkq0WuHhxdBlAknjWqkRF4BpsCM1WvmU18ZuK_5Rhv4GQ?e=xhJbek\">Clique Aqui!<\/a><\/li>\n<\/ol>\n","protected":false},"excerpt":{"rendered":"","protected":false},"author":50,"featured_media":0,"parent":0,"menu_order":0,"comment_status":"closed","ping_status":"closed","template":"","meta":{"footnotes":""},"class_list":["post-1266","page","type-page","status-publish","hentry"],"_links":{"self":[{"href":"https:\/\/portais.santoandre.sp.gov.br\/educacao\/wp-json\/wp\/v2\/pages\/1266","targetHints":{"allow":["GET"]}}],"collection":[{"href":"https:\/\/portais.santoandre.sp.gov.br\/educacao\/wp-json\/wp\/v2\/pages"}],"about":[{"href":"https:\/\/portais.santoandre.sp.gov.br\/educacao\/wp-json\/wp\/v2\/types\/page"}],"author":[{"embeddable":true,"href":"https:\/\/portais.santoandre.sp.gov.br\/educacao\/wp-json\/wp\/v2\/users\/50"}],"replies":[{"embeddable":true,"href":"https:\/\/portais.santoandre.sp.gov.br\/educacao\/wp-json\/wp\/v2\/comments?post=1266"}],"version-history":[{"count":2,"href":"https:\/\/portais.santoandre.sp.gov.br\/educacao\/wp-json\/wp\/v2\/pages\/1266\/revisions"}],"predecessor-version":[{"id":1268,"href":"https:\/\/portais.santoandre.sp.gov.br\/educacao\/wp-json\/wp\/v2\/pages\/1266\/revisions\/1268"}],"wp:attachment":[{"href":"https:\/\/portais.santoandre.sp.gov.br\/educacao\/wp-json\/wp\/v2\/media?parent=1266"}],"curies":[{"name":"wp","href":"https:\/\/api.w.org\/{rel}","templated":true}]}}