{"id":10549,"date":"2025-10-07T10:37:29","date_gmt":"2025-10-07T13:37:29","guid":{"rendered":"https:\/\/portais.santoandre.sp.gov.br\/educacao\/?page_id=10549"},"modified":"2025-10-07T10:37:30","modified_gmt":"2025-10-07T13:37:30","slug":"cpfp-governador-miguel-arraes-2024","status":"publish","type":"page","link":"https:\/\/portais.santoandre.sp.gov.br\/educacao\/cpfp-governador-miguel-arraes-2024\/","title":{"rendered":"CPFP Governador Miguel Arraes &#8211; 2024"},"content":{"rendered":"\n<ol style=\"list-style-type:1\" class=\"wp-block-list\">\n<li><span style=\"color: #000000\" class=\"stk-highlight\"><strong>S\u00edntese de\u00a0aplica\u00e7\u00f5es financeiras &#8211; <\/strong><a href=\"https:\/\/portais.santoandre.sp.gov.br\/educacao\/wp-content\/uploads\/sites\/17\/2025\/10\/Sintese-Aplic-Financeira-CPFP-Miguel-Arraes.pdf\" target=\"_blank\" rel=\"noreferrer noopener\">Clique Aqui<\/a><\/span><\/li>\n\n\n\n<li><span style=\"color: #000000\" class=\"stk-highlight\"><strong>Prestadores de servi\u00e7os Fornecedores &#8211; <\/strong><a href=\"https:\/\/portais.santoandre.sp.gov.br\/educacao\/wp-content\/uploads\/sites\/17\/2025\/10\/Prestadores-de-Servico-Fornecedores-CPFP-Miguel-Arraes.pdf\" target=\"_blank\" rel=\"noreferrer noopener\">Clique Aqui!<\/a><\/span><\/li>\n\n\n\n<li><span style=\"color: #000000\" class=\"stk-highlight\"><strong>S\u00edntese do relat\u00f3rio f\u00edsico-financeiro\u00a0de receitas e despesas &#8211; <\/strong><a href=\"https:\/\/portais.santoandre.sp.gov.br\/educacao\/wp-content\/uploads\/sites\/17\/2025\/10\/Sintese-de-Receita-e-Despesas-CPFP-Miguel-Arraes.pdf\" target=\"_blank\" rel=\"noreferrer noopener\">Clique Aqui!<\/a><\/span><\/li>\n\n\n\n<li><span style=\"color: #000000\" class=\"stk-highlight\"><strong>Plano de Trabalho \u2013 2024\/2025 &#8211; <\/strong><a href=\"https:\/\/portais.santoandre.sp.gov.br\/educacao\/wp-content\/uploads\/sites\/17\/2025\/10\/Plano-de-Trabalho-CPFP-Miguel-Arraes.pdf\" target=\"_blank\" rel=\"noreferrer noopener\">Clique Aqui!<\/a><\/span><\/li>\n\n\n\n<li><span style=\"color: #000000\" class=\"stk-highlight\"><strong>Termo Aditivo 2024\/2025<\/strong> &#8211; <a href=\"https:\/\/portais.santoandre.sp.gov.br\/educacao\/wp-content\/uploads\/sites\/17\/2025\/10\/Termo-Aditivo-CPFP-Miguel-Arraes.pdf\" target=\"_blank\" rel=\"noreferrer noopener\">Clique Aqui!<\/a><\/span><\/li>\n\n\n\n<li><span style=\"color: #000000\" class=\"stk-highlight\"><strong>Valores Repassados &#8211; <\/strong><a href=\"https:\/\/portais.santoandre.sp.gov.br\/educacao\/wp-content\/uploads\/sites\/17\/2025\/10\/valores-repassados-CPFP-M-Arraes.pdf\" target=\"_blank\" rel=\"noreferrer noopener\">Clique Aqui!<\/a><\/span><\/li>\n\n\n\n<li><span style=\"color: #000000\" class=\"stk-highlight\"><strong>Demonstrativo de Receitas e Despesas\u00a0&#8211; <\/strong><a href=\"https:\/\/portais.santoandre.sp.gov.br\/educacao\/wp-content\/uploads\/sites\/17\/2025\/10\/Demonstrativo-de-Receitas-e-Despesas-CPFP-Miguel-Arraes.pdf\" target=\"_blank\" rel=\"noreferrer noopener\">Clique Aqui!<\/a><\/span><\/li>\n\n\n\n<li><span style=\"color: #000000\" class=\"stk-highlight\"><strong>Remunera\u00e7\u00e3o individualizada dos Dirigentes &#8211; <\/strong><a href=\"https:\/\/portais.santoandre.sp.gov.br\/educacao\/wp-content\/uploads\/sites\/17\/2025\/10\/DN-CPFP-MIGUEL-ARRAES.pdf\" target=\"_blank\" rel=\"noreferrer noopener\">Clique Aqui!<\/a><\/span><\/li>\n\n\n\n<li><span style=\"color: #000000\" class=\"stk-highlight\"><strong>Manual de Compras: Aquisi\u00e7\u00f5es, Servi\u00e7os e Contrata\u00e7\u00e3o de Pessoal&nbsp; &#8211; <\/strong><a rel=\"noreferrer noopener\" href=\"https:\/\/santoandreedu-my.sharepoint.com\/:b:\/g\/personal\/siteeducacao_edu_santoandre_sp_gov_br\/EbCyXgOP03dJgncANnBvbhQBANwH59UnnrDPAhHbnvSQGQ?e=mAByFo\" target=\"_blank\">Clique Aqui!<\/a><\/span><\/li>\n\n\n\n<li><span style=\"color: #000000\" class=\"stk-highlight\"><strong>Estatuto <\/strong>&#8211; <a rel=\"noreferrer noopener\" href=\"https:\/\/santoandreedu-my.sharepoint.com\/:b:\/g\/personal\/siteeducacao_edu_santoandre_sp_gov_br\/EVg4MdxOtrZGswGQebv5MYYBbsBmzNtzwuVSfN-0BQVjYg?e=KJQbyc\" target=\"_blank\">Clique Aqui!<\/a><\/span><\/li>\n<\/ol>\n","protected":false},"excerpt":{"rendered":"","protected":false},"author":50,"featured_media":0,"parent":0,"menu_order":0,"comment_status":"closed","ping_status":"closed","template":"","meta":{"footnotes":""},"class_list":["post-10549","page","type-page","status-publish","hentry"],"_links":{"self":[{"href":"https:\/\/portais.santoandre.sp.gov.br\/educacao\/wp-json\/wp\/v2\/pages\/10549","targetHints":{"allow":["GET"]}}],"collection":[{"href":"https:\/\/portais.santoandre.sp.gov.br\/educacao\/wp-json\/wp\/v2\/pages"}],"about":[{"href":"https:\/\/portais.santoandre.sp.gov.br\/educacao\/wp-json\/wp\/v2\/types\/page"}],"author":[{"embeddable":true,"href":"https:\/\/portais.santoandre.sp.gov.br\/educacao\/wp-json\/wp\/v2\/users\/50"}],"replies":[{"embeddable":true,"href":"https:\/\/portais.santoandre.sp.gov.br\/educacao\/wp-json\/wp\/v2\/comments?post=10549"}],"version-history":[{"count":1,"href":"https:\/\/portais.santoandre.sp.gov.br\/educacao\/wp-json\/wp\/v2\/pages\/10549\/revisions"}],"predecessor-version":[{"id":10558,"href":"https:\/\/portais.santoandre.sp.gov.br\/educacao\/wp-json\/wp\/v2\/pages\/10549\/revisions\/10558"}],"wp:attachment":[{"href":"https:\/\/portais.santoandre.sp.gov.br\/educacao\/wp-json\/wp\/v2\/media?parent=10549"}],"curies":[{"name":"wp","href":"https:\/\/api.w.org\/{rel}","templated":true}]}}