{"id":3644,"date":"2026-02-19T14:36:48","date_gmt":"2026-02-19T17:36:48","guid":{"rendered":"https:\/\/portais.santoandre.sp.gov.br\/defesacivil\/?page_id=3644"},"modified":"2026-03-02T16:48:03","modified_gmt":"2026-03-02T19:48:03","slug":"produtos-perigosos","status":"publish","type":"page","link":"https:\/\/portais.santoandre.sp.gov.br\/defesacivil\/produtos-perigosos\/","title":{"rendered":"PRODUTOS PERIGOSOS"},"content":{"rendered":"\t\t<div data-elementor-type=\"wp-page\" data-elementor-id=\"3644\" class=\"elementor elementor-3644\" data-elementor-post-type=\"page\">\n\t\t\t\t\t\t<section class=\"elementor-section elementor-top-section elementor-element elementor-element-7720984 elementor-section-boxed elementor-section-height-default elementor-section-height-default\" data-id=\"7720984\" data-element_type=\"section\" data-e-type=\"section\">\n\t\t\t\t\t\t<div class=\"elementor-container elementor-column-gap-default\">\n\t\t\t\t\t<div class=\"elementor-column elementor-col-100 elementor-top-column elementor-element elementor-element-1b6d2b9\" data-id=\"1b6d2b9\" data-element_type=\"column\" data-e-type=\"column\">\n\t\t\t<div class=\"elementor-widget-wrap elementor-element-populated\">\n\t\t\t\t\t\t<div class=\"elementor-element elementor-element-785ce4f elementor-widget elementor-widget-text-editor\" data-id=\"785ce4f\" data-element_type=\"widget\" data-e-type=\"widget\" data-widget_type=\"text-editor.default\">\n\t\t\t\t<div class=\"elementor-widget-container\">\n\t\t\t\t\t\t\t\t\t<p>Agentes qu\u00edmicos s\u00e3o vapores venenosos, aeross\u00f3is, l\u00edquidos e s\u00f3lidos que t\u00eam efeitos t\u00f3xicos em pessoas, animais ou plantas quando inalados, tocados ou ingeridos.<\/p>\t\t\t\t\t\t\t\t<\/div>\n\t\t\t\t<\/div>\n\t\t\t\t\t<\/div>\n\t\t<\/div>\n\t\t\t\t\t<\/div>\n\t\t<\/section>\n\t\t\t\t<section class=\"elementor-section elementor-top-section elementor-element elementor-element-f605896 elementor-section-boxed elementor-section-height-default elementor-section-height-default\" data-id=\"f605896\" data-element_type=\"section\" data-e-type=\"section\">\n\t\t\t\t\t\t<div class=\"elementor-container elementor-column-gap-default\">\n\t\t\t\t\t<div class=\"elementor-column elementor-col-100 elementor-top-column elementor-element elementor-element-3e307c2\" data-id=\"3e307c2\" data-element_type=\"column\" data-e-type=\"column\">\n\t\t\t<div class=\"elementor-widget-wrap elementor-element-populated\">\n\t\t\t\t\t\t<div class=\"elementor-element elementor-element-8e95e89 elementor-widget elementor-widget-heading\" data-id=\"8e95e89\" data-element_type=\"widget\" data-e-type=\"widget\" data-widget_type=\"heading.default\">\n\t\t\t\t<div class=\"elementor-widget-container\">\n\t\t\t\t\t<h2 class=\"elementor-heading-title elementor-size-default\">FIQUE ALERTA<\/h2>\t\t\t\t<\/div>\n\t\t\t\t<\/div>\n\t\t\t\t\t<\/div>\n\t\t<\/div>\n\t\t\t\t\t<\/div>\n\t\t<\/section>\n\t\t\t\t<section class=\"elementor-section elementor-top-section elementor-element elementor-element-e242a33 elementor-section-boxed elementor-section-height-default elementor-section-height-default\" data-id=\"e242a33\" data-element_type=\"section\" data-e-type=\"section\">\n\t\t\t\t\t\t<div class=\"elementor-container elementor-column-gap-default\">\n\t\t\t\t\t<div class=\"elementor-column elementor-col-100 elementor-top-column elementor-element elementor-element-794eec4\" data-id=\"794eec4\" data-element_type=\"column\" data-e-type=\"column\">\n\t\t\t<div class=\"elementor-widget-wrap elementor-element-populated\">\n\t\t\t\t\t\t<div class=\"elementor-element elementor-element-4743509 elementor-widget elementor-widget-text-editor\" data-id=\"4743509\" data-element_type=\"widget\" data-e-type=\"widget\" data-widget_type=\"text-editor.default\">\n\t\t\t\t<div class=\"elementor-widget-container\">\n\t\t\t\t\t\t\t\t\t<ul><li>Um acidente com produtos perigosos ocorre de repente, desde a ingest\u00e3o de um produto de limpeza por uma crian\u00e7a at\u00e9 o vazamento de um agente t\u00f3xico, que pode ser observado pela presen\u00e7a de insetos ou aves mortas. Os sinais de intoxica\u00e7\u00e3o incluem dificuldade em respirar, irrita\u00e7\u00e3o nos olhos, perda de coordena\u00e7\u00e3o, n\u00e1usea e queima\u00e7\u00e3o no nariz, garganta e pulm\u00f5es.<\/li><\/ul>\t\t\t\t\t\t\t\t<\/div>\n\t\t\t\t<\/div>\n\t\t\t\t\t<\/div>\n\t\t<\/div>\n\t\t\t\t\t<\/div>\n\t\t<\/section>\n\t\t\t\t<section class=\"elementor-section elementor-top-section elementor-element elementor-element-7719718 elementor-section-boxed elementor-section-height-default elementor-section-height-default\" data-id=\"7719718\" data-element_type=\"section\" data-e-type=\"section\">\n\t\t\t\t\t\t<div class=\"elementor-container elementor-column-gap-default\">\n\t\t\t\t\t<div class=\"elementor-column elementor-col-100 elementor-top-column elementor-element elementor-element-7533d67\" data-id=\"7533d67\" data-element_type=\"column\" data-e-type=\"column\">\n\t\t\t<div class=\"elementor-widget-wrap elementor-element-populated\">\n\t\t\t\t\t\t<div class=\"elementor-element elementor-element-6519c2c elementor-widget elementor-widget-heading\" data-id=\"6519c2c\" data-element_type=\"widget\" data-e-type=\"widget\" data-widget_type=\"heading.default\">\n\t\t\t\t<div class=\"elementor-widget-container\">\n\t\t\t\t\t<h2 class=\"elementor-heading-title elementor-size-default\">O QUE FAZER ANTES<\/h2>\t\t\t\t<\/div>\n\t\t\t\t<\/div>\n\t\t\t\t\t<\/div>\n\t\t<\/div>\n\t\t\t\t\t<\/div>\n\t\t<\/section>\n\t\t\t\t<section class=\"elementor-section elementor-top-section elementor-element elementor-element-2b48035 elementor-section-boxed elementor-section-height-default elementor-section-height-default\" data-id=\"2b48035\" data-element_type=\"section\" data-e-type=\"section\">\n\t\t\t\t\t\t<div class=\"elementor-container elementor-column-gap-default\">\n\t\t\t\t\t<div class=\"elementor-column elementor-col-100 elementor-top-column elementor-element elementor-element-8df565a\" data-id=\"8df565a\" data-element_type=\"column\" data-e-type=\"column\">\n\t\t\t<div class=\"elementor-widget-wrap elementor-element-populated\">\n\t\t\t\t\t\t<div class=\"elementor-element elementor-element-2c65a76 elementor-widget elementor-widget-text-editor\" data-id=\"2c65a76\" data-element_type=\"widget\" data-e-type=\"widget\" data-widget_type=\"text-editor.default\">\n\t\t\t\t<div class=\"elementor-widget-container\">\n\t\t\t\t\t\t\t\t\t<ul class=\"wp-block-list\"><li>Realize periodicamente manuten\u00e7\u00e3o nos sistemas a g\u00e1s;<\/li><li>N\u00e3o armazene combust\u00edveis, \u00e1cidos, explosivos e agrot\u00f3xicos;<\/li><li>Produtos de limpeza, venenos e medicamentos devem ser guardados em locais altos, longe do acesso de crian\u00e7as e animais.<\/li><\/ul>\t\t\t\t\t\t\t\t<\/div>\n\t\t\t\t<\/div>\n\t\t\t\t\t<\/div>\n\t\t<\/div>\n\t\t\t\t\t<\/div>\n\t\t<\/section>\n\t\t\t\t<section class=\"elementor-section elementor-top-section elementor-element elementor-element-6b85667 elementor-section-boxed elementor-section-height-default elementor-section-height-default\" data-id=\"6b85667\" data-element_type=\"section\" data-e-type=\"section\">\n\t\t\t\t\t\t<div class=\"elementor-container elementor-column-gap-default\">\n\t\t\t\t\t<div class=\"elementor-column elementor-col-100 elementor-top-column elementor-element elementor-element-33341f1\" data-id=\"33341f1\" data-element_type=\"column\" data-e-type=\"column\">\n\t\t\t<div class=\"elementor-widget-wrap elementor-element-populated\">\n\t\t\t\t\t\t<div class=\"elementor-element elementor-element-3fd656c elementor-widget elementor-widget-heading\" data-id=\"3fd656c\" data-element_type=\"widget\" data-e-type=\"widget\" data-widget_type=\"heading.default\">\n\t\t\t\t<div class=\"elementor-widget-container\">\n\t\t\t\t\t<h2 class=\"elementor-heading-title elementor-size-default\">O QUE FAZER DURANTE<\/h2>\t\t\t\t<\/div>\n\t\t\t\t<\/div>\n\t\t\t\t\t<\/div>\n\t\t<\/div>\n\t\t\t\t\t<\/div>\n\t\t<\/section>\n\t\t\t\t<section class=\"elementor-section elementor-top-section elementor-element elementor-element-0fb462d elementor-section-boxed elementor-section-height-default elementor-section-height-default\" data-id=\"0fb462d\" data-element_type=\"section\" data-e-type=\"section\">\n\t\t\t\t\t\t<div class=\"elementor-container elementor-column-gap-default\">\n\t\t\t\t\t<div class=\"elementor-column elementor-col-100 elementor-top-column elementor-element elementor-element-c0ecd23\" data-id=\"c0ecd23\" data-element_type=\"column\" data-e-type=\"column\">\n\t\t\t<div class=\"elementor-widget-wrap elementor-element-populated\">\n\t\t\t\t\t\t<div class=\"elementor-element elementor-element-7da6a96 elementor-widget elementor-widget-text-editor\" data-id=\"7da6a96\" data-element_type=\"widget\" data-e-type=\"widget\" data-widget_type=\"text-editor.default\">\n\t\t\t\t<div class=\"elementor-widget-container\">\n\t\t\t\t\t\t\t\t\t<ul><li>Deixe o local afetado imediatamente, na dire\u00e7\u00e3o contra o vento;<\/li><li>N\u00e3o toque e nem pise sem equipamento apropriado em nenhum produto qu\u00edmico;<\/li><li>Se estiver fora de casa, em um local seguro (escola\/trabalho), permane\u00e7a onde est\u00e1 e avise sua fam\u00edlia que est\u00e1 em seguran\u00e7a;<\/li><li>Mantenha os animais longe dos res\u00edduos t\u00f3xicos.<\/li><\/ul><p><strong>Caso receba instru\u00e7\u00f5es para permanecer em casa\/trabalho:<\/strong><\/p><ul><li>Feche as portas e janelas, selando-as com fita adesiva e pl\u00e1stico, e desligue toda a ventila\u00e7\u00e3o, incluindo fornos, ar-condicionado e ventiladores;<\/li><li>Procure abrigo em uma sala interna com seu kit de suprimentos para desastres;<\/li><li>Ou\u00e7a as not\u00edcias locais para obter informa\u00e7\u00f5es.<\/li><\/ul><p><strong>Caso esteja dentro ou perto de uma \u00e1rea contaminada ao ar livre:<\/strong><\/p><ul><li>Decida rapidamente qual a maneira mais r\u00e1pida de encontrar ar limpo;<\/li><li>Deixe o local afetado imediatamente, na dire\u00e7\u00e3o contra o vento.<\/li><\/ul>\t\t\t\t\t\t\t\t<\/div>\n\t\t\t\t<\/div>\n\t\t\t\t\t<\/div>\n\t\t<\/div>\n\t\t\t\t\t<\/div>\n\t\t<\/section>\n\t\t\t\t<section class=\"elementor-section elementor-top-section elementor-element elementor-element-f432745 elementor-section-boxed elementor-section-height-default elementor-section-height-default\" data-id=\"f432745\" data-element_type=\"section\" data-e-type=\"section\">\n\t\t\t\t\t\t<div class=\"elementor-container elementor-column-gap-default\">\n\t\t\t\t\t<div class=\"elementor-column elementor-col-100 elementor-top-column elementor-element elementor-element-6af222e\" data-id=\"6af222e\" data-element_type=\"column\" data-e-type=\"column\">\n\t\t\t<div class=\"elementor-widget-wrap elementor-element-populated\">\n\t\t\t\t\t\t<div class=\"elementor-element elementor-element-ca9d6c9 elementor-widget elementor-widget-heading\" data-id=\"ca9d6c9\" data-element_type=\"widget\" data-e-type=\"widget\" data-widget_type=\"heading.default\">\n\t\t\t\t<div class=\"elementor-widget-container\">\n\t\t\t\t\t<h2 class=\"elementor-heading-title elementor-size-default\">O QUE FAZER DEPOIS<\/h2>\t\t\t\t<\/div>\n\t\t\t\t<\/div>\n\t\t\t\t\t<\/div>\n\t\t<\/div>\n\t\t\t\t\t<\/div>\n\t\t<\/section>\n\t\t\t\t<section class=\"elementor-section elementor-top-section elementor-element elementor-element-6478d4b elementor-section-boxed elementor-section-height-default elementor-section-height-default\" data-id=\"6478d4b\" data-element_type=\"section\" data-e-type=\"section\">\n\t\t\t\t\t\t<div class=\"elementor-container elementor-column-gap-default\">\n\t\t\t\t\t<div class=\"elementor-column elementor-col-100 elementor-top-column elementor-element elementor-element-c21f047\" data-id=\"c21f047\" data-element_type=\"column\" data-e-type=\"column\">\n\t\t\t<div class=\"elementor-widget-wrap elementor-element-populated\">\n\t\t\t\t\t\t<div class=\"elementor-element elementor-element-6875aa1 elementor-widget elementor-widget-text-editor\" data-id=\"6875aa1\" data-element_type=\"widget\" data-e-type=\"widget\" data-widget_type=\"text-editor.default\">\n\t\t\t\t<div class=\"elementor-widget-container\">\n\t\t\t\t\t\t\t\t\t<p><strong>Em caso de contato com algum produto t\u00f3xico, procure ajuda m\u00e9dica o mais breve poss\u00edvel;<\/strong><\/p><ul><li>Retorne ao local somente quando estiver totalmente seguro;<\/li><li>N\u00e3o toque e nem pise sem equipamento apropriado em nenhum produto qu\u00edmico.<\/li><\/ul>\t\t\t\t\t\t\t\t<\/div>\n\t\t\t\t<\/div>\n\t\t\t\t\t<\/div>\n\t\t<\/div>\n\t\t\t\t\t<\/div>\n\t\t<\/section>\n\t\t\t\t<section class=\"elementor-section elementor-top-section elementor-element elementor-element-f1978a2 elementor-section-boxed elementor-section-height-default elementor-section-height-default\" data-id=\"f1978a2\" data-element_type=\"section\" data-e-type=\"section\">\n\t\t\t\t\t\t<div class=\"elementor-container elementor-column-gap-default\">\n\t\t\t\t\t<div class=\"elementor-column elementor-col-100 elementor-top-column elementor-element elementor-element-b966283\" data-id=\"b966283\" data-element_type=\"column\" data-e-type=\"column\">\n\t\t\t<div class=\"elementor-widget-wrap elementor-element-populated\">\n\t\t\t\t\t\t<div class=\"elementor-element elementor-element-ae738d4 elementor-align-right elementor-widget elementor-widget-button\" data-id=\"ae738d4\" data-element_type=\"widget\" data-e-type=\"widget\" data-widget_type=\"button.default\">\n\t\t\t\t<div class=\"elementor-widget-container\">\n\t\t\t\t\t\t\t\t\t<div class=\"elementor-button-wrapper\">\n\t\t\t\t\t<a class=\"elementor-button elementor-button-link elementor-size-sm\" href=\"https:\/\/portais.santoandre.sp.gov.br\/defesacivil\/vendaval\/\">\n\t\t\t\t\t\t<span class=\"elementor-button-content-wrapper\">\n\t\t\t\t\t\t\t\t\t<span class=\"elementor-button-text\">Pr\u00f3ximo &gt;<\/span>\n\t\t\t\t\t<\/span>\n\t\t\t\t\t<\/a>\n\t\t\t\t<\/div>\n\t\t\t\t\t\t\t\t<\/div>\n\t\t\t\t<\/div>\n\t\t\t\t\t<\/div>\n\t\t<\/div>\n\t\t\t\t\t<\/div>\n\t\t<\/section>\n\t\t\t\t<\/div>\n\t\t","protected":false},"excerpt":{"rendered":"<p>Agentes qu\u00edmicos s\u00e3o vapores venenosos, aeross\u00f3is, l\u00edquidos e s\u00f3lidos que t\u00eam efeitos t\u00f3xicos em pessoas, animais ou plantas quando inalados, tocados ou ingeridos. FIQUE ALERTA Um acidente com produtos perigosos ocorre de repente, desde a ingest\u00e3o de um produto de limpeza por uma crian\u00e7a at\u00e9 o vazamento de um agente t\u00f3xico, que pode ser observado [&hellip;]<\/p>\n","protected":false},"author":92,"featured_media":0,"parent":0,"menu_order":0,"comment_status":"closed","ping_status":"closed","template":"","meta":{"footnotes":""},"class_list":["post-3644","page","type-page","status-publish","hentry"],"_links":{"self":[{"href":"https:\/\/portais.santoandre.sp.gov.br\/defesacivil\/wp-json\/wp\/v2\/pages\/3644","targetHints":{"allow":["GET"]}}],"collection":[{"href":"https:\/\/portais.santoandre.sp.gov.br\/defesacivil\/wp-json\/wp\/v2\/pages"}],"about":[{"href":"https:\/\/portais.santoandre.sp.gov.br\/defesacivil\/wp-json\/wp\/v2\/types\/page"}],"author":[{"embeddable":true,"href":"https:\/\/portais.santoandre.sp.gov.br\/defesacivil\/wp-json\/wp\/v2\/users\/92"}],"replies":[{"embeddable":true,"href":"https:\/\/portais.santoandre.sp.gov.br\/defesacivil\/wp-json\/wp\/v2\/comments?post=3644"}],"version-history":[{"count":14,"href":"https:\/\/portais.santoandre.sp.gov.br\/defesacivil\/wp-json\/wp\/v2\/pages\/3644\/revisions"}],"predecessor-version":[{"id":4399,"href":"https:\/\/portais.santoandre.sp.gov.br\/defesacivil\/wp-json\/wp\/v2\/pages\/3644\/revisions\/4399"}],"wp:attachment":[{"href":"https:\/\/portais.santoandre.sp.gov.br\/defesacivil\/wp-json\/wp\/v2\/media?parent=3644"}],"curies":[{"name":"wp","href":"https:\/\/api.w.org\/{rel}","templated":true}]}}