{"id":3639,"date":"2026-02-19T14:35:21","date_gmt":"2026-02-19T17:35:21","guid":{"rendered":"https:\/\/portais.santoandre.sp.gov.br\/defesacivil\/?page_id=3639"},"modified":"2026-03-02T16:49:10","modified_gmt":"2026-03-02T19:49:10","slug":"incendios-florestais","status":"publish","type":"page","link":"https:\/\/portais.santoandre.sp.gov.br\/defesacivil\/incendios-florestais\/","title":{"rendered":"INC\u00caNDIOS FLORESTAIS"},"content":{"rendered":"\t\t<div data-elementor-type=\"wp-page\" data-elementor-id=\"3639\" class=\"elementor elementor-3639\" data-elementor-post-type=\"page\">\n\t\t\t\t\t\t<section class=\"elementor-section elementor-top-section elementor-element elementor-element-7720984 elementor-section-boxed elementor-section-height-default elementor-section-height-default\" data-id=\"7720984\" data-element_type=\"section\" data-e-type=\"section\">\n\t\t\t\t\t\t<div class=\"elementor-container elementor-column-gap-default\">\n\t\t\t\t\t<div class=\"elementor-column elementor-col-100 elementor-top-column elementor-element elementor-element-1b6d2b9\" data-id=\"1b6d2b9\" data-element_type=\"column\" data-e-type=\"column\">\n\t\t\t<div class=\"elementor-widget-wrap elementor-element-populated\">\n\t\t\t\t\t\t<div class=\"elementor-element elementor-element-785ce4f elementor-widget elementor-widget-text-editor\" data-id=\"785ce4f\" data-element_type=\"widget\" data-e-type=\"widget\" data-widget_type=\"text-editor.default\">\n\t\t\t\t<div class=\"elementor-widget-container\">\n\t\t\t\t\t\t\t\t\t<p>Atualmente, os inc\u00eandios florestais s\u00e3o considerados uma das maiores amea\u00e7as \u00e0 biodiversidade e conserva\u00e7\u00e3o ambiental, causando a morte de animais silvestres, prejudicando a vegeta\u00e7\u00e3o, aumentando a polui\u00e7\u00e3o do ar, diminuindo a fertilidade do solo, al\u00e9m de apresentarem risco de acidentes de queimaduras com v\u00edtimas e afetarem a sa\u00fade da popula\u00e7\u00e3o. Estudos apontam que a maior parte dos inc\u00eandios florestais \u00e9 decorrente de a\u00e7\u00e3o antr\u00f3pica \u2013 causados pelo homem, de maneira acidental ou intencional \u2013, entre eles, al\u00e9m das queimadas para fins agr\u00edcolas, queima de lixo, fogueiras e bal\u00f5es.<\/p>\t\t\t\t\t\t\t\t<\/div>\n\t\t\t\t<\/div>\n\t\t\t\t\t<\/div>\n\t\t<\/div>\n\t\t\t\t\t<\/div>\n\t\t<\/section>\n\t\t\t\t<section class=\"elementor-section elementor-top-section elementor-element elementor-element-f605896 elementor-section-boxed elementor-section-height-default elementor-section-height-default\" data-id=\"f605896\" data-element_type=\"section\" data-e-type=\"section\">\n\t\t\t\t\t\t<div class=\"elementor-container elementor-column-gap-default\">\n\t\t\t\t\t<div class=\"elementor-column elementor-col-100 elementor-top-column elementor-element elementor-element-3e307c2\" data-id=\"3e307c2\" data-element_type=\"column\" data-e-type=\"column\">\n\t\t\t<div class=\"elementor-widget-wrap elementor-element-populated\">\n\t\t\t\t\t\t<div class=\"elementor-element elementor-element-8e95e89 elementor-widget elementor-widget-heading\" data-id=\"8e95e89\" data-element_type=\"widget\" data-e-type=\"widget\" data-widget_type=\"heading.default\">\n\t\t\t\t<div class=\"elementor-widget-container\">\n\t\t\t\t\t<h2 class=\"elementor-heading-title elementor-size-default\">FIQUE ALERTA<\/h2>\t\t\t\t<\/div>\n\t\t\t\t<\/div>\n\t\t\t\t\t<\/div>\n\t\t<\/div>\n\t\t\t\t\t<\/div>\n\t\t<\/section>\n\t\t\t\t<section class=\"elementor-section elementor-top-section elementor-element elementor-element-e242a33 elementor-section-boxed elementor-section-height-default elementor-section-height-default\" data-id=\"e242a33\" data-element_type=\"section\" data-e-type=\"section\">\n\t\t\t\t\t\t<div class=\"elementor-container elementor-column-gap-default\">\n\t\t\t\t\t<div class=\"elementor-column elementor-col-100 elementor-top-column elementor-element elementor-element-794eec4\" data-id=\"794eec4\" data-element_type=\"column\" data-e-type=\"column\">\n\t\t\t<div class=\"elementor-widget-wrap elementor-element-populated\">\n\t\t\t\t\t\t<div class=\"elementor-element elementor-element-4743509 elementor-widget elementor-widget-text-editor\" data-id=\"4743509\" data-element_type=\"widget\" data-e-type=\"widget\" data-widget_type=\"text-editor.default\">\n\t\t\t\t<div class=\"elementor-widget-container\">\n\t\t\t\t\t\t\t\t\t<ul><li>As queimadas emitem gases t\u00f3xicos que prejudicam o meio ambiente e a sa\u00fade humana, causando problemas no sistema respirat\u00f3rio e desordens cardiovasculares;<\/li><li>N\u00e3o fa\u00e7a queimada para limpeza de terreno ou para destrui\u00e7\u00e3o de lixo, optando sempre pelo descarte no lugar indicado;<\/li><li>N\u00e3o jogue cigarros ou f\u00f3sforos acesos \u00e0s margens de rodovias;<\/li><li>A soltura de bal\u00f5es, al\u00e9m de ser crime, pode provocar acidentes a\u00e9reos e inc\u00eandios;<\/li><li>Inc\u00eandios florestais podem causar interrup\u00e7\u00e3o no transporte p\u00fablico, na distribui\u00e7\u00e3o de energia el\u00e9trica e nas redes de comunica\u00e7\u00e3o.<\/li><\/ul>\t\t\t\t\t\t\t\t<\/div>\n\t\t\t\t<\/div>\n\t\t\t\t\t<\/div>\n\t\t<\/div>\n\t\t\t\t\t<\/div>\n\t\t<\/section>\n\t\t\t\t<section class=\"elementor-section elementor-top-section elementor-element elementor-element-7719718 elementor-section-boxed elementor-section-height-default elementor-section-height-default\" data-id=\"7719718\" data-element_type=\"section\" data-e-type=\"section\">\n\t\t\t\t\t\t<div class=\"elementor-container elementor-column-gap-default\">\n\t\t\t\t\t<div class=\"elementor-column elementor-col-100 elementor-top-column elementor-element elementor-element-7533d67\" data-id=\"7533d67\" data-element_type=\"column\" data-e-type=\"column\">\n\t\t\t<div class=\"elementor-widget-wrap elementor-element-populated\">\n\t\t\t\t\t\t<div class=\"elementor-element elementor-element-6519c2c elementor-widget elementor-widget-heading\" data-id=\"6519c2c\" data-element_type=\"widget\" data-e-type=\"widget\" data-widget_type=\"heading.default\">\n\t\t\t\t<div class=\"elementor-widget-container\">\n\t\t\t\t\t<h2 class=\"elementor-heading-title elementor-size-default\">O QUE FAZER DURANTE<\/h2>\t\t\t\t<\/div>\n\t\t\t\t<\/div>\n\t\t\t\t\t<\/div>\n\t\t<\/div>\n\t\t\t\t\t<\/div>\n\t\t<\/section>\n\t\t\t\t<section class=\"elementor-section elementor-top-section elementor-element elementor-element-2b48035 elementor-section-boxed elementor-section-height-default elementor-section-height-default\" data-id=\"2b48035\" data-element_type=\"section\" data-e-type=\"section\">\n\t\t\t\t\t\t<div class=\"elementor-container elementor-column-gap-default\">\n\t\t\t\t\t<div class=\"elementor-column elementor-col-100 elementor-top-column elementor-element elementor-element-8df565a\" data-id=\"8df565a\" data-element_type=\"column\" data-e-type=\"column\">\n\t\t\t<div class=\"elementor-widget-wrap elementor-element-populated\">\n\t\t\t\t\t\t<div class=\"elementor-element elementor-element-2c65a76 elementor-widget elementor-widget-text-editor\" data-id=\"2c65a76\" data-element_type=\"widget\" data-e-type=\"widget\" data-widget_type=\"text-editor.default\">\n\t\t\t\t<div class=\"elementor-widget-container\">\n\t\t\t\t\t\t\t\t\t<ul class=\"wp-block-list\"><li>Ao avistar fuma\u00e7a suspeita ou fogo de inc\u00eandio em mata, informe imediatamente o Corpo de Bombeiros (193).<\/li><\/ul>\t\t\t\t\t\t\t\t<\/div>\n\t\t\t\t<\/div>\n\t\t\t\t\t<\/div>\n\t\t<\/div>\n\t\t\t\t\t<\/div>\n\t\t<\/section>\n\t\t\t\t<section class=\"elementor-section elementor-top-section elementor-element elementor-element-f1978a2 elementor-section-boxed elementor-section-height-default elementor-section-height-default\" data-id=\"f1978a2\" data-element_type=\"section\" data-e-type=\"section\">\n\t\t\t\t\t\t<div class=\"elementor-container elementor-column-gap-default\">\n\t\t\t\t\t<div class=\"elementor-column elementor-col-100 elementor-top-column elementor-element elementor-element-b966283\" data-id=\"b966283\" data-element_type=\"column\" data-e-type=\"column\">\n\t\t\t<div class=\"elementor-widget-wrap elementor-element-populated\">\n\t\t\t\t\t\t<div class=\"elementor-element elementor-element-ae738d4 elementor-align-right elementor-widget elementor-widget-button\" data-id=\"ae738d4\" data-element_type=\"widget\" data-e-type=\"widget\" data-widget_type=\"button.default\">\n\t\t\t\t<div class=\"elementor-widget-container\">\n\t\t\t\t\t\t\t\t\t<div class=\"elementor-button-wrapper\">\n\t\t\t\t\t<a class=\"elementor-button elementor-button-link elementor-size-sm\" href=\"https:\/\/portais.santoandre.sp.gov.br\/defesacivil\/afogamento\/\">\n\t\t\t\t\t\t<span class=\"elementor-button-content-wrapper\">\n\t\t\t\t\t\t\t\t\t<span class=\"elementor-button-text\">Pr\u00f3ximo &gt;<\/span>\n\t\t\t\t\t<\/span>\n\t\t\t\t\t<\/a>\n\t\t\t\t<\/div>\n\t\t\t\t\t\t\t\t<\/div>\n\t\t\t\t<\/div>\n\t\t\t\t\t<\/div>\n\t\t<\/div>\n\t\t\t\t\t<\/div>\n\t\t<\/section>\n\t\t\t\t<\/div>\n\t\t","protected":false},"excerpt":{"rendered":"<p>Atualmente, os inc\u00eandios florestais s\u00e3o considerados uma das maiores amea\u00e7as \u00e0 biodiversidade e conserva\u00e7\u00e3o ambiental, causando a morte de animais silvestres, prejudicando a vegeta\u00e7\u00e3o, aumentando a polui\u00e7\u00e3o do ar, diminuindo a fertilidade do solo, al\u00e9m de apresentarem risco de acidentes de queimaduras com v\u00edtimas e afetarem a sa\u00fade da popula\u00e7\u00e3o. Estudos apontam que a maior [&hellip;]<\/p>\n","protected":false},"author":92,"featured_media":0,"parent":0,"menu_order":0,"comment_status":"closed","ping_status":"closed","template":"","meta":{"footnotes":""},"class_list":["post-3639","page","type-page","status-publish","hentry"],"_links":{"self":[{"href":"https:\/\/portais.santoandre.sp.gov.br\/defesacivil\/wp-json\/wp\/v2\/pages\/3639","targetHints":{"allow":["GET"]}}],"collection":[{"href":"https:\/\/portais.santoandre.sp.gov.br\/defesacivil\/wp-json\/wp\/v2\/pages"}],"about":[{"href":"https:\/\/portais.santoandre.sp.gov.br\/defesacivil\/wp-json\/wp\/v2\/types\/page"}],"author":[{"embeddable":true,"href":"https:\/\/portais.santoandre.sp.gov.br\/defesacivil\/wp-json\/wp\/v2\/users\/92"}],"replies":[{"embeddable":true,"href":"https:\/\/portais.santoandre.sp.gov.br\/defesacivil\/wp-json\/wp\/v2\/comments?post=3639"}],"version-history":[{"count":20,"href":"https:\/\/portais.santoandre.sp.gov.br\/defesacivil\/wp-json\/wp\/v2\/pages\/3639\/revisions"}],"predecessor-version":[{"id":4405,"href":"https:\/\/portais.santoandre.sp.gov.br\/defesacivil\/wp-json\/wp\/v2\/pages\/3639\/revisions\/4405"}],"wp:attachment":[{"href":"https:\/\/portais.santoandre.sp.gov.br\/defesacivil\/wp-json\/wp\/v2\/media?parent=3639"}],"curies":[{"name":"wp","href":"https:\/\/api.w.org\/{rel}","templated":true}]}}