{"id":3587,"date":"2026-02-19T16:27:10","date_gmt":"2026-02-19T19:27:10","guid":{"rendered":"https:\/\/portais.santoandre.sp.gov.br\/defesacivil\/?page_id=3587"},"modified":"2026-03-02T16:37:40","modified_gmt":"2026-03-02T19:37:40","slug":"tempestades-raios-e-granizo-2","status":"publish","type":"page","link":"https:\/\/portais.santoandre.sp.gov.br\/defesacivil\/tempestades-raios-e-granizo-2\/","title":{"rendered":"TEMPESTADES, RAIOS E GRANIZO"},"content":{"rendered":"\t\t<div data-elementor-type=\"wp-page\" data-elementor-id=\"3587\" class=\"elementor elementor-3587\" data-elementor-post-type=\"page\">\n\t\t\t\t\t\t<section class=\"elementor-section elementor-top-section elementor-element elementor-element-7720984 elementor-section-boxed elementor-section-height-default elementor-section-height-default\" data-id=\"7720984\" data-element_type=\"section\" data-e-type=\"section\">\n\t\t\t\t\t\t<div class=\"elementor-container elementor-column-gap-default\">\n\t\t\t\t\t<div class=\"elementor-column elementor-col-100 elementor-top-column elementor-element elementor-element-1b6d2b9\" data-id=\"1b6d2b9\" data-element_type=\"column\" data-e-type=\"column\">\n\t\t\t<div class=\"elementor-widget-wrap elementor-element-populated\">\n\t\t\t\t\t\t<div class=\"elementor-element elementor-element-785ce4f elementor-widget elementor-widget-text-editor\" data-id=\"785ce4f\" data-element_type=\"widget\" data-e-type=\"widget\" data-widget_type=\"text-editor.default\">\n\t\t\t\t<div class=\"elementor-widget-container\">\n\t\t\t\t\t\t\t\t\t<p>Tempestades s\u00e3o marcadas por ventos fortes e intensa precipita\u00e7\u00e3o. S\u00e3o caracter\u00edsticas do ver\u00e3o, podendo vir acompanhadas de trovoadas e raios, que s\u00e3o uma das principais causas de les\u00f5es e morte devido a riscos relacionados ao clima.<\/p>\t\t\t\t\t\t\t\t<\/div>\n\t\t\t\t<\/div>\n\t\t\t\t\t<\/div>\n\t\t<\/div>\n\t\t\t\t\t<\/div>\n\t\t<\/section>\n\t\t\t\t<section class=\"elementor-section elementor-top-section elementor-element elementor-element-f605896 elementor-section-boxed elementor-section-height-default elementor-section-height-default\" data-id=\"f605896\" data-element_type=\"section\" data-e-type=\"section\">\n\t\t\t\t\t\t<div class=\"elementor-container elementor-column-gap-default\">\n\t\t\t\t\t<div class=\"elementor-column elementor-col-100 elementor-top-column elementor-element elementor-element-3e307c2\" data-id=\"3e307c2\" data-element_type=\"column\" data-e-type=\"column\">\n\t\t\t<div class=\"elementor-widget-wrap elementor-element-populated\">\n\t\t\t\t\t\t<div class=\"elementor-element elementor-element-8e95e89 elementor-widget elementor-widget-heading\" data-id=\"8e95e89\" data-element_type=\"widget\" data-e-type=\"widget\" data-widget_type=\"heading.default\">\n\t\t\t\t<div class=\"elementor-widget-container\">\n\t\t\t\t\t<h2 class=\"elementor-heading-title elementor-size-default\">O QUE FAZER ANTES<\/h2>\t\t\t\t<\/div>\n\t\t\t\t<\/div>\n\t\t\t\t\t<\/div>\n\t\t<\/div>\n\t\t\t\t\t<\/div>\n\t\t<\/section>\n\t\t\t\t<section class=\"elementor-section elementor-top-section elementor-element elementor-element-16c8bf1 elementor-section-boxed elementor-section-height-default elementor-section-height-default\" data-id=\"16c8bf1\" data-element_type=\"section\" data-e-type=\"section\">\n\t\t\t\t\t\t<div class=\"elementor-container elementor-column-gap-default\">\n\t\t\t\t\t<div class=\"elementor-column elementor-col-100 elementor-top-column elementor-element elementor-element-64a3490\" data-id=\"64a3490\" data-element_type=\"column\" data-e-type=\"column\">\n\t\t\t<div class=\"elementor-widget-wrap elementor-element-populated\">\n\t\t\t\t\t\t<div class=\"elementor-element elementor-element-d7ca0e1 elementor-widget elementor-widget-text-editor\" data-id=\"d7ca0e1\" data-element_type=\"widget\" data-e-type=\"widget\" data-widget_type=\"text-editor.default\">\n\t\t\t\t<div class=\"elementor-widget-container\">\n\t\t\t\t\t\t\t\t\t<ul class=\"wp-block-list\"><li>Conhe\u00e7a o risco da sua regi\u00e3o para tempestades. Na maioria dos lugares, elas podem ocorrer durante todo o ano e a qualquer hora;<\/li><li>Conclua constru\u00e7\u00f5es mal-acabadas;<\/li><li>Evite cobrir edifica\u00e7\u00f5es com telhas de zinco, pois s\u00e3o danificadas mais facilmente pelas chuvas;<\/li><li>Fa\u00e7a manuten\u00e7\u00e3o no madeiramento do telhado, para n\u00e3o ocorrer destelhamento em raz\u00e3o de chuvas;<\/li><li>Considere comprar para-raios ou um sistema contra raios para proteger sua casa, eletrodom\u00e9sticos e dispositivos eletr\u00f4nicos;<\/li><li>Preste aten\u00e7\u00e3o aos boletins meteorol\u00f3gicos e avisos de tempestades. Esteja pronto para alterar seus planos e, se necess\u00e1rio, estar perto de abrigo;<\/li><li>Ao ser noticiado sobre chuva de granizo, deixe o ve\u00edculo em local coberto, para evitar danos na lataria e nos vidros;<\/li><li>Durante esses eventos, podem ocorrer congestionamentos no tr\u00e2nsito, alagamentos, quedas de \u00e1rvores, interrup\u00e7\u00e3o na rede el\u00e9trica, destelhamentos e danos \u00e0s planta\u00e7\u00f5es.<\/li><\/ul>\t\t\t\t\t\t\t\t<\/div>\n\t\t\t\t<\/div>\n\t\t\t\t\t<\/div>\n\t\t<\/div>\n\t\t\t\t\t<\/div>\n\t\t<\/section>\n\t\t\t\t<section class=\"elementor-section elementor-top-section elementor-element elementor-element-7719718 elementor-section-boxed elementor-section-height-default elementor-section-height-default\" data-id=\"7719718\" data-element_type=\"section\" data-e-type=\"section\">\n\t\t\t\t\t\t<div class=\"elementor-container elementor-column-gap-default\">\n\t\t\t\t\t<div class=\"elementor-column elementor-col-100 elementor-top-column elementor-element elementor-element-7533d67\" data-id=\"7533d67\" data-element_type=\"column\" data-e-type=\"column\">\n\t\t\t<div class=\"elementor-widget-wrap elementor-element-populated\">\n\t\t\t\t\t\t<div class=\"elementor-element elementor-element-6519c2c elementor-widget elementor-widget-heading\" data-id=\"6519c2c\" data-element_type=\"widget\" data-e-type=\"widget\" data-widget_type=\"heading.default\">\n\t\t\t\t<div class=\"elementor-widget-container\">\n\t\t\t\t\t<h2 class=\"elementor-heading-title elementor-size-default\">O QUE FAZER DURANTE<\/h2>\t\t\t\t<\/div>\n\t\t\t\t<\/div>\n\t\t\t\t\t<\/div>\n\t\t<\/div>\n\t\t\t\t\t<\/div>\n\t\t<\/section>\n\t\t\t\t<section class=\"elementor-section elementor-top-section elementor-element elementor-element-2b48035 elementor-section-boxed elementor-section-height-default elementor-section-height-default\" data-id=\"2b48035\" data-element_type=\"section\" data-e-type=\"section\">\n\t\t\t\t\t\t<div class=\"elementor-container elementor-column-gap-default\">\n\t\t\t\t\t<div class=\"elementor-column elementor-col-100 elementor-top-column elementor-element elementor-element-8df565a\" data-id=\"8df565a\" data-element_type=\"column\" data-e-type=\"column\">\n\t\t\t<div class=\"elementor-widget-wrap elementor-element-populated\">\n\t\t\t\t\t\t<div class=\"elementor-element elementor-element-2c65a76 elementor-widget elementor-widget-text-editor\" data-id=\"2c65a76\" data-element_type=\"widget\" data-e-type=\"widget\" data-widget_type=\"text-editor.default\">\n\t\t\t\t<div class=\"elementor-widget-container\">\n\t\t\t\t\t\t\t\t\t<ul class=\"wp-block-list\"><li>Ao aviso de tempestade ou ao escutar trov\u00f5es, abrigue-se imediatamente em uma edifica\u00e7\u00e3o ou ve\u00edculo, permanecendo longe de janelas, tomadas e materiais met\u00e1licos e evitando \u00e1rvores ou coberturas met\u00e1licas fr\u00e1geis;<\/li><li>Ao notar rachaduras e trincas no telhado, saia imediatamente;<\/li><li>Desconecte aparelhos eletr\u00f4nicos das tomadas;<\/li><li>N\u00e3o utilize aparelhos conectados \u00e0s fia\u00e7\u00f5es telef\u00f4nica e el\u00e9trica;<\/li><li>Se estiver em qualquer \u00e1rea aberta, como praia, piscina, estacionamento e campo de futebol, saia imediatamente;<\/li><li>Mantenha dist\u00e2ncia de objetos altos e isolados, como \u00e1rvores, postes, antenas e caixas d\u2019\u00e1gua;<\/li><li>Afaste-se de objetos met\u00e1licos grandes e expostos, como tratores, escadas, cercas de arame etc.;<\/li><li>N\u00e3o solte pipas e n\u00e3o carregue objetos como canos e varas;<\/li><li>Evite dirigir e andar de bicicleta, motocicleta ou a cavalo;<\/li><li>Quando dirigindo sob chuva, evite passar e estacionar perto de cabos el\u00e9tricos, torres de transmiss\u00e3o, outdoors, andaimes, escadas e outras estruturas que n\u00e3o pare\u00e7am seguras.<\/li><\/ul>\t\t\t\t\t\t\t\t<\/div>\n\t\t\t\t<\/div>\n\t\t\t\t\t<\/div>\n\t\t<\/div>\n\t\t\t\t\t<\/div>\n\t\t<\/section>\n\t\t\t\t<section class=\"elementor-section elementor-top-section elementor-element elementor-element-3cd96dc elementor-section-boxed elementor-section-height-default elementor-section-height-default\" data-id=\"3cd96dc\" data-element_type=\"section\" data-e-type=\"section\">\n\t\t\t\t\t\t<div class=\"elementor-container elementor-column-gap-default\">\n\t\t\t\t\t<div class=\"elementor-column elementor-col-100 elementor-top-column elementor-element elementor-element-56d342a\" data-id=\"56d342a\" data-element_type=\"column\" data-e-type=\"column\">\n\t\t\t<div class=\"elementor-widget-wrap elementor-element-populated\">\n\t\t\t\t\t\t<div class=\"elementor-element elementor-element-a32d871 elementor-widget elementor-widget-heading\" data-id=\"a32d871\" data-element_type=\"widget\" data-e-type=\"widget\" data-widget_type=\"heading.default\">\n\t\t\t\t<div class=\"elementor-widget-container\">\n\t\t\t\t\t<h2 class=\"elementor-heading-title elementor-size-default\">O QUE FAZER DEPOIS<\/h2>\t\t\t\t<\/div>\n\t\t\t\t<\/div>\n\t\t\t\t\t<\/div>\n\t\t<\/div>\n\t\t\t\t\t<\/div>\n\t\t<\/section>\n\t\t\t\t<section class=\"elementor-section elementor-top-section elementor-element elementor-element-fa684dd elementor-section-boxed elementor-section-height-default elementor-section-height-default\" data-id=\"fa684dd\" data-element_type=\"section\" data-e-type=\"section\">\n\t\t\t\t\t\t<div class=\"elementor-container elementor-column-gap-default\">\n\t\t\t\t\t<div class=\"elementor-column elementor-col-100 elementor-top-column elementor-element elementor-element-8abc99d\" data-id=\"8abc99d\" data-element_type=\"column\" data-e-type=\"column\">\n\t\t\t<div class=\"elementor-widget-wrap elementor-element-populated\">\n\t\t\t\t\t\t<div class=\"elementor-element elementor-element-3b09b65 elementor-widget elementor-widget-text-editor\" data-id=\"3b09b65\" data-element_type=\"widget\" data-e-type=\"widget\" data-widget_type=\"text-editor.default\">\n\t\t\t\t<div class=\"elementor-widget-container\">\n\t\t\t\t\t\t\t\t\t<ul class=\"wp-block-list\"><li>No caso de destelhamento, verifique a estrutura do madeiramento antes de entrar na edifica\u00e7\u00e3o e observe se existem rachaduras e trincas no telhado;<\/li><li>N\u00e3o realize manuten\u00e7\u00e3o no telhado enquanto h\u00e1 granizo, evitando acidentes;<\/li><li>Mantenha-se abrigado at\u00e9 obter informa\u00e7\u00f5es de que o caminho est\u00e1 seguro;<\/li><li>N\u00e3o transite por vias cobertas por \u00e1gua e\/ou granizo;<\/li><li>Preste aten\u00e7\u00e3o a \u00e1rvores e cabos el\u00e9tricos ca\u00eddos.<\/li><\/ul>\t\t\t\t\t\t\t\t<\/div>\n\t\t\t\t<\/div>\n\t\t\t\t\t<\/div>\n\t\t<\/div>\n\t\t\t\t\t<\/div>\n\t\t<\/section>\n\t\t\t\t<section class=\"elementor-section elementor-top-section elementor-element elementor-element-b3d317c elementor-section-boxed elementor-section-height-default elementor-section-height-default\" data-id=\"b3d317c\" data-element_type=\"section\" data-e-type=\"section\">\n\t\t\t\t\t\t<div class=\"elementor-container elementor-column-gap-default\">\n\t\t\t\t\t<div class=\"elementor-column elementor-col-100 elementor-top-column elementor-element elementor-element-440f4fa\" data-id=\"440f4fa\" data-element_type=\"column\" data-e-type=\"column\">\n\t\t\t<div class=\"elementor-widget-wrap elementor-element-populated\">\n\t\t\t\t\t\t<div class=\"elementor-element elementor-element-29def18 elementor-align-right elementor-widget elementor-widget-button\" data-id=\"29def18\" data-element_type=\"widget\" data-e-type=\"widget\" data-widget_type=\"button.default\">\n\t\t\t\t<div class=\"elementor-widget-container\">\n\t\t\t\t\t\t\t\t\t<div class=\"elementor-button-wrapper\">\n\t\t\t\t\t<a class=\"elementor-button elementor-button-link elementor-size-sm\" href=\"https:\/\/portais.santoandre.sp.gov.br\/defesacivil\/inundacoes\/\">\n\t\t\t\t\t\t<span class=\"elementor-button-content-wrapper\">\n\t\t\t\t\t\t\t\t\t<span class=\"elementor-button-text\">Pr\u00f3ximo &gt;<\/span>\n\t\t\t\t\t<\/span>\n\t\t\t\t\t<\/a>\n\t\t\t\t<\/div>\n\t\t\t\t\t\t\t\t<\/div>\n\t\t\t\t<\/div>\n\t\t\t\t\t<\/div>\n\t\t<\/div>\n\t\t\t\t\t<\/div>\n\t\t<\/section>\n\t\t\t\t<\/div>\n\t\t","protected":false},"excerpt":{"rendered":"<p>Tempestades s\u00e3o marcadas por ventos fortes e intensa precipita\u00e7\u00e3o. S\u00e3o caracter\u00edsticas do ver\u00e3o, podendo vir acompanhadas de trovoadas e raios, que s\u00e3o uma das principais causas de les\u00f5es e morte devido a riscos relacionados ao clima. O QUE FAZER ANTES Conhe\u00e7a o risco da sua regi\u00e3o para tempestades. Na maioria dos lugares, elas podem ocorrer [&hellip;]<\/p>\n","protected":false},"author":92,"featured_media":0,"parent":0,"menu_order":0,"comment_status":"closed","ping_status":"closed","template":"","meta":{"footnotes":""},"class_list":["post-3587","page","type-page","status-publish","hentry"],"_links":{"self":[{"href":"https:\/\/portais.santoandre.sp.gov.br\/defesacivil\/wp-json\/wp\/v2\/pages\/3587","targetHints":{"allow":["GET"]}}],"collection":[{"href":"https:\/\/portais.santoandre.sp.gov.br\/defesacivil\/wp-json\/wp\/v2\/pages"}],"about":[{"href":"https:\/\/portais.santoandre.sp.gov.br\/defesacivil\/wp-json\/wp\/v2\/types\/page"}],"author":[{"embeddable":true,"href":"https:\/\/portais.santoandre.sp.gov.br\/defesacivil\/wp-json\/wp\/v2\/users\/92"}],"replies":[{"embeddable":true,"href":"https:\/\/portais.santoandre.sp.gov.br\/defesacivil\/wp-json\/wp\/v2\/comments?post=3587"}],"version-history":[{"count":8,"href":"https:\/\/portais.santoandre.sp.gov.br\/defesacivil\/wp-json\/wp\/v2\/pages\/3587\/revisions"}],"predecessor-version":[{"id":4360,"href":"https:\/\/portais.santoandre.sp.gov.br\/defesacivil\/wp-json\/wp\/v2\/pages\/3587\/revisions\/4360"}],"wp:attachment":[{"href":"https:\/\/portais.santoandre.sp.gov.br\/defesacivil\/wp-json\/wp\/v2\/media?parent=3587"}],"curies":[{"name":"wp","href":"https:\/\/api.w.org\/{rel}","templated":true}]}}