{"id":2480,"date":"2025-07-16T11:27:18","date_gmt":"2025-07-16T14:27:18","guid":{"rendered":"https:\/\/portais.santoandre.sp.gov.br\/defesacivil\/?page_id=2480"},"modified":"2025-07-16T16:30:52","modified_gmt":"2025-07-16T19:30:52","slug":"carta-de-suscetibilidade-ipt-cprm-2014","status":"publish","type":"page","link":"https:\/\/portais.santoandre.sp.gov.br\/defesacivil\/carta-de-suscetibilidade-ipt-cprm-2014\/","title":{"rendered":"Carta de Suscetibilidade a Movimentos Gravitacionais de Massa e Inunda\u00e7\u00f5es &#8211; IPT &#8211; 2014"},"content":{"rendered":"\t\t<div data-elementor-type=\"wp-page\" data-elementor-id=\"2480\" class=\"elementor elementor-2480\" data-elementor-post-type=\"page\">\n\t\t\t\t\t\t<section class=\"elementor-section elementor-top-section elementor-element elementor-element-e296580 elementor-section-boxed elementor-section-height-default elementor-section-height-default\" data-id=\"e296580\" data-element_type=\"section\" data-e-type=\"section\">\n\t\t\t\t\t\t<div class=\"elementor-container elementor-column-gap-default\">\n\t\t\t\t\t<div class=\"elementor-column elementor-col-100 elementor-top-column elementor-element elementor-element-32fa674\" data-id=\"32fa674\" data-element_type=\"column\" data-e-type=\"column\">\n\t\t\t<div class=\"elementor-widget-wrap elementor-element-populated\">\n\t\t\t\t\t\t<div class=\"elementor-element elementor-element-ae17eaa elementor-widget elementor-widget-text-editor\" data-id=\"ae17eaa\" data-element_type=\"widget\" data-e-type=\"widget\" data-widget_type=\"text-editor.default\">\n\t\t\t\t<div class=\"elementor-widget-container\">\n\t\t\t\t\t\t\t\t\t<ul><li><a href=\"https:\/\/portais.santoandre.sp.gov.br\/defesacivil\/wp-content\/uploads\/sites\/6\/2025\/07\/Apresentacao-1.pdf\" target=\"_blank\" rel=\"noopener\">Apresenta\u00e7\u00e3o<\/a><\/li><li><a href=\"https:\/\/portais.santoandre.sp.gov.br\/defesacivil\/wp-content\/uploads\/sites\/6\/2025\/07\/Creditos-1.pdf\" target=\"_blank\" rel=\"noopener\">Cr\u00e9ditos<\/a><\/li><li><a href=\"https:\/\/portais.santoandre.sp.gov.br\/defesacivil\/wp-content\/uploads\/sites\/6\/2025\/07\/NotaTecnica-1.pdf\" target=\"_blank\" rel=\"noopener\">Nota T\u00e9cnica<\/a><\/li><li><a href=\"https:\/\/portais.santoandre.sp.gov.br\/defesacivil\/wp-content\/uploads\/sites\/6\/2025\/07\/Mapa-1.pdf\" target=\"_blank\" rel=\"noopener\">Mapa<\/a><\/li><\/ul>\t\t\t\t\t\t\t\t<\/div>\n\t\t\t\t<\/div>\n\t\t\t\t\t<\/div>\n\t\t<\/div>\n\t\t\t\t\t<\/div>\n\t\t<\/section>\n\t\t\t\t<section class=\"elementor-section elementor-top-section elementor-element elementor-element-158ea32 elementor-section-boxed elementor-section-height-default elementor-section-height-default\" data-id=\"158ea32\" data-element_type=\"section\" data-e-type=\"section\">\n\t\t\t\t\t\t<div class=\"elementor-container elementor-column-gap-default\">\n\t\t\t\t\t<div class=\"elementor-column elementor-col-100 elementor-top-column elementor-element elementor-element-9399bcc\" data-id=\"9399bcc\" data-element_type=\"column\" data-e-type=\"column\">\n\t\t\t<div class=\"elementor-widget-wrap elementor-element-populated\">\n\t\t\t\t\t\t<div class=\"elementor-element elementor-element-8fd3e03 elementor-widget elementor-widget-text-editor\" data-id=\"8fd3e03\" data-element_type=\"widget\" data-e-type=\"widget\" data-widget_type=\"text-editor.default\">\n\t\t\t\t<div class=\"elementor-widget-container\">\n\t\t\t\t\t\t\t\t\t<p>Banco de dados georreferenciado dispon\u00edvel em <a href=\"https:\/\/siga.santoandre.sp.gov.br\/\" target=\"_blank\" rel=\"noopener\">SIGA Santo Andr\u00e9<\/a>.<\/p>\t\t\t\t\t\t\t\t<\/div>\n\t\t\t\t<\/div>\n\t\t\t\t\t<\/div>\n\t\t<\/div>\n\t\t\t\t\t<\/div>\n\t\t<\/section>\n\t\t\t\t<section class=\"elementor-section elementor-top-section elementor-element elementor-element-903d0a6 elementor-section-boxed elementor-section-height-default elementor-section-height-default\" data-id=\"903d0a6\" data-element_type=\"section\" data-e-type=\"section\">\n\t\t\t\t\t\t<div class=\"elementor-container elementor-column-gap-default\">\n\t\t\t\t\t<div class=\"elementor-column elementor-col-100 elementor-top-column elementor-element elementor-element-c4f1912\" data-id=\"c4f1912\" data-element_type=\"column\" data-e-type=\"column\">\n\t\t\t<div class=\"elementor-widget-wrap elementor-element-populated\">\n\t\t\t\t\t\t<div class=\"elementor-element elementor-element-19a096e elementor-widget elementor-widget-text-editor\" data-id=\"19a096e\" data-element_type=\"widget\" data-e-type=\"widget\" data-widget_type=\"text-editor.default\">\n\t\t\t\t<div class=\"elementor-widget-container\">\n\t\t\t\t\t\t\t\t\t<p><strong><span class=\"List_0020Paragraph__Char\">Refer\u00eancia Bibliogr\u00e1fica<\/span><\/strong><\/p><p><span class=\"List_0020Paragraph__Char\">INSTITUTO DE PESQUISAS TECNOL\u00d3GICAS (IPT); SERVI\u00c7O GEOL\u00d3GICO DO BRASIL (CPRM).\u00a0Carta de Suscetibilidade a Movimentos Gravitacionais de Massa e Inunda\u00e7\u00f5es. S\u00e3o Paulo: IPT, 2014. 1 mapa, color. Escala: 1:25.000. (Acompanha banco de dados georreferenciado). Dispon\u00edvel em:\u00a0<\/span><a href=\"https:\/\/webmail.santoandre.sp.gov.br\/owa\/redir.aspx?C=iqhFDXonHFQ_Y0iIbHHcAhQ2ZLD6E1siuPqnLHHwNzdd_1vAk8TdCA..&amp;URL=https%3a%2f%2fwww.defesacivil.sp.gov.br%2finstrumentos-de-identificacao-de-riscos%2f\" target=\"_blank\" rel=\"noopener noreferrer\"><span class=\"Hyperlink__Char\">https:\/\/www.defesacivil.sp.gov.br\/instrumentos-de-identificacao-de-riscos\/<\/span><\/a><span class=\"List_0020Paragraph__Char\">. Acesso em: 07 nov. 2024.<\/span><\/p>\t\t\t\t\t\t\t\t<\/div>\n\t\t\t\t<\/div>\n\t\t\t\t\t<\/div>\n\t\t<\/div>\n\t\t\t\t\t<\/div>\n\t\t<\/section>\n\t\t\t\t<\/div>\n\t\t","protected":false},"excerpt":{"rendered":"<p>Apresenta\u00e7\u00e3o Cr\u00e9ditos Nota T\u00e9cnica Mapa Banco de dados georreferenciado dispon\u00edvel em SIGA Santo Andr\u00e9. Refer\u00eancia Bibliogr\u00e1fica INSTITUTO DE PESQUISAS TECNOL\u00d3GICAS (IPT); SERVI\u00c7O GEOL\u00d3GICO DO BRASIL (CPRM).\u00a0Carta de Suscetibilidade a Movimentos Gravitacionais de Massa e Inunda\u00e7\u00f5es. S\u00e3o Paulo: IPT, 2014. 1 mapa, color. Escala: 1:25.000. (Acompanha banco de dados georreferenciado). Dispon\u00edvel em:\u00a0https:\/\/www.defesacivil.sp.gov.br\/instrumentos-de-identificacao-de-riscos\/. Acesso em: 07 nov. [&hellip;]<\/p>\n","protected":false},"author":92,"featured_media":0,"parent":0,"menu_order":0,"comment_status":"closed","ping_status":"closed","template":"","meta":{"footnotes":""},"class_list":["post-2480","page","type-page","status-publish","hentry"],"_links":{"self":[{"href":"https:\/\/portais.santoandre.sp.gov.br\/defesacivil\/wp-json\/wp\/v2\/pages\/2480","targetHints":{"allow":["GET"]}}],"collection":[{"href":"https:\/\/portais.santoandre.sp.gov.br\/defesacivil\/wp-json\/wp\/v2\/pages"}],"about":[{"href":"https:\/\/portais.santoandre.sp.gov.br\/defesacivil\/wp-json\/wp\/v2\/types\/page"}],"author":[{"embeddable":true,"href":"https:\/\/portais.santoandre.sp.gov.br\/defesacivil\/wp-json\/wp\/v2\/users\/92"}],"replies":[{"embeddable":true,"href":"https:\/\/portais.santoandre.sp.gov.br\/defesacivil\/wp-json\/wp\/v2\/comments?post=2480"}],"version-history":[{"count":14,"href":"https:\/\/portais.santoandre.sp.gov.br\/defesacivil\/wp-json\/wp\/v2\/pages\/2480\/revisions"}],"predecessor-version":[{"id":2678,"href":"https:\/\/portais.santoandre.sp.gov.br\/defesacivil\/wp-json\/wp\/v2\/pages\/2480\/revisions\/2678"}],"wp:attachment":[{"href":"https:\/\/portais.santoandre.sp.gov.br\/defesacivil\/wp-json\/wp\/v2\/media?parent=2480"}],"curies":[{"name":"wp","href":"https:\/\/api.w.org\/{rel}","templated":true}]}}