{"id":2430,"date":"2025-07-16T10:25:35","date_gmt":"2025-07-16T13:25:35","guid":{"rendered":"https:\/\/portais.santoandre.sp.gov.br\/defesacivil\/?page_id=2430"},"modified":"2025-09-17T10:49:16","modified_gmt":"2025-09-17T13:49:16","slug":"plano-municipal-de-reducao-de-riscos-para-o-municipio-de-santo-andre-ipt-2025","status":"publish","type":"page","link":"https:\/\/portais.santoandre.sp.gov.br\/defesacivil\/plano-municipal-de-reducao-de-riscos-para-o-municipio-de-santo-andre-ipt-2025\/","title":{"rendered":"Plano Municipal de Redu\u00e7\u00e3o de Riscos para o Munic\u00edpio de Santo Andr\u00e9 &#8211; IPT 2025"},"content":{"rendered":"\t\t<div data-elementor-type=\"wp-page\" data-elementor-id=\"2430\" class=\"elementor elementor-2430\" data-elementor-post-type=\"page\">\n\t\t\t\t\t\t<section class=\"elementor-section elementor-top-section elementor-element elementor-element-e296580 elementor-section-boxed elementor-section-height-default elementor-section-height-default\" data-id=\"e296580\" data-element_type=\"section\" data-e-type=\"section\">\n\t\t\t\t\t\t<div class=\"elementor-container elementor-column-gap-default\">\n\t\t\t\t\t<div class=\"elementor-column elementor-col-100 elementor-top-column elementor-element elementor-element-32fa674\" data-id=\"32fa674\" data-element_type=\"column\" data-e-type=\"column\">\n\t\t\t<div class=\"elementor-widget-wrap elementor-element-populated\">\n\t\t\t\t\t\t<div class=\"elementor-element elementor-element-ae17eaa elementor-widget elementor-widget-text-editor\" data-id=\"ae17eaa\" data-element_type=\"widget\" data-e-type=\"widget\" data-widget_type=\"text-editor.default\">\n\t\t\t\t<div class=\"elementor-widget-container\">\n\t\t\t\t\t\t\t\t\t<ul><li><a href=\"https:\/\/portais.santoandre.sp.gov.br\/defesacivil\/wp-content\/uploads\/sites\/6\/2025\/07\/PMRR-IPT-2025.pdf\" target=\"_blank\" rel=\"noopener\">Plano Municipal de Redu\u00e7\u00e3o de Riscos para o munic\u00edpio de Santo Andr\u00e9 &#8211; IPT 2025<\/a><\/li><li><a href=\"https:\/\/portais.santoandre.sp.gov.br\/defesacivil\/wp-content\/uploads\/sites\/6\/2025\/07\/Apendice-1.pdf\" target=\"_blank\" rel=\"noopener\">Ap\u00eandice 1 &#8211; Caracteriza\u00e7\u00e3o dos setores<\/a><\/li><li><a href=\"https:\/\/portais.santoandre.sp.gov.br\/defesacivil\/wp-content\/uploads\/sites\/6\/2025\/07\/Apendice-2.pdf\" target=\"_blank\" rel=\"noopener\">Ap\u00eandice 2 &#8211; Sugest\u00f5es de interven\u00e7\u00f5es estruturais<\/a><\/li><li><a href=\"https:\/\/portais.santoandre.sp.gov.br\/defesacivil\/wp-content\/uploads\/sites\/6\/2025\/07\/Apendice-3.pdf\" target=\"_blank\" rel=\"noopener\">Ap\u00eandice 3 &#8211; Composi\u00e7\u00e3o da tabela de custo unit\u00e1rio<\/a><\/li><li><a href=\"https:\/\/portais.santoandre.sp.gov.br\/defesacivil\/wp-content\/uploads\/sites\/6\/2025\/07\/Apendice-4.pdf\" target=\"_blank\" rel=\"noopener\">Ap\u00eandice 4 &#8211; Conceitos te\u00f3ricos sobre movimentos de massa e inunda\u00e7\u00f5es<\/a><\/li><\/ul>\t\t\t\t\t\t\t\t<\/div>\n\t\t\t\t<\/div>\n\t\t\t\t\t<\/div>\n\t\t<\/div>\n\t\t\t\t\t<\/div>\n\t\t<\/section>\n\t\t\t\t<section class=\"elementor-section elementor-top-section elementor-element elementor-element-65efdec elementor-section-boxed elementor-section-height-default elementor-section-height-default\" data-id=\"65efdec\" data-element_type=\"section\" data-e-type=\"section\">\n\t\t\t\t\t\t<div class=\"elementor-container elementor-column-gap-default\">\n\t\t\t\t\t<div class=\"elementor-column elementor-col-100 elementor-top-column elementor-element elementor-element-40b368e\" data-id=\"40b368e\" data-element_type=\"column\" data-e-type=\"column\">\n\t\t\t<div class=\"elementor-widget-wrap elementor-element-populated\">\n\t\t\t\t\t\t<div class=\"elementor-element elementor-element-c669161 elementor-widget elementor-widget-text-editor\" data-id=\"c669161\" data-element_type=\"widget\" data-e-type=\"widget\" data-widget_type=\"text-editor.default\">\n\t\t\t\t<div class=\"elementor-widget-container\">\n\t\t\t\t\t\t\t\t\t<p>Banco de dados georreferenciado dispon\u00edvel em <a href=\"https:\/\/siga.santoandre.sp.gov.br\/\" target=\"_blank\" rel=\"noopener\">SIGA Santo Andr\u00e9<\/a>.<\/p>\t\t\t\t\t\t\t\t<\/div>\n\t\t\t\t<\/div>\n\t\t\t\t\t<\/div>\n\t\t<\/div>\n\t\t\t\t\t<\/div>\n\t\t<\/section>\n\t\t\t\t<\/div>\n\t\t","protected":false},"excerpt":{"rendered":"<p>Plano Municipal de Redu\u00e7\u00e3o de Riscos para o munic\u00edpio de Santo Andr\u00e9 &#8211; IPT 2025 Ap\u00eandice 1 &#8211; Caracteriza\u00e7\u00e3o dos setores Ap\u00eandice 2 &#8211; Sugest\u00f5es de interven\u00e7\u00f5es estruturais Ap\u00eandice 3 &#8211; Composi\u00e7\u00e3o da tabela de custo unit\u00e1rio Ap\u00eandice 4 &#8211; Conceitos te\u00f3ricos sobre movimentos de massa e inunda\u00e7\u00f5es Banco de dados georreferenciado dispon\u00edvel em SIGA [&hellip;]<\/p>\n","protected":false},"author":92,"featured_media":0,"parent":0,"menu_order":0,"comment_status":"closed","ping_status":"closed","template":"","meta":{"footnotes":""},"class_list":["post-2430","page","type-page","status-publish","hentry"],"_links":{"self":[{"href":"https:\/\/portais.santoandre.sp.gov.br\/defesacivil\/wp-json\/wp\/v2\/pages\/2430","targetHints":{"allow":["GET"]}}],"collection":[{"href":"https:\/\/portais.santoandre.sp.gov.br\/defesacivil\/wp-json\/wp\/v2\/pages"}],"about":[{"href":"https:\/\/portais.santoandre.sp.gov.br\/defesacivil\/wp-json\/wp\/v2\/types\/page"}],"author":[{"embeddable":true,"href":"https:\/\/portais.santoandre.sp.gov.br\/defesacivil\/wp-json\/wp\/v2\/users\/92"}],"replies":[{"embeddable":true,"href":"https:\/\/portais.santoandre.sp.gov.br\/defesacivil\/wp-json\/wp\/v2\/comments?post=2430"}],"version-history":[{"count":35,"href":"https:\/\/portais.santoandre.sp.gov.br\/defesacivil\/wp-json\/wp\/v2\/pages\/2430\/revisions"}],"predecessor-version":[{"id":3260,"href":"https:\/\/portais.santoandre.sp.gov.br\/defesacivil\/wp-json\/wp\/v2\/pages\/2430\/revisions\/3260"}],"wp:attachment":[{"href":"https:\/\/portais.santoandre.sp.gov.br\/defesacivil\/wp-json\/wp\/v2\/media?parent=2430"}],"curies":[{"name":"wp","href":"https:\/\/api.w.org\/{rel}","templated":true}]}}