{"id":210,"date":"2025-03-26T12:09:46","date_gmt":"2025-03-26T15:09:46","guid":{"rendered":"https:\/\/portais.santoandre.sp.gov.br\/conselhosaude\/?page_id=210"},"modified":"2025-03-26T12:09:46","modified_gmt":"2025-03-26T15:09:46","slug":"eleicoes-complementares-conselho-local-de-saude","status":"publish","type":"page","link":"https:\/\/portais.santoandre.sp.gov.br\/conselhosaude\/eleicoes-complementares-conselho-local-de-saude\/","title":{"rendered":"Elei\u00e7\u00f5es Complementares Conselho Local de Sa\u00fade"},"content":{"rendered":"\n<h2 class=\"wp-block-heading\">Mandato 2025\/2026<\/h2>\n\n\n\n<div class=\"wp-block-stackable-icon-list stk-block-icon-list stk-block stk-05bcd46\" data-block-id=\"05bcd46\"><svg style=\"display:none\"><defs><g id=\"stk-icon-list__icon-svg-def-05bcd46\"><svg xmlns=\"http:\/\/www.w3.org\/2000\/svg\" viewBox=\"0 0 190 190\"><polygon points=\"173.8,28.4 60.4,141.8 15.7,97.2 5.1,107.8 60.4,163 184.4,39 173.8,28.4\" \/><\/svg><\/g><\/defs><\/svg><ul class=\"stk-block-icon-list__ul stk-block-icon-list--column\">\n<li class=\"wp-block-stackable-icon-list-item stk-block-icon-list-item stk-block stk-ac86df2\" data-block-id=\"ac86df2\"><div class=\"stk-block-icon-list-item__content\"><span class=\"stk--svg-wrapper\"><div class=\"stk--inner-svg\"><svg xmlns=\"http:\/\/www.w3.org\/2000\/svg\" viewBox=\"0 0 512 512\" aria-hidden=\"true\" width=\"32\" height=\"32\"><path d=\"M64 464l48 0 0 48-48 0c-35.3 0-64-28.7-64-64L0 64C0 28.7 28.7 0 64 0L229.5 0c17 0 33.3 6.7 45.3 18.7l90.5 90.5c12 12 18.7 28.3 18.7 45.3L384 304l-48 0 0-144-80 0c-17.7 0-32-14.3-32-32l0-80L64 48c-8.8 0-16 7.2-16 16l0 384c0 8.8 7.2 16 16 16zM176 352l32 0c30.9 0 56 25.1 56 56s-25.1 56-56 56l-16 0 0 32c0 8.8-7.2 16-16 16s-16-7.2-16-16l0-48 0-80c0-8.8 7.2-16 16-16zm32 80c13.3 0 24-10.7 24-24s-10.7-24-24-24l-16 0 0 48 16 0zm96-80l32 0c26.5 0 48 21.5 48 48l0 64c0 26.5-21.5 48-48 48l-32 0c-8.8 0-16-7.2-16-16l0-128c0-8.8 7.2-16 16-16zm32 128c8.8 0 16-7.2 16-16l0-64c0-8.8-7.2-16-16-16l-16 0 0 96 16 0zm80-112c0-8.8 7.2-16 16-16l48 0c8.8 0 16 7.2 16 16s-7.2 16-16 16l-32 0 0 32 32 0c8.8 0 16 7.2 16 16s-7.2 16-16 16l-32 0 0 48c0 8.8-7.2 16-16 16s-16-7.2-16-16l0-64 0-64z\"><\/path><\/svg><\/div><\/span><span class=\"stk-block-icon-list-item__text\"><a href=\"https:\/\/portais.santoandre.sp.gov.br\/conselhosaude\/wp-content\/uploads\/sites\/27\/2025\/03\/RESOLUCAO-N\u00b0-05_02_2025-CMS-SS-COMISSAO-ORGANIZADORA-ELEITORAL-MANDATO-2025-2026.pdf\" target=\"_blank\" rel=\"noreferrer noopener\">RESOLUC\u0327A\u0303O N\u00b0 05.02.2025 CMS SS &#8211; COMISSA\u0303O ORGANIZADORA ELEITORAL MANDATO 2025-2026<\/a><\/span><\/div><\/li>\n\n\n\n<li class=\"wp-block-stackable-icon-list-item stk-block-icon-list-item stk-block stk-d5ad799\" data-block-id=\"d5ad799\"><div class=\"stk-block-icon-list-item__content\"><span class=\"stk--svg-wrapper\"><div class=\"stk--inner-svg\"><svg xmlns=\"http:\/\/www.w3.org\/2000\/svg\" viewBox=\"0 0 512 512\" aria-hidden=\"true\" width=\"32\" height=\"32\"><path d=\"M64 464l48 0 0 48-48 0c-35.3 0-64-28.7-64-64L0 64C0 28.7 28.7 0 64 0L229.5 0c17 0 33.3 6.7 45.3 18.7l90.5 90.5c12 12 18.7 28.3 18.7 45.3L384 304l-48 0 0-144-80 0c-17.7 0-32-14.3-32-32l0-80L64 48c-8.8 0-16 7.2-16 16l0 384c0 8.8 7.2 16 16 16zM176 352l32 0c30.9 0 56 25.1 56 56s-25.1 56-56 56l-16 0 0 32c0 8.8-7.2 16-16 16s-16-7.2-16-16l0-48 0-80c0-8.8 7.2-16 16-16zm32 80c13.3 0 24-10.7 24-24s-10.7-24-24-24l-16 0 0 48 16 0zm96-80l32 0c26.5 0 48 21.5 48 48l0 64c0 26.5-21.5 48-48 48l-32 0c-8.8 0-16-7.2-16-16l0-128c0-8.8 7.2-16 16-16zm32 128c8.8 0 16-7.2 16-16l0-64c0-8.8-7.2-16-16-16l-16 0 0 96 16 0zm80-112c0-8.8 7.2-16 16-16l48 0c8.8 0 16 7.2 16 16s-7.2 16-16 16l-32 0 0 32 32 0c8.8 0 16 7.2 16 16s-7.2 16-16 16l-32 0 0 48c0 8.8-7.2 16-16 16s-16-7.2-16-16l0-64 0-64z\"><\/path><\/svg><\/div><\/span><span class=\"stk-block-icon-list-item__text\"><a href=\"https:\/\/portais.santoandre.sp.gov.br\/conselhosaude\/wp-content\/uploads\/sites\/27\/2025\/03\/RESOLUCAO-N\u00b0-08_02_2025-EDITAL-DO-REGULAMENTO-ELEITORAL-COMPLEMENTAR-CLS-2025-2026.pdf\" data-type=\"link\" data-id=\"https:\/\/portais.santoandre.sp.gov.br\/conselhosaude\/wp-content\/uploads\/sites\/27\/2025\/03\/RESOLUCAO-N\u00b0-08_02_2025-EDITAL-DO-REGULAMENTO-ELEITORAL-COMPLEMENTAR-CLS-2025-2026.pdf\" target=\"_blank\" rel=\"noreferrer noopener\">RESOLUC\u0327A\u0303O N\u00b0 08.02.2025 EDITAL DO REGULAMENTO ELEITORAL COMPLEMENTAR CLS 2025-2026<\/a><\/span><\/div><\/li>\n<\/ul><\/div>\n\n\n\n<p><\/p>\n","protected":false},"excerpt":{"rendered":"<p>Mandato 2025\/2026<\/p>\n","protected":false},"author":39,"featured_media":0,"parent":0,"menu_order":0,"comment_status":"closed","ping_status":"closed","template":"","meta":{"footnotes":""},"class_list":["post-210","page","type-page","status-publish","hentry"],"_links":{"self":[{"href":"https:\/\/portais.santoandre.sp.gov.br\/conselhosaude\/wp-json\/wp\/v2\/pages\/210","targetHints":{"allow":["GET"]}}],"collection":[{"href":"https:\/\/portais.santoandre.sp.gov.br\/conselhosaude\/wp-json\/wp\/v2\/pages"}],"about":[{"href":"https:\/\/portais.santoandre.sp.gov.br\/conselhosaude\/wp-json\/wp\/v2\/types\/page"}],"author":[{"embeddable":true,"href":"https:\/\/portais.santoandre.sp.gov.br\/conselhosaude\/wp-json\/wp\/v2\/users\/39"}],"replies":[{"embeddable":true,"href":"https:\/\/portais.santoandre.sp.gov.br\/conselhosaude\/wp-json\/wp\/v2\/comments?post=210"}],"version-history":[{"count":1,"href":"https:\/\/portais.santoandre.sp.gov.br\/conselhosaude\/wp-json\/wp\/v2\/pages\/210\/revisions"}],"predecessor-version":[{"id":213,"href":"https:\/\/portais.santoandre.sp.gov.br\/conselhosaude\/wp-json\/wp\/v2\/pages\/210\/revisions\/213"}],"wp:attachment":[{"href":"https:\/\/portais.santoandre.sp.gov.br\/conselhosaude\/wp-json\/wp\/v2\/media?parent=210"}],"curies":[{"name":"wp","href":"https:\/\/api.w.org\/{rel}","templated":true}]}}