{"id":204,"date":"2025-03-26T12:04:53","date_gmt":"2025-03-26T15:04:53","guid":{"rendered":"https:\/\/portais.santoandre.sp.gov.br\/conselhosaude\/?page_id=204"},"modified":"2025-08-25T12:43:29","modified_gmt":"2025-08-25T15:43:29","slug":"eleicoes-e-plenarias","status":"publish","type":"page","link":"https:\/\/portais.santoandre.sp.gov.br\/conselhosaude\/eleicoes-e-plenarias\/","title":{"rendered":"Elei\u00e7\u00f5es e Plen\u00e1rias"},"content":{"rendered":"\n<div class=\"wp-block-stackable-button-group stk-block-button-group stk-block stk-6f759c1\" data-block-id=\"6f759c1\"><div class=\"stk-row stk-inner-blocks stk-block-content stk-button-group\">\n<div class=\"wp-block-stackable-button stk-block-button stk-block stk-9f5afca\" data-block-id=\"9f5afca\"><style>.stk-9f5afca {border-top-left-radius:5px !important;border-top-right-radius:5px !important;border-bottom-right-radius:5px !important;border-bottom-left-radius:5px !important;overflow:hidden !important;flex:1 0 var(--stk-button-group-flex-wrap, 0) !important;}.stk-9f5afca , .stk-9f5afca .stk-button{width:100% !important;}<\/style><a class=\"stk-link stk-button stk--hover-effect-darken\" href=\"https:\/\/portais.santoandre.sp.gov.br\/conselhosaude\/5a-conferencia-nacional-de-saude-do-trabalhador-e-da-trabalhadora\/\"><span class=\"stk-button__inner-text\">5\u00aa Confer\u00eancia Nacional de Sa\u00fade do Trabalhador e da Trabalhadora &#8211; Plen\u00e1ria Municipal<\/span><\/a><\/div>\n<\/div><\/div>\n\n\n\n<div class=\"wp-block-stackable-button-group stk-block-button-group stk-block stk-95504ba\" data-block-id=\"95504ba\"><div class=\"stk-row stk-inner-blocks stk-block-content stk-button-group\">\n<div class=\"wp-block-stackable-button stk-block-button stk-block stk-13af20b\" data-block-id=\"13af20b\"><style>.stk-13af20b {border-top-left-radius:5px !important;border-top-right-radius:5px !important;border-bottom-right-radius:5px !important;border-bottom-left-radius:5px !important;overflow:hidden !important;min-height:0px !important;flex:1 0 var(--stk-button-group-flex-wrap, 0) !important;}.stk-13af20b , .stk-13af20b .stk-button{width:100% !important;}<\/style><a class=\"stk-link stk-button stk--hover-effect-darken\" href=\"https:\/\/portais.santoandre.sp.gov.br\/conselhosaude\/eleicoes-cms-entidade-de-classe\/\"><span class=\"stk-button__inner-text\">Elei\u00e7\u00f5es CMS &#8211; Entidade &nbsp;de Classe<\/span><\/a><\/div>\n<\/div><\/div>\n\n\n\n<div class=\"wp-block-stackable-button-group stk-block-button-group stk-block stk-e4f2166\" data-block-id=\"e4f2166\"><style>.stk-e4f2166 .stk-block-button, .stk-e4f2166 .stk-block-icon-button{flex:1 0 0% !important;}<\/style><div class=\"stk-row stk-inner-blocks stk-block-content stk-button-group\">\n<div class=\"wp-block-stackable-button stk-block-button stk-block stk-9e3d3db\" data-block-id=\"9e3d3db\"><style>.stk-9e3d3db {border-top-left-radius:5px !important;border-top-right-radius:5px !important;border-bottom-right-radius:5px !important;border-bottom-left-radius:5px !important;overflow:hidden !important;}<\/style><a class=\"stk-link stk-button stk--hover-effect-darken\" href=\"https:\/\/portais.santoandre.sp.gov.br\/conselhosaude\/eleicao-cistts-e-condivis\/\"><span class=\"stk-button__inner-text\">Elei\u00e7\u00f5es CISTT\u2019S E CONDIVIS<\/span><\/a><\/div>\n<\/div><\/div>\n\n\n\n<div class=\"wp-block-stackable-button-group stk-block-button-group stk-block stk-ef7a53f\" data-block-id=\"ef7a53f\"><style>.stk-ef7a53f .stk-block-button, .stk-ef7a53f .stk-block-icon-button{flex:1 0 0% !important;}<\/style><div class=\"stk-row stk-inner-blocks stk-block-content stk-button-group\">\n<div class=\"wp-block-stackable-button stk-block-button stk-block stk-88b8395\" data-block-id=\"88b8395\"><style>.stk-88b8395 {border-top-left-radius:5px !important;border-top-right-radius:5px !important;border-bottom-right-radius:5px !important;border-bottom-left-radius:5px !important;overflow:hidden !important;}<\/style><a class=\"stk-link stk-button stk--hover-effect-darken\" href=\"https:\/\/portais.santoandre.sp.gov.br\/conselhosaude\/eleicao-do-comite-tecnico-de-saude-da-populacao-negra\/\"><span class=\"stk-button__inner-text\">Elei\u00e7\u00e3o do Comit\u00ea T\u00e9cnico de Sa\u00fade da Popula\u00e7\u00e3o Negra<\/span><\/a><\/div>\n<\/div><\/div>\n\n\n\n<div class=\"wp-block-stackable-button-group stk-block-button-group stk-block stk-48b5daa\" data-block-id=\"48b5daa\"><div class=\"stk-row stk-inner-blocks stk-block-content stk-button-group\">\n<div class=\"wp-block-stackable-button stk-block-button stk-block stk-34329da\" data-block-id=\"34329da\"><style>.stk-34329da {border-top-left-radius:5px !important;border-top-right-radius:5px !important;border-bottom-right-radius:5px !important;border-bottom-left-radius:5px !important;overflow:hidden !important;flex:1 0 var(--stk-button-group-flex-wrap, 0) !important;}.stk-34329da , .stk-34329da .stk-button{width:100% !important;}<\/style><a class=\"stk-link stk-button stk--hover-effect-darken\" href=\"https:\/\/portais.santoandre.sp.gov.br\/conselhosaude\/eleicoes-complementares-conselho-local-de-saude\/\"><span class=\"stk-button__inner-text\">Elei\u00e7\u00f5es Complementares Conselho Local de Sa\u00fade<\/span><\/a><\/div>\n<\/div><\/div>\n\n\n\n<div class=\"wp-block-stackable-button-group stk-block-button-group stk-block stk-96992f0\" data-block-id=\"96992f0\"><div class=\"stk-row stk-inner-blocks stk-block-content stk-button-group\">\n<div class=\"wp-block-stackable-button stk-block-button stk-block stk-c60bb85\" data-block-id=\"c60bb85\"><style>.stk-c60bb85 {border-top-left-radius:5px !important;border-top-right-radius:5px !important;border-bottom-right-radius:5px !important;border-bottom-left-radius:5px !important;overflow:hidden !important;flex:1 0 var(--stk-button-group-flex-wrap, 0) !important;}.stk-c60bb85 , .stk-c60bb85 .stk-button{width:100% !important;}<\/style><a class=\"stk-link stk-button stk--hover-effect-darken\" href=\"https:\/\/portais.santoandre.sp.gov.br\/conselhosaude\/plenaria-municipal-de-gestao-de-trabalho-e-educacao-na-saude\/\"><span class=\"stk-button__inner-text\">Plen\u00e1ria Municipal de Gest\u00e3o de Trabalho e Educa\u00e7\u00e3o na Sa\u00fade<\/span><\/a><\/div>\n<\/div><\/div>\n\n\n\n<div class=\"wp-block-stackable-button-group stk-block-button-group stk-block stk-072a357\" data-block-id=\"072a357\"><div class=\"stk-row stk-inner-blocks stk-block-content stk-button-group\">\n<div class=\"wp-block-stackable-button stk-block-button stk-block stk-0d29906\" data-block-id=\"0d29906\"><style>.stk-0d29906 {border-top-left-radius:5px !important;border-top-right-radius:5px !important;border-bottom-right-radius:5px !important;border-bottom-left-radius:5px !important;overflow:hidden !important;flex:1 0 var(--stk-button-group-flex-wrap, 0) !important;}.stk-0d29906 , .stk-0d29906 .stk-button{width:100% !important;}<\/style><a class=\"stk-link stk-button stk--hover-effect-darken\" href=\"https:\/\/portais.santoandre.sp.gov.br\/conselhosaude\/eleicao-de-conselheiros-locais-da-saude-2023\/\"><span class=\"stk-button__inner-text\">Elei\u00e7\u00e3o de Conselheiros Locais da Sa\u00fade &#8211; 2023<\/span><\/a><\/div>\n<\/div><\/div>\n\n\n\n<p><\/p>\n","protected":false},"excerpt":{"rendered":"<p>5\u00aa Confer\u00eancia Nacional de Sa\u00fade do Trabalhador e da Trabalhadora &#8211; Plen\u00e1ria Municipal Elei\u00e7\u00f5es CMS &#8211; Entidade &nbsp;de Classe Elei\u00e7\u00f5es CISTT\u2019S E CONDIVIS Elei\u00e7\u00e3o do Comit\u00ea T\u00e9cnico de Sa\u00fade da Popula\u00e7\u00e3o Negra Elei\u00e7\u00f5es Complementares Conselho Local de Sa\u00fade Plen\u00e1ria Municipal de Gest\u00e3o de Trabalho e Educa\u00e7\u00e3o na Sa\u00fade Elei\u00e7\u00e3o de Conselheiros Locais da Sa\u00fade &#8211; [&hellip;]<\/p>\n","protected":false},"author":39,"featured_media":0,"parent":0,"menu_order":0,"comment_status":"closed","ping_status":"closed","template":"","meta":{"footnotes":""},"class_list":["post-204","page","type-page","status-publish","hentry"],"_links":{"self":[{"href":"https:\/\/portais.santoandre.sp.gov.br\/conselhosaude\/wp-json\/wp\/v2\/pages\/204","targetHints":{"allow":["GET"]}}],"collection":[{"href":"https:\/\/portais.santoandre.sp.gov.br\/conselhosaude\/wp-json\/wp\/v2\/pages"}],"about":[{"href":"https:\/\/portais.santoandre.sp.gov.br\/conselhosaude\/wp-json\/wp\/v2\/types\/page"}],"author":[{"embeddable":true,"href":"https:\/\/portais.santoandre.sp.gov.br\/conselhosaude\/wp-json\/wp\/v2\/users\/39"}],"replies":[{"embeddable":true,"href":"https:\/\/portais.santoandre.sp.gov.br\/conselhosaude\/wp-json\/wp\/v2\/comments?post=204"}],"version-history":[{"count":6,"href":"https:\/\/portais.santoandre.sp.gov.br\/conselhosaude\/wp-json\/wp\/v2\/pages\/204\/revisions"}],"predecessor-version":[{"id":346,"href":"https:\/\/portais.santoandre.sp.gov.br\/conselhosaude\/wp-json\/wp\/v2\/pages\/204\/revisions\/346"}],"wp:attachment":[{"href":"https:\/\/portais.santoandre.sp.gov.br\/conselhosaude\/wp-json\/wp\/v2\/media?parent=204"}],"curies":[{"name":"wp","href":"https:\/\/api.w.org\/{rel}","templated":true}]}}