{"id":194,"date":"2025-03-26T11:24:31","date_gmt":"2025-03-26T14:24:31","guid":{"rendered":"https:\/\/portais.santoandre.sp.gov.br\/conselhosaude\/?page_id=194"},"modified":"2026-03-09T09:18:29","modified_gmt":"2026-03-09T12:18:29","slug":"5a-conferencia-nacional-de-saude-do-trabalhador-e-da-trabalhadora","status":"publish","type":"page","link":"https:\/\/portais.santoandre.sp.gov.br\/conselhosaude\/5a-conferencia-nacional-de-saude-do-trabalhador-e-da-trabalhadora\/","title":{"rendered":"5\u00aa Confer\u00eancia Nacional de Sa\u00fade do Trabalhador e da Trabalhadora"},"content":{"rendered":"\n<h2 class=\"wp-block-heading\">PLEN\u00c1RIA MUNICIPAL<\/h2>\n\n\n\n<h2 class=\"wp-block-heading\">Data da Plen\u00e1ria: 12\/04\/2025 (s\u00e1bado)<\/h2>\n\n\n\n<p>Podem participar da Plen\u00e1ria Municipal membros do Conselho Municipal de Sa\u00fade e dos Conselhos Locais, Usu\u00e1rios, Trabalhadores e Gestores da Rede Municipal de Sa\u00fade P\u00fablica e Privada, Representantes de Entidades e dos Movimentos Sociais, Populares e Sindicais, e Gestores de Sa\u00fade (Artigo 7\u00ba da Resolu\u00e7\u00e3o 12.03.2025 CMS\/SS).<\/p>\n\n\n\n<p><strong>Programa\u00e7\u00e3o<\/strong>:<\/p>\n\n\n\n<p><strong>8h30 \u00e0s 9h30<\/strong> &#8211; Credenciamento<\/p>\n\n\n\n<p><strong>9h30 \u00e0s 10h<\/strong> &#8211; Abertura<\/p>\n\n\n\n<p><strong>10h \u00e0s 10h40<\/strong> &#8211; Palestra Magna &#8211; Palestrante: Sra Eliana Aparecida Pintor (Gerente de Vigil\u00e2ncia Sanit\u00e1ria do Estado &#8211; GVS VII e Interlocutora da Sa\u00fade do Trabalhador entre os CERESTs da regi\u00e3o)<\/p>\n\n\n\n<p><strong>10h40 \u00e0s 12h40<\/strong> &#8211; Grupos de discuss\u00e3o dos eixos tem\u00e1ticos<\/p>\n\n\n\n<p><strong>12h40 \u00e0s 13h40<\/strong> &#8211; Lanche<\/p>\n\n\n\n<p><strong>13h40 \u00e0s 14h20 <\/strong>&#8211; Elei\u00e7\u00f5es de Delegados<\/p>\n\n\n\n<p><strong>14h20 \u00e0s 15h<\/strong> &#8211; Plen\u00e1ria Final e Encerramento <\/p>\n\n\n\n<p><strong>Local: Audit\u00f3rio da Funda\u00e7\u00e3o Santo Andr\u00e9 &#8211; Avenida Principe de Gales, 821 Vila Principe de Gales &#8211; Santo Andr\u00e9\/SP<\/strong><\/p>\n\n\n\n<div class=\"wp-block-stackable-button-group stk-block-button-group stk-block stk-4103dd6\" data-block-id=\"4103dd6\"><div class=\"stk-row stk-inner-blocks stk-block-content stk-button-group\">\n<div class=\"wp-block-stackable-button stk-block-button stk-block stk-6d44ad1\" data-block-id=\"6d44ad1\"><style>.stk-6d44ad1 .stk-button{border-top-left-radius:5px !important;border-top-right-radius:5px !important;border-bottom-right-radius:5px !important;border-bottom-left-radius:5px !important;}<\/style><a class=\"stk-link stk-button stk--hover-effect-darken\" href=\"https:\/\/docs.google.com\/forms\/d\/e\/1FAIpQLSedLRjP3TEU4dvTUMkgt0ctl9v9p3yzxhssDCZILopn5t5NnQ\/viewform\" target=\"_blank\" rel=\"noreferrer noopener\"><span class=\"stk-button__inner-text\">Inscri\u00e7\u00f5es<\/span><\/a><\/div>\n\n\n\n<div class=\"wp-block-stackable-button stk-block-button stk-block stk-9deeb62\" data-block-id=\"9deeb62\"><style>.stk-9deeb62 .stk-button{border-top-left-radius:5px !important;border-top-right-radius:5px !important;border-bottom-right-radius:5px !important;border-bottom-left-radius:5px !important;}<\/style><a class=\"stk-link stk-button stk--hover-effect-darken\" href=\"https:\/\/maps.app.goo.gl\/tygsXrXtv5RmDgmX6\" target=\"_blank\" rel=\"noreferrer noopener\"><span class=\"stk-button__inner-text\">Ver local<\/span><\/a><\/div>\n<\/div><\/div>\n\n\n\n<div class=\"wp-block-stackable-icon-list stk-block-icon-list stk-block stk-e80200a\" data-block-id=\"e80200a\"><svg style=\"display:none\"><defs><g id=\"stk-icon-list__icon-svg-def-e80200a\"><svg xmlns=\"http:\/\/www.w3.org\/2000\/svg\" viewBox=\"0 0 190 190\"><polygon points=\"173.8,28.4 60.4,141.8 15.7,97.2 5.1,107.8 60.4,163 184.4,39 173.8,28.4\" \/><\/svg><\/g><\/defs><\/svg><ul class=\"stk-block-icon-list__ul stk-block-icon-list--column\">\n<li class=\"wp-block-stackable-icon-list-item stk-block-icon-list-item stk-block stk-1412d0f\" data-block-id=\"1412d0f\"><div class=\"stk-block-icon-list-item__content\"><span class=\"stk--svg-wrapper\"><div class=\"stk--inner-svg\"><svg xmlns=\"http:\/\/www.w3.org\/2000\/svg\" viewBox=\"0 0 512 512\" aria-hidden=\"true\" width=\"32\" height=\"32\"><path d=\"M64 464l48 0 0 48-48 0c-35.3 0-64-28.7-64-64L0 64C0 28.7 28.7 0 64 0L229.5 0c17 0 33.3 6.7 45.3 18.7l90.5 90.5c12 12 18.7 28.3 18.7 45.3L384 304l-48 0 0-144-80 0c-17.7 0-32-14.3-32-32l0-80L64 48c-8.8 0-16 7.2-16 16l0 384c0 8.8 7.2 16 16 16zM176 352l32 0c30.9 0 56 25.1 56 56s-25.1 56-56 56l-16 0 0 32c0 8.8-7.2 16-16 16s-16-7.2-16-16l0-48 0-80c0-8.8 7.2-16 16-16zm32 80c13.3 0 24-10.7 24-24s-10.7-24-24-24l-16 0 0 48 16 0zm96-80l32 0c26.5 0 48 21.5 48 48l0 64c0 26.5-21.5 48-48 48l-32 0c-8.8 0-16-7.2-16-16l0-128c0-8.8 7.2-16 16-16zm32 128c8.8 0 16-7.2 16-16l0-64c0-8.8-7.2-16-16-16l-16 0 0 96 16 0zm80-112c0-8.8 7.2-16 16-16l48 0c8.8 0 16 7.2 16 16s-7.2 16-16 16l-32 0 0 32 32 0c8.8 0 16 7.2 16 16s-7.2 16-16 16l-32 0 0 48c0 8.8-7.2 16-16 16s-16-7.2-16-16l0-64 0-64z\" \/><\/svg><\/div><\/span><span class=\"stk-block-icon-list-item__text\"><a href=\"https:\/\/portais.santoandre.sp.gov.br\/conselhosaude\/wp-content\/uploads\/sites\/27\/2025\/03\/RESOLUCAO-N\u00b0-06_02_2025-Comissao-Organizadora.pdf\" data-type=\"link\" data-id=\"https:\/\/portais.santoandre.sp.gov.br\/conselhosaude\/wp-content\/uploads\/sites\/27\/2025\/03\/RESOLUCAO-N\u00b0-06_02_2025-Comissao-Organizadora.pdf\" target=\"_blank\" rel=\"noreferrer noopener\">RESOLUC\u0327A\u0303O N\u00b0 06.02.2025 Comissa\u0303o Organizadora<\/a><\/span><\/div><\/li>\n\n\n\n<li class=\"wp-block-stackable-icon-list-item stk-block-icon-list-item stk-block stk-ff6796c\" data-block-id=\"ff6796c\"><div class=\"stk-block-icon-list-item__content\"><span class=\"stk--svg-wrapper\"><div class=\"stk--inner-svg\"><svg xmlns=\"http:\/\/www.w3.org\/2000\/svg\" viewBox=\"0 0 512 512\" aria-hidden=\"true\" width=\"32\" height=\"32\"><path d=\"M64 464l48 0 0 48-48 0c-35.3 0-64-28.7-64-64L0 64C0 28.7 28.7 0 64 0L229.5 0c17 0 33.3 6.7 45.3 18.7l90.5 90.5c12 12 18.7 28.3 18.7 45.3L384 304l-48 0 0-144-80 0c-17.7 0-32-14.3-32-32l0-80L64 48c-8.8 0-16 7.2-16 16l0 384c0 8.8 7.2 16 16 16zM176 352l32 0c30.9 0 56 25.1 56 56s-25.1 56-56 56l-16 0 0 32c0 8.8-7.2 16-16 16s-16-7.2-16-16l0-48 0-80c0-8.8 7.2-16 16-16zm32 80c13.3 0 24-10.7 24-24s-10.7-24-24-24l-16 0 0 48 16 0zm96-80l32 0c26.5 0 48 21.5 48 48l0 64c0 26.5-21.5 48-48 48l-32 0c-8.8 0-16-7.2-16-16l0-128c0-8.8 7.2-16 16-16zm32 128c8.8 0 16-7.2 16-16l0-64c0-8.8-7.2-16-16-16l-16 0 0 96 16 0zm80-112c0-8.8 7.2-16 16-16l48 0c8.8 0 16 7.2 16 16s-7.2 16-16 16l-32 0 0 32 32 0c8.8 0 16 7.2 16 16s-7.2 16-16 16l-32 0 0 48c0 8.8-7.2 16-16 16s-16-7.2-16-16l0-64 0-64z\" \/><\/svg><\/div><\/span><span class=\"stk-block-icon-list-item__text\"><a href=\"https:\/\/portais.santoandre.sp.gov.br\/conselhosaude\/wp-content\/uploads\/sites\/27\/2025\/03\/RESOLUCAO-No-12_03_2025-CMS-Regulamento-da-Plenaria-Municipal-de-Saude-do-Trabalhador-e-da-Trabalhadora-de-Santo-Andre.pdf\" data-type=\"link\" data-id=\"https:\/\/portais.santoandre.sp.gov.br\/conselhosaude\/wp-content\/uploads\/sites\/27\/2025\/03\/RESOLUCAO-No-12_03_2025-CMS-Regulamento-da-Plenaria-Municipal-de-Saude-do-Trabalhador-e-da-Trabalhadora-de-Santo-Andre.pdf\" target=\"_blank\" rel=\"noreferrer noopener\">RESOLUC\u0327A\u0303O N\u00ba 12.03.2025 CMS Regulamento da Plena\u0301ria Municipal de Sau\u0301de do Trabalhador e da Trabalhadora de Santo Andre\u0301<\/a><\/span><\/div><\/li>\n<\/ul><\/div>\n\n\n\n<p><\/p>\n","protected":false},"excerpt":{"rendered":"<p>PLEN\u00c1RIA MUNICIPAL Data da Plen\u00e1ria: 12\/04\/2025 (s\u00e1bado) Podem participar da Plen\u00e1ria Municipal membros do Conselho Municipal de Sa\u00fade e dos Conselhos Locais, Usu\u00e1rios, Trabalhadores e Gestores da Rede Municipal de Sa\u00fade P\u00fablica e Privada, Representantes de Entidades e dos Movimentos Sociais, Populares e Sindicais, e Gestores de Sa\u00fade (Artigo 7\u00ba da Resolu\u00e7\u00e3o 12.03.2025 CMS\/SS). Programa\u00e7\u00e3o: [&hellip;]<\/p>\n","protected":false},"author":39,"featured_media":0,"parent":0,"menu_order":0,"comment_status":"closed","ping_status":"closed","template":"","meta":{"footnotes":""},"class_list":["post-194","page","type-page","status-publish","hentry"],"_links":{"self":[{"href":"https:\/\/portais.santoandre.sp.gov.br\/conselhosaude\/wp-json\/wp\/v2\/pages\/194","targetHints":{"allow":["GET"]}}],"collection":[{"href":"https:\/\/portais.santoandre.sp.gov.br\/conselhosaude\/wp-json\/wp\/v2\/pages"}],"about":[{"href":"https:\/\/portais.santoandre.sp.gov.br\/conselhosaude\/wp-json\/wp\/v2\/types\/page"}],"author":[{"embeddable":true,"href":"https:\/\/portais.santoandre.sp.gov.br\/conselhosaude\/wp-json\/wp\/v2\/users\/39"}],"replies":[{"embeddable":true,"href":"https:\/\/portais.santoandre.sp.gov.br\/conselhosaude\/wp-json\/wp\/v2\/comments?post=194"}],"version-history":[{"count":5,"href":"https:\/\/portais.santoandre.sp.gov.br\/conselhosaude\/wp-json\/wp\/v2\/pages\/194\/revisions"}],"predecessor-version":[{"id":394,"href":"https:\/\/portais.santoandre.sp.gov.br\/conselhosaude\/wp-json\/wp\/v2\/pages\/194\/revisions\/394"}],"wp:attachment":[{"href":"https:\/\/portais.santoandre.sp.gov.br\/conselhosaude\/wp-json\/wp\/v2\/media?parent=194"}],"curies":[{"name":"wp","href":"https:\/\/api.w.org\/{rel}","templated":true}]}}