{"id":143,"date":"2025-03-26T08:54:23","date_gmt":"2025-03-26T11:54:23","guid":{"rendered":"https:\/\/portais.santoandre.sp.gov.br\/conselhosaude\/?page_id=143"},"modified":"2026-03-09T10:41:16","modified_gmt":"2026-03-09T13:41:16","slug":"conferencia","status":"publish","type":"page","link":"https:\/\/portais.santoandre.sp.gov.br\/conselhosaude\/conferencia\/","title":{"rendered":"Confer\u00eancia"},"content":{"rendered":"\n<p>A Confer\u00eancia Municipal de Sa\u00fade \u00e9 a inst\u00e2ncia m\u00e1xima de debates e delibera\u00e7\u00f5es sobre o SUS, instalada a cada dois anos para definir e avaliar as diretrizes das pol\u00edticas p\u00fablicas do Sistema \u00danico de Sa\u00fade no Munic\u00edpio de Santo Andr\u00e9 tem como atribui\u00e7\u00e3o:<\/p>\n\n\n\n<p>I &#8211; avaliar a situa\u00e7\u00e3o da sa\u00fade no Munic\u00edpio;<\/p>\n\n\n\n<p>II \u2013 realizar presta\u00e7\u00f5es de contas das delibera\u00e7\u00f5es da \u00faltima confer\u00eancia;<\/p>\n\n\n\n<p>III \u2013 deliberar sobre as diretrizes da pol\u00edtica municipal de sa\u00fade;<\/p>\n\n\n\n<p>IV \u2013 avaliar e deliberar as diretrizes do Plano Municipal de Sa\u00fade;<\/p>\n\n\n\n<p>V \u2013 homologar o Regimento Interno aprovado pelo Conselho Municipal de Sa\u00fade;<\/p>\n\n\n\n<p>VI \u2013 aprovar o relat\u00f3rio final da confer\u00eancia;<\/p>\n\n\n\n<p>VII \u2013 dar encaminhamento e publicidade ao processo eleitoral do Conselho Municipal de Sa\u00fade, 30 (trinta) dias, ap\u00f3s o t\u00e9rmino da Confer\u00eancia, com a divulga\u00e7\u00e3o do regulamento eleitoral em ve\u00edculo de comunica\u00e7\u00e3o de grande circula\u00e7\u00e3o no Munic\u00edpio.<\/p>\n\n\n\n<div class=\"wp-block-stackable-button-group stk-block-button-group stk-block stk-9336db0\" data-block-id=\"9336db0\"><style>.stk-9336db0 {margin-bottom:9px !important;}<\/style><div class=\"stk-row stk-inner-blocks stk-block-content stk-button-group\">\n<div class=\"wp-block-stackable-button stk-block-button stk-block stk-dbe3c63\" data-block-id=\"dbe3c63\"><style>.stk-dbe3c63 {min-height:0px !important;max-width:1500px !important;min-width:auto !important;flex:1 0 var(--stk-button-group-flex-wrap, 0) !important;}.stk-dbe3c63 , .stk-dbe3c63 .stk-button{width:100% !important;}.stk-dbe3c63 .stk-button{min-height:0px !important;border-top-left-radius:5px !important;border-top-right-radius:5px !important;border-bottom-right-radius:5px !important;border-bottom-left-radius:5px !important;}<\/style><a class=\"stk-link stk-button stk--hover-effect-darken\" href=\"https:\/\/portais.santoandre.sp.gov.br\/conselhosaude\/19a-conferencia\/\"><span class=\"stk-button__inner-text\">19\u00aa Confer\u00eancia Municipal<\/span><\/a><\/div>\n<\/div><\/div>\n\n\n\n<div class=\"wp-block-stackable-button-group stk-block-button-group stk-block stk-c3200b9\" data-block-id=\"c3200b9\"><style>.stk-c3200b9 {margin-bottom:9px !important;}<\/style><div class=\"stk-row stk-inner-blocks stk-block-content stk-button-group\">\n<div class=\"wp-block-stackable-button stk-block-button stk-block stk-7eacaf7\" data-block-id=\"7eacaf7\"><style>.stk-7eacaf7 {min-height:0px !important;max-width:1500px !important;min-width:auto !important;flex:1 0 var(--stk-button-group-flex-wrap, 0) !important;}.stk-7eacaf7 , .stk-7eacaf7 .stk-button{width:100% !important;}.stk-7eacaf7 .stk-button{min-height:0px !important;border-top-left-radius:5px !important;border-top-right-radius:5px !important;border-bottom-right-radius:5px !important;border-bottom-left-radius:5px !important;}<\/style><a class=\"stk-link stk-button stk--hover-effect-darken\" href=\"https:\/\/portais.santoandre.sp.gov.br\/conselhosaude\/18a-conferencia\/\"><span class=\"stk-button__inner-text\">18\u00aa Confer\u00eancia Municipal<\/span><\/a><\/div>\n<\/div><\/div>\n\n\n\n<div class=\"wp-block-stackable-button-group stk-block-button-group stk-block stk-58e0434\" data-block-id=\"58e0434\"><style>.stk-58e0434 {margin-bottom:9px !important;}<\/style><div class=\"stk-row stk-inner-blocks stk-block-content stk-button-group\">\n<div class=\"wp-block-stackable-button stk-block-button stk-block stk-89994ee\" data-block-id=\"89994ee\"><style>.stk-89994ee {min-height:0px !important;max-width:1500px !important;min-width:auto !important;flex:1 0 var(--stk-button-group-flex-wrap, 0) !important;}.stk-89994ee , .stk-89994ee .stk-button{width:100% !important;}.stk-89994ee .stk-button{min-height:0px !important;border-top-left-radius:5px !important;border-top-right-radius:5px !important;border-bottom-right-radius:5px !important;border-bottom-left-radius:5px !important;}<\/style><a class=\"stk-link stk-button stk--hover-effect-darken\" href=\"https:\/\/portais.santoandre.sp.gov.br\/conselhosaude\/17a-conferencia\/\"><span class=\"stk-button__inner-text\">17\u00aa Confer\u00eancia Municipal<\/span><\/a><\/div>\n<\/div><\/div>\n\n\n\n<div class=\"wp-block-stackable-button-group stk-block-button-group stk-block stk-b09a5ac\" data-block-id=\"b09a5ac\"><style>.stk-b09a5ac {margin-bottom:9px !important;}<\/style><div class=\"stk-row stk-inner-blocks stk-block-content stk-button-group\">\n<div class=\"wp-block-stackable-button stk-block-button stk-block stk-4a7f132\" data-block-id=\"4a7f132\"><style>.stk-4a7f132 {min-height:0px !important;max-width:1500px !important;min-width:auto !important;flex:1 0 var(--stk-button-group-flex-wrap, 0) !important;}.stk-4a7f132 , .stk-4a7f132 .stk-button{width:100% !important;}.stk-4a7f132 .stk-button{min-height:0px !important;border-top-left-radius:5px !important;border-top-right-radius:5px !important;border-bottom-right-radius:5px !important;border-bottom-left-radius:5px !important;}<\/style><a class=\"stk-link stk-button stk--hover-effect-darken\" href=\"https:\/\/portais.santoandre.sp.gov.br\/conselhosaude\/16a-conferencia\/\"><span class=\"stk-button__inner-text\">16\u00aa Confer\u00eancia Municipal<\/span><\/a><\/div>\n<\/div><\/div>\n\n\n\n<div class=\"wp-block-stackable-button-group stk-block-button-group stk-block stk-fa70e7f\" data-block-id=\"fa70e7f\"><style>.stk-fa70e7f {margin-bottom:9px !important;}<\/style><div class=\"stk-row stk-inner-blocks stk-block-content stk-button-group\">\n<div class=\"wp-block-stackable-button stk-block-button stk-block stk-06f90cd\" data-block-id=\"06f90cd\"><style>.stk-06f90cd {min-height:0px !important;max-width:1500px !important;min-width:auto !important;flex:1 0 var(--stk-button-group-flex-wrap, 0) !important;}.stk-06f90cd , .stk-06f90cd .stk-button{width:100% !important;}.stk-06f90cd .stk-button{min-height:0px !important;border-top-left-radius:5px !important;border-top-right-radius:5px !important;border-bottom-right-radius:5px !important;border-bottom-left-radius:5px !important;}<\/style><a class=\"stk-link stk-button stk--hover-effect-darken\" href=\"https:\/\/portais.santoandre.sp.gov.br\/conselhosaude\/wp-content\/uploads\/sites\/27\/2026\/03\/RELATORIO-FINAL-DA-15-Conferncia-Municipal-de-Sade-2017.pdf\" target=\"_blank\" rel=\"noreferrer noopener\"><span class=\"stk-button__inner-text\">15\u00aa Confer\u00eancia Municipal<\/span><\/a><\/div>\n<\/div><\/div>\n\n\n\n<div class=\"wp-block-stackable-button-group stk-block-button-group stk-block stk-cfd053f\" data-block-id=\"cfd053f\"><style>.stk-cfd053f {margin-bottom:9px !important;}<\/style><div class=\"stk-row stk-inner-blocks stk-block-content stk-button-group\">\n<div class=\"wp-block-stackable-button stk-block-button stk-block stk-fb257c7\" data-block-id=\"fb257c7\"><style>.stk-fb257c7 {min-height:0px !important;max-width:1500px !important;min-width:auto !important;flex:1 0 var(--stk-button-group-flex-wrap, 0) !important;}.stk-fb257c7 , .stk-fb257c7 .stk-button{width:100% !important;}.stk-fb257c7 .stk-button{min-height:0px !important;border-top-left-radius:5px !important;border-top-right-radius:5px !important;border-bottom-right-radius:5px !important;border-bottom-left-radius:5px !important;}<\/style><a class=\"stk-link stk-button stk--hover-effect-darken\" href=\"https:\/\/portais.santoandre.sp.gov.br\/conselhosaude\/wp-content\/uploads\/sites\/27\/2026\/03\/RELATORIO_FINAL_14_CONFERENCIA_MUNICIPAL_DE_SAUDE.pdf\" target=\"_blank\" rel=\"noreferrer noopener\"><span class=\"stk-button__inner-text\">14\u00aa Confer\u00eancia Municipal<\/span><\/a><\/div>\n<\/div><\/div>\n\n\n\n<div class=\"wp-block-stackable-button-group stk-block-button-group stk-block stk-a52bc46\" data-block-id=\"a52bc46\"><style>.stk-a52bc46 {margin-bottom:9px !important;}<\/style><div class=\"stk-row stk-inner-blocks stk-block-content stk-button-group\">\n<div class=\"wp-block-stackable-button stk-block-button stk-block stk-d93226a\" data-block-id=\"d93226a\"><style>.stk-d93226a {min-height:0px !important;max-width:1500px !important;min-width:auto !important;flex:1 0 var(--stk-button-group-flex-wrap, 0) !important;}.stk-d93226a , .stk-d93226a .stk-button{width:100% !important;}.stk-d93226a .stk-button{min-height:0px !important;border-top-left-radius:5px !important;border-top-right-radius:5px !important;border-bottom-right-radius:5px !important;border-bottom-left-radius:5px !important;}<\/style><a class=\"stk-link stk-button stk--hover-effect-darken\" href=\"https:\/\/portais.santoandre.sp.gov.br\/conselhosaude\/wp-content\/uploads\/sites\/27\/2026\/03\/Relatorio_Final_13_Conferencia_Municipal_de_Saude.pdf\" target=\"_blank\" rel=\"noreferrer noopener\"><span class=\"stk-button__inner-text\">13\u00aa Confer\u00eancia Municipal<\/span><\/a><\/div>\n<\/div><\/div>\n\n\n\n<p><\/p>\n","protected":false},"excerpt":{"rendered":"<p>A Confer\u00eancia Municipal de Sa\u00fade \u00e9 a inst\u00e2ncia m\u00e1xima de debates e delibera\u00e7\u00f5es sobre o SUS, instalada a cada dois anos para definir e avaliar as diretrizes das pol\u00edticas p\u00fablicas do Sistema \u00danico de Sa\u00fade no Munic\u00edpio de Santo Andr\u00e9 tem como atribui\u00e7\u00e3o: I &#8211; avaliar a situa\u00e7\u00e3o da sa\u00fade no Munic\u00edpio; II \u2013 realizar [&hellip;]<\/p>\n","protected":false},"author":39,"featured_media":0,"parent":0,"menu_order":0,"comment_status":"closed","ping_status":"closed","template":"","meta":{"footnotes":""},"class_list":["post-143","page","type-page","status-publish","hentry"],"_links":{"self":[{"href":"https:\/\/portais.santoandre.sp.gov.br\/conselhosaude\/wp-json\/wp\/v2\/pages\/143","targetHints":{"allow":["GET"]}}],"collection":[{"href":"https:\/\/portais.santoandre.sp.gov.br\/conselhosaude\/wp-json\/wp\/v2\/pages"}],"about":[{"href":"https:\/\/portais.santoandre.sp.gov.br\/conselhosaude\/wp-json\/wp\/v2\/types\/page"}],"author":[{"embeddable":true,"href":"https:\/\/portais.santoandre.sp.gov.br\/conselhosaude\/wp-json\/wp\/v2\/users\/39"}],"replies":[{"embeddable":true,"href":"https:\/\/portais.santoandre.sp.gov.br\/conselhosaude\/wp-json\/wp\/v2\/comments?post=143"}],"version-history":[{"count":7,"href":"https:\/\/portais.santoandre.sp.gov.br\/conselhosaude\/wp-json\/wp\/v2\/pages\/143\/revisions"}],"predecessor-version":[{"id":438,"href":"https:\/\/portais.santoandre.sp.gov.br\/conselhosaude\/wp-json\/wp\/v2\/pages\/143\/revisions\/438"}],"wp:attachment":[{"href":"https:\/\/portais.santoandre.sp.gov.br\/conselhosaude\/wp-json\/wp\/v2\/media?parent=143"}],"curies":[{"name":"wp","href":"https:\/\/api.w.org\/{rel}","templated":true}]}}