{"id":139,"date":"2025-03-26T08:20:27","date_gmt":"2025-03-26T11:20:27","guid":{"rendered":"https:\/\/portais.santoandre.sp.gov.br\/conselhosaude\/?page_id=139"},"modified":"2025-03-26T08:20:28","modified_gmt":"2025-03-26T11:20:28","slug":"conselho-locais","status":"publish","type":"page","link":"https:\/\/portais.santoandre.sp.gov.br\/conselhosaude\/conselho-locais\/","title":{"rendered":"Conselho Locais"},"content":{"rendered":"\n<p>Os Conselhos Locais de Sa\u00fade s\u00e3o \u00f3rg\u00e3os auxiliares e colegiados, hierarquicamente subordinados ao Conselho Municipal de Sa\u00fade, tendo como finalidade definir as prioridades de atua\u00e7\u00e3o das unidades de sa\u00fade, conforme diretrizes estabelecidas pela Confer\u00eancia e Plano Municipal de Sa\u00fade.<br>Nosso munic\u00edpio conta com 58 Conselhos Locais de Sa\u00fade, e t\u00eam por finalidade a participa\u00e7\u00e3o organizada da popula\u00e7\u00e3o e dos trabalhadores no \u00e2mbito das unidades de sa\u00fade, visando a melhoria dos servi\u00e7os prestados por estas unidades.<\/p>\n\n\n\n<p>O mandato dos membros dos Conselhos de Unidades de Sa\u00fade ser\u00e1 de 02 (dois) anos, admitindo-se uma reelei\u00e7\u00e3o por mais um mandato.<\/p>\n\n\n\n<p>Compete aos Conselhos Locais de Sa\u00fade:<\/p>\n\n\n\n<p>I &#8211; conhecer os problemas de sa\u00fade da popula\u00e7\u00e3o da \u00e1rea de abrang\u00eancia da unidade ou da popula\u00e7\u00e3o por ela atendida, de acordo com seu grau de complexidade;<\/p>\n\n\n\n<p>II &#8211; atuar como interlocutores entre a comunidade a dire\u00e7\u00e3o da unidade e o Conselho Municipal de Sa\u00fade na discuss\u00e3o dos problemas da unidade de sa\u00fade e das necessidades e demandas da popula\u00e7\u00e3o;<\/p>\n\n\n\n<p>III &#8211; representar a popula\u00e7\u00e3o, quando couber, mediante peti\u00e7\u00f5es, requerimentos, abaixo-assinados, e outros;<\/p>\n\n\n\n<p>IV &#8211; fiscalizar o desenvolvimento das metas e diretrizes estabelecidas na unidade e apresentar propostas para aperfei\u00e7oar o planejamento e a organiza\u00e7\u00e3o dos servi\u00e7os prestados \u00e0 popula\u00e7\u00e3o pela respectiva unidade de sa\u00fade;<\/p>\n\n\n\n<p>V &#8211; incentivar a popula\u00e7\u00e3o a utilizar os servi\u00e7os p\u00fablicos de sa\u00fade;<\/p>\n\n\n\n<p>VI &#8211; avaliar quadrimestralmente os relat\u00f3rios de produ\u00e7\u00e3o e o desempenho da Unidade de Sa\u00fade, tanto do ponto de vista qualitativo como quantitativo;<\/p>\n\n\n\n<p>VII &#8211; aprovar seu Regimento Interno, respeitadas as delibera\u00e7\u00f5es do CMS.<\/p>\n\n\n\n<p><\/p>\n","protected":false},"excerpt":{"rendered":"<p>Os Conselhos Locais de Sa\u00fade s\u00e3o \u00f3rg\u00e3os auxiliares e colegiados, hierarquicamente subordinados ao Conselho Municipal de Sa\u00fade, tendo como finalidade definir as prioridades de atua\u00e7\u00e3o das unidades de sa\u00fade, conforme diretrizes estabelecidas pela Confer\u00eancia e Plano Municipal de Sa\u00fade.Nosso munic\u00edpio conta com 58 Conselhos Locais de Sa\u00fade, e t\u00eam por finalidade a participa\u00e7\u00e3o organizada da [&hellip;]<\/p>\n","protected":false},"author":39,"featured_media":0,"parent":0,"menu_order":0,"comment_status":"closed","ping_status":"closed","template":"","meta":{"footnotes":""},"class_list":["post-139","page","type-page","status-publish","hentry"],"_links":{"self":[{"href":"https:\/\/portais.santoandre.sp.gov.br\/conselhosaude\/wp-json\/wp\/v2\/pages\/139","targetHints":{"allow":["GET"]}}],"collection":[{"href":"https:\/\/portais.santoandre.sp.gov.br\/conselhosaude\/wp-json\/wp\/v2\/pages"}],"about":[{"href":"https:\/\/portais.santoandre.sp.gov.br\/conselhosaude\/wp-json\/wp\/v2\/types\/page"}],"author":[{"embeddable":true,"href":"https:\/\/portais.santoandre.sp.gov.br\/conselhosaude\/wp-json\/wp\/v2\/users\/39"}],"replies":[{"embeddable":true,"href":"https:\/\/portais.santoandre.sp.gov.br\/conselhosaude\/wp-json\/wp\/v2\/comments?post=139"}],"version-history":[{"count":1,"href":"https:\/\/portais.santoandre.sp.gov.br\/conselhosaude\/wp-json\/wp\/v2\/pages\/139\/revisions"}],"predecessor-version":[{"id":140,"href":"https:\/\/portais.santoandre.sp.gov.br\/conselhosaude\/wp-json\/wp\/v2\/pages\/139\/revisions\/140"}],"wp:attachment":[{"href":"https:\/\/portais.santoandre.sp.gov.br\/conselhosaude\/wp-json\/wp\/v2\/media?parent=139"}],"curies":[{"name":"wp","href":"https:\/\/api.w.org\/{rel}","templated":true}]}}