{"id":126,"date":"2025-03-25T16:45:22","date_gmt":"2025-03-25T19:45:22","guid":{"rendered":"https:\/\/portais.santoandre.sp.gov.br\/conselhosaude\/?page_id=126"},"modified":"2025-03-25T16:45:22","modified_gmt":"2025-03-25T19:45:22","slug":"institucional","status":"publish","type":"page","link":"https:\/\/portais.santoandre.sp.gov.br\/conselhosaude\/institucional\/","title":{"rendered":"Institucional"},"content":{"rendered":"\n<p><em>A gest\u00e3o das pol\u00edticas p\u00fablicas do Controle Social do SUS \u00e9 representada por tr\u00eas inst\u00e2ncias colegiadas hierarquicamente constitu\u00eddas:<br>I &#8211; Confer\u00eancia Municipal de Sa\u00fade<br>II &#8211; Conselho Municipal de Sa\u00fade<br>III &#8211; Conselhos Locais de Sa\u00fade<\/em><\/p>\n\n\n\n<p>O Conselho Municipal de Sa\u00fade \u00e9 um \u00e9 \u00f3rg\u00e3o colegiado, de car\u00e1ter permanente e deliberativo, integrante da&nbsp;estrutura b\u00e1sica da Secretaria de Sa\u00fade de Santo Andr\u00e9. \u00c9 um importante mecanismo de controle social e tem&nbsp;um papel fundamental na elabora\u00e7\u00e3o e fiscaliza\u00e7\u00e3o das pol\u00edticas p\u00fablicas de sa\u00fade.<\/p>\n\n\n\n<p>Compete ao Conselho Municipal de Sa\u00fade, fortalecer a participa\u00e7\u00e3o e o Controle Social do SUS, mobilizar e&nbsp;articular a sociedade na defesa dos princ\u00edpios constitucionais do SUS.<\/p>\n\n\n\n<p>Devido ao seu car\u00e1ter deliberativo, cabe ao Conselho Municipal de Sa\u00fade, acompanhar e fiscalizar a execu\u00e7\u00e3o&nbsp;do Plano Municipal aprovado na Conferencia de Sa\u00fade e deliberar sobre os instrumentos de gest\u00e3o:&nbsp;Programa\u00e7\u00e3o Anual de Sa\u00fade, Relat\u00f3rio Anual de Gest\u00e3o e Presta\u00e7\u00e3o de Contas Quadrimestral.<\/p>\n\n\n\n<p>O Conselho Municipal de Sa\u00fade \u00e9 renovado a cada dois anos, e sua composi\u00e7\u00e3o \u00e9 definida pelos diversos&nbsp;segmentos de trabalhadores e usu\u00e1rios que participaram da Confer\u00eancia de Sa\u00fade.<\/p>\n\n\n\n<p>A composi\u00e7\u00e3o do CMS \u00e9 parit\u00e1ria formada por 24 membros titulares e seus respectivos suplentes, ou seja, 50%&nbsp;dos seus membros s\u00e3o usu\u00e1rios, 25% trabalhadores da rede de sa\u00fade e 25% de gestores.&nbsp;<\/p>\n\n\n\n<p>Maiores Informa\u00e7\u00f5es na Secretaria executiva do Conselho Municipal de Sa\u00fade.<\/p>\n","protected":false},"excerpt":{"rendered":"<p>A gest\u00e3o das pol\u00edticas p\u00fablicas do Controle Social do SUS \u00e9 representada por tr\u00eas inst\u00e2ncias colegiadas hierarquicamente constitu\u00eddas:I &#8211; Confer\u00eancia Municipal de Sa\u00fadeII &#8211; Conselho Municipal de Sa\u00fadeIII &#8211; Conselhos Locais de Sa\u00fade O Conselho Municipal de Sa\u00fade \u00e9 um \u00e9 \u00f3rg\u00e3o colegiado, de car\u00e1ter permanente e deliberativo, integrante da&nbsp;estrutura b\u00e1sica da Secretaria de Sa\u00fade [&hellip;]<\/p>\n","protected":false},"author":39,"featured_media":0,"parent":0,"menu_order":0,"comment_status":"closed","ping_status":"closed","template":"","meta":{"footnotes":""},"class_list":["post-126","page","type-page","status-publish","hentry"],"_links":{"self":[{"href":"https:\/\/portais.santoandre.sp.gov.br\/conselhosaude\/wp-json\/wp\/v2\/pages\/126","targetHints":{"allow":["GET"]}}],"collection":[{"href":"https:\/\/portais.santoandre.sp.gov.br\/conselhosaude\/wp-json\/wp\/v2\/pages"}],"about":[{"href":"https:\/\/portais.santoandre.sp.gov.br\/conselhosaude\/wp-json\/wp\/v2\/types\/page"}],"author":[{"embeddable":true,"href":"https:\/\/portais.santoandre.sp.gov.br\/conselhosaude\/wp-json\/wp\/v2\/users\/39"}],"replies":[{"embeddable":true,"href":"https:\/\/portais.santoandre.sp.gov.br\/conselhosaude\/wp-json\/wp\/v2\/comments?post=126"}],"version-history":[{"count":1,"href":"https:\/\/portais.santoandre.sp.gov.br\/conselhosaude\/wp-json\/wp\/v2\/pages\/126\/revisions"}],"predecessor-version":[{"id":127,"href":"https:\/\/portais.santoandre.sp.gov.br\/conselhosaude\/wp-json\/wp\/v2\/pages\/126\/revisions\/127"}],"wp:attachment":[{"href":"https:\/\/portais.santoandre.sp.gov.br\/conselhosaude\/wp-json\/wp\/v2\/media?parent=126"}],"curies":[{"name":"wp","href":"https:\/\/api.w.org\/{rel}","templated":true}]}}