{"id":89,"date":"2025-03-31T14:50:02","date_gmt":"2025-03-31T17:50:02","guid":{"rendered":"https:\/\/portais.santoandre.sp.gov.br\/chmsa\/?page_id=89"},"modified":"2025-11-07T16:54:11","modified_gmt":"2025-11-07T19:54:11","slug":"imprensa","status":"publish","type":"page","link":"https:\/\/portais.santoandre.sp.gov.br\/chmsa\/imprensa\/","title":{"rendered":"Imprensa"},"content":{"rendered":"\n<p>O setor de Comunica\u00e7\u00e3o do CHMSA est\u00e1 subordinado \u00e0 Coordenadoria de Aten\u00e7\u00e3o Hospitalar de Santo Andr\u00e9 e tem interface direta com a Funda\u00e7\u00e3o do ABC (Fuabc) e as secretarias de Sa\u00fade e Comunica\u00e7\u00e3o. Criado em 2018, responde por a\u00e7\u00f5es estrat\u00e9gicas de comunica\u00e7\u00e3o interna, comunica\u00e7\u00e3o externa e assessoria de imprensa, promovendo e divulgando atividades realizadas na institui\u00e7\u00e3o junto aos funcion\u00e1rios, usu\u00e1rios da rede de sa\u00fade, popula\u00e7\u00e3o e jornalistas.<\/p>\n\n\n\n<p><strong><em>Contato:<\/em><\/strong><\/p>\n\n\n\n<p>Gustavo Baena<br>Comunica\u00e7\u00e3o \u2013 Rede de Aten\u00e7\u00e3o Hospitalar de Santo Andr\u00e9<br>(11) 4433-3709<br><a href=\"mailto:comunicacaochmsa@santoandre.sp.gov.br\">comunicacaochmsa@santoandre.sp.gov.br<\/a><\/p>\n\n\n\n<p><strong><em>Informa\u00e7\u00f5es \u00e0 imprensa:<\/em><\/strong><\/p>\n\n\n\n<p>As solicita\u00e7\u00f5es de imprensa a respeito do CHMSA devem ser encaminhadas diretamente \u00e0 Secretaria de Comunica\u00e7\u00e3o da Prefeitura de Santo Andr\u00e9.<br><a href=\"https:\/\/www3.santoandre.sp.gov.br\/chmsa\/index.php\/imprensa\/imprensa@santoandre.sp.gov.br\">imprensa@santoandre.sp.gov.br<\/a><\/p>\n","protected":false},"excerpt":{"rendered":"<p>O setor de Comunica\u00e7\u00e3o do CHMSA est\u00e1 subordinado \u00e0 Coordenadoria de Aten\u00e7\u00e3o Hospitalar de Santo Andr\u00e9 e tem interface direta com a Funda\u00e7\u00e3o do ABC (Fuabc) e as secretarias de Sa\u00fade e Comunica\u00e7\u00e3o. Criado em 2018, responde por a\u00e7\u00f5es estrat\u00e9gicas de comunica\u00e7\u00e3o interna, comunica\u00e7\u00e3o externa e assessoria de imprensa, promovendo e divulgando atividades realizadas na [&hellip;]<\/p>\n","protected":false},"author":77,"featured_media":0,"parent":0,"menu_order":0,"comment_status":"closed","ping_status":"closed","template":"","meta":{"footnotes":""},"class_list":["post-89","page","type-page","status-publish","hentry"],"_links":{"self":[{"href":"https:\/\/portais.santoandre.sp.gov.br\/chmsa\/wp-json\/wp\/v2\/pages\/89","targetHints":{"allow":["GET"]}}],"collection":[{"href":"https:\/\/portais.santoandre.sp.gov.br\/chmsa\/wp-json\/wp\/v2\/pages"}],"about":[{"href":"https:\/\/portais.santoandre.sp.gov.br\/chmsa\/wp-json\/wp\/v2\/types\/page"}],"author":[{"embeddable":true,"href":"https:\/\/portais.santoandre.sp.gov.br\/chmsa\/wp-json\/wp\/v2\/users\/77"}],"replies":[{"embeddable":true,"href":"https:\/\/portais.santoandre.sp.gov.br\/chmsa\/wp-json\/wp\/v2\/comments?post=89"}],"version-history":[{"count":2,"href":"https:\/\/portais.santoandre.sp.gov.br\/chmsa\/wp-json\/wp\/v2\/pages\/89\/revisions"}],"predecessor-version":[{"id":1903,"href":"https:\/\/portais.santoandre.sp.gov.br\/chmsa\/wp-json\/wp\/v2\/pages\/89\/revisions\/1903"}],"wp:attachment":[{"href":"https:\/\/portais.santoandre.sp.gov.br\/chmsa\/wp-json\/wp\/v2\/media?parent=89"}],"curies":[{"name":"wp","href":"https:\/\/api.w.org\/{rel}","templated":true}]}}