{"id":70,"date":"2025-03-31T14:27:38","date_gmt":"2025-03-31T17:27:38","guid":{"rendered":"https:\/\/portais.santoandre.sp.gov.br\/chmsa\/?page_id=70"},"modified":"2025-04-01T16:55:19","modified_gmt":"2025-04-01T19:55:19","slug":"internacao","status":"publish","type":"page","link":"https:\/\/portais.santoandre.sp.gov.br\/chmsa\/internacao\/","title":{"rendered":"Interna\u00e7\u00e3o"},"content":{"rendered":"\n<p class=\"has-black-color has-text-color has-link-color wp-elements-a1d9d52bd41ed5c4575d6e4952933076\">As interna\u00e7\u00f5es nas enfermarias do CHMSA ficam a cargo do setor de Admiss\u00f5es e Altas, localizado na Recep\u00e7\u00e3o Central do Centro Hospitalar Municipal de Santo Andr\u00e9 e que funciona 24 horas.<\/p>\n\n\n\n<p class=\"has-black-color has-text-color has-link-color wp-elements-d4f252e8a9295e0239ad8f8965b6abb9\">Para a realiza\u00e7\u00e3o de cirurgias eletivas, as interna\u00e7\u00f5es ocorrem a partir de acompanhamento ambulatorial e mediante pedido m\u00e9dico. Nesses casos, \u00e9 permitida, no ato da interna\u00e7\u00e3o, a presen\u00e7a de apenas 01 acompanhante maior de 18 anos (<em>recomenda-se n\u00e3o trazer crian\u00e7as<\/em>).<\/p>\n\n\n\n<p class=\"has-black-color has-text-color has-link-color wp-elements-27ea67b16135f72a887d16c3efdeb92e\">Documentos necess\u00e1rios para interna\u00e7\u00e3o:<\/p>\n\n\n\n<div class=\"wp-block-stackable-icon-list stk-block-icon-list stk-block stk-6c5528c\" data-block-id=\"6c5528c\"><svg style=\"display:none\"><defs><g id=\"stk-icon-list__icon-svg-def-6c5528c\"><svg xmlns=\"http:\/\/www.w3.org\/2000\/svg\" viewBox=\"0 0 190 190\"><polygon points=\"173.8,28.4 60.4,141.8 15.7,97.2 5.1,107.8 60.4,163 184.4,39 173.8,28.4\" \/><\/svg><\/g><\/defs><\/svg><ul class=\"stk-block-icon-list__ul stk-block-icon-list--column\">\n<li class=\"wp-block-stackable-icon-list-item stk-block-icon-list-item stk-block stk-cdc084b\" data-block-id=\"cdc084b\"><style>.stk-cdc084b .stk-block-icon-list-item__text{color:#000000 !important;}<\/style><div class=\"stk-block-icon-list-item__content\"><span class=\"stk--svg-wrapper\"><div class=\"stk--inner-svg\"><svg xmlns=\"http:\/\/www.w3.org\/2000\/svg\" viewBox=\"0 0 512 512\" aria-hidden=\"true\" width=\"32\" height=\"32\"><path d=\"M256 48a208 208 0 1 1 0 416 208 208 0 1 1 0-416zm0 464A256 256 0 1 0 256 0a256 256 0 1 0 0 512zM369 209c9.4-9.4 9.4-24.6 0-33.9s-24.6-9.4-33.9 0l-111 111-47-47c-9.4-9.4-24.6-9.4-33.9 0s-9.4 24.6 0 33.9l64 64c9.4 9.4 24.6 9.4 33.9 0L369 209z\"><\/path><\/svg><\/div><\/span><span class=\"stk-block-icon-list-item__text has-text-color\">Documento de identifica\u00e7\u00e3o com foto;<\/span><\/div><\/li>\n\n\n\n<li class=\"wp-block-stackable-icon-list-item stk-block-icon-list-item stk-block stk-05dd78d\" data-block-id=\"05dd78d\"><style>.stk-05dd78d .stk-block-icon-list-item__text{color:#000000 !important;}<\/style><div class=\"stk-block-icon-list-item__content\"><span class=\"stk--svg-wrapper\"><div class=\"stk--inner-svg\"><svg xmlns=\"http:\/\/www.w3.org\/2000\/svg\" viewBox=\"0 0 512 512\" aria-hidden=\"true\" width=\"32\" height=\"32\"><path d=\"M256 48a208 208 0 1 1 0 416 208 208 0 1 1 0-416zm0 464A256 256 0 1 0 256 0a256 256 0 1 0 0 512zM369 209c9.4-9.4 9.4-24.6 0-33.9s-24.6-9.4-33.9 0l-111 111-47-47c-9.4-9.4-24.6-9.4-33.9 0s-9.4 24.6 0 33.9l64 64c9.4 9.4 24.6 9.4 33.9 0L369 209z\"><\/path><\/svg><\/div><\/span><span class=\"stk-block-icon-list-item__text has-text-color\">Cart\u00e3o SUS;<\/span><\/div><\/li>\n\n\n\n<li class=\"wp-block-stackable-icon-list-item stk-block-icon-list-item stk-block stk-86936ec\" data-block-id=\"86936ec\"><style>.stk-86936ec .stk-block-icon-list-item__text{color:#000000 !important;}<\/style><div class=\"stk-block-icon-list-item__content\"><span class=\"stk--svg-wrapper\"><div class=\"stk--inner-svg\"><svg xmlns=\"http:\/\/www.w3.org\/2000\/svg\" viewBox=\"0 0 512 512\" aria-hidden=\"true\" width=\"32\" height=\"32\"><path d=\"M256 48a208 208 0 1 1 0 416 208 208 0 1 1 0-416zm0 464A256 256 0 1 0 256 0a256 256 0 1 0 0 512zM369 209c9.4-9.4 9.4-24.6 0-33.9s-24.6-9.4-33.9 0l-111 111-47-47c-9.4-9.4-24.6-9.4-33.9 0s-9.4 24.6 0 33.9l64 64c9.4 9.4 24.6 9.4 33.9 0L369 209z\"><\/path><\/svg><\/div><\/span><span class=\"stk-block-icon-list-item__text has-text-color\">Comprovante de endere\u00e7o (para atualiza\u00e7\u00e3o de dados cadastrais)<\/span><\/div><\/li>\n<\/ul><\/div>\n\n\n\n<p class=\"has-black-color has-text-color has-link-color wp-elements-399e05895369a444d4399d30068d8d29\">Interna\u00e7\u00f5es para cirurgias de Emerg\u00eancia s\u00e3o conduzidas via Pronto-Socorro. Para consultar orienta\u00e7\u00f5es para visitantes e acompanhantes, clique&nbsp;<a href=\"https:\/\/portais.santoandre.sp.gov.br\/chmsa\/orientacoes-a-acompanhantes-e-visitantes\/\" data-type=\"page\" data-id=\"72\">aqui<\/a>.<\/p>\n\n\n\n<p><\/p>\n","protected":false},"excerpt":{"rendered":"<p>As interna\u00e7\u00f5es nas enfermarias do CHMSA ficam a cargo do setor de Admiss\u00f5es e Altas, localizado na Recep\u00e7\u00e3o Central do Centro Hospitalar Municipal de Santo Andr\u00e9 e que funciona 24 horas. Para a realiza\u00e7\u00e3o de cirurgias eletivas, as interna\u00e7\u00f5es ocorrem a partir de acompanhamento ambulatorial e mediante pedido m\u00e9dico. Nesses casos, \u00e9 permitida, no ato [&hellip;]<\/p>\n","protected":false},"author":77,"featured_media":0,"parent":0,"menu_order":0,"comment_status":"closed","ping_status":"closed","template":"","meta":{"footnotes":""},"class_list":["post-70","page","type-page","status-publish","hentry"],"_links":{"self":[{"href":"https:\/\/portais.santoandre.sp.gov.br\/chmsa\/wp-json\/wp\/v2\/pages\/70","targetHints":{"allow":["GET"]}}],"collection":[{"href":"https:\/\/portais.santoandre.sp.gov.br\/chmsa\/wp-json\/wp\/v2\/pages"}],"about":[{"href":"https:\/\/portais.santoandre.sp.gov.br\/chmsa\/wp-json\/wp\/v2\/types\/page"}],"author":[{"embeddable":true,"href":"https:\/\/portais.santoandre.sp.gov.br\/chmsa\/wp-json\/wp\/v2\/users\/77"}],"replies":[{"embeddable":true,"href":"https:\/\/portais.santoandre.sp.gov.br\/chmsa\/wp-json\/wp\/v2\/comments?post=70"}],"version-history":[{"count":3,"href":"https:\/\/portais.santoandre.sp.gov.br\/chmsa\/wp-json\/wp\/v2\/pages\/70\/revisions"}],"predecessor-version":[{"id":1675,"href":"https:\/\/portais.santoandre.sp.gov.br\/chmsa\/wp-json\/wp\/v2\/pages\/70\/revisions\/1675"}],"wp:attachment":[{"href":"https:\/\/portais.santoandre.sp.gov.br\/chmsa\/wp-json\/wp\/v2\/media?parent=70"}],"curies":[{"name":"wp","href":"https:\/\/api.w.org\/{rel}","templated":true}]}}