{"id":57,"date":"2025-03-31T14:14:24","date_gmt":"2025-03-31T17:14:24","guid":{"rendered":"https:\/\/portais.santoandre.sp.gov.br\/chmsa\/?page_id=57"},"modified":"2025-11-04T13:45:19","modified_gmt":"2025-11-04T16:45:19","slug":"hospital-universitario","status":"publish","type":"page","link":"https:\/\/portais.santoandre.sp.gov.br\/chmsa\/hospital-universitario\/","title":{"rendered":"Hospital Universit\u00e1rio"},"content":{"rendered":"\n<p>Na d\u00e9cada de 1970, o Centro Hospitalar Municipal de Santo Andr\u00e9 Dr. Newton da Costa Brand\u00e3o, ainda sob a denomina\u00e7\u00e3o Hospital Municipal, tornou-se hospital de ensino, recebendo as primeiras turmas da Faculdade de Medicina do ABC, hoje Centro Universit\u00e1rio FMABC.<\/p>\n\n\n\n<p>O CHMSA \u00e9 hoje um hospital universit\u00e1rio n\u00e3o apenas para acad\u00eamicos de Medicina como de outras \u00e1reas da Sa\u00fade, exemplo de Enfermagem, Nutri\u00e7\u00e3o e Fisioterapia. Para essa finalidade, conta com Centro de Pesquisa e Biblioteca.<\/p>\n\n\n\n<p>Frequentemente, s\u00e3o promovidos, no audit\u00f3rio do hospital, encontros para a integra\u00e7\u00e3o de novos m\u00e9dicos residentes do Centro Universit\u00e1rio FMABC e de outras institui\u00e7\u00f5es de ensino, que atuam em especialidades como Cl\u00ednica M\u00e9dica, Cirurgia Geral, Cirurgia Pl\u00e1stica, Pediatria e Psiquiatria, entre outras, totalizando 25 programas de resid\u00eancia. Eles acompanham palestras sobre aspectos \u00e9ticos no atendimento m\u00e9dico, controle de infec\u00e7\u00f5es hospitalares, gerenciamento de res\u00edduos, al\u00e9m de conte\u00fados acad\u00eamicos, e se familiarizam com os manuais de normas e condutas seguidos pelo CHMSA.<\/p>\n\n\n\n<p><strong>Ensino e Pesquisa<\/strong><\/p>\n\n\n\n<p>O Centro Hospitalar Municipal de Santo Andr\u00e9 foi pioneiro na regi\u00e3o do ABC ao integrar a Rede Universit\u00e1ria de Telemedicina (RUTE). Em 2009, teve in\u00edcio processo de habilita\u00e7\u00e3o e desenvolvimento, que culminou na implanta\u00e7\u00e3o de um n\u00facleo voltado \u00e0 educa\u00e7\u00e3o continuada, ao desenvolvimento de pesquisa, an\u00e1lise de diagn\u00f3sticos e troca de experi\u00eancias entre os profissionais da sa\u00fade, inaugurado em 2014.<\/p>\n\n\n\n<p>O servi\u00e7o, instalado ao lado do Centro de Estudos, Biblioteca e Audit\u00f3rio, \u00e9 respons\u00e1vel pela conex\u00e3o de hospitais p\u00fablicos universit\u00e1rios e de ensino espalhados pelas cinco regi\u00f5es do pa\u00eds e contribui para o aprimoramento da assist\u00eancia \u00e0 popula\u00e7\u00e3o dependente do SUS (Sistema \u00danico de Sa\u00fade).<\/p>\n\n\n\n<p>O N\u00facleo de Telemedicina, que tem o Centro Universit\u00e1rio FMABC como parceiro, funciona em sala de 30m\u00b2, com capacidade para 29 participantes. A \u00e1rea, com isolamento e atenua\u00e7\u00e3o ac\u00fastica, \u00e9 especialmente equipada para a realiza\u00e7\u00e3o de videoconfer\u00eancias, al\u00e9m de encontros entre profissionais das v\u00e1rias institui\u00e7\u00f5es de ensino que atuam no hospital.<\/p>\n\n\n\n<div class=\"wp-block-stackable-image stk-block-image stk-block stk-fc4478e\" data-block-id=\"fc4478e\"><style>.stk-fc4478e .stk-img-wrapper{width:368px !important;height:250px !important;}<\/style><figure><span class=\"stk-img-wrapper stk-image--shape-stretch\"><img fetchpriority=\"high\" decoding=\"async\" class=\"stk-img wp-image-59\" src=\"https:\/\/portais.santoandre.sp.gov.br\/chmsa\/wp-content\/uploads\/sites\/29\/2025\/03\/O-HOSPITAL-Hospital-de-Ensino.-768x521-1.jpeg\" width=\"768\" height=\"521\" srcset=\"https:\/\/portais.santoandre.sp.gov.br\/chmsa\/wp-content\/uploads\/sites\/29\/2025\/03\/O-HOSPITAL-Hospital-de-Ensino.-768x521-1.jpeg 768w, https:\/\/portais.santoandre.sp.gov.br\/chmsa\/wp-content\/uploads\/sites\/29\/2025\/03\/O-HOSPITAL-Hospital-de-Ensino.-768x521-1-300x204.jpeg 300w\" sizes=\"(max-width: 768px) 100vw, 768px\" \/><\/span><\/figure><\/div>\n\n\n\n<p><\/p>\n","protected":false},"excerpt":{"rendered":"<p>Na d\u00e9cada de 1970, o Centro Hospitalar Municipal de Santo Andr\u00e9 Dr. Newton da Costa Brand\u00e3o, ainda sob a denomina\u00e7\u00e3o Hospital Municipal, tornou-se hospital de ensino, recebendo as primeiras turmas da Faculdade de Medicina do ABC, hoje Centro Universit\u00e1rio FMABC. O CHMSA \u00e9 hoje um hospital universit\u00e1rio n\u00e3o apenas para acad\u00eamicos de Medicina como de [&hellip;]<\/p>\n","protected":false},"author":77,"featured_media":0,"parent":0,"menu_order":0,"comment_status":"closed","ping_status":"closed","template":"","meta":{"footnotes":""},"class_list":["post-57","page","type-page","status-publish","hentry"],"_links":{"self":[{"href":"https:\/\/portais.santoandre.sp.gov.br\/chmsa\/wp-json\/wp\/v2\/pages\/57","targetHints":{"allow":["GET"]}}],"collection":[{"href":"https:\/\/portais.santoandre.sp.gov.br\/chmsa\/wp-json\/wp\/v2\/pages"}],"about":[{"href":"https:\/\/portais.santoandre.sp.gov.br\/chmsa\/wp-json\/wp\/v2\/types\/page"}],"author":[{"embeddable":true,"href":"https:\/\/portais.santoandre.sp.gov.br\/chmsa\/wp-json\/wp\/v2\/users\/77"}],"replies":[{"embeddable":true,"href":"https:\/\/portais.santoandre.sp.gov.br\/chmsa\/wp-json\/wp\/v2\/comments?post=57"}],"version-history":[{"count":3,"href":"https:\/\/portais.santoandre.sp.gov.br\/chmsa\/wp-json\/wp\/v2\/pages\/57\/revisions"}],"predecessor-version":[{"id":1885,"href":"https:\/\/portais.santoandre.sp.gov.br\/chmsa\/wp-json\/wp\/v2\/pages\/57\/revisions\/1885"}],"wp:attachment":[{"href":"https:\/\/portais.santoandre.sp.gov.br\/chmsa\/wp-json\/wp\/v2\/media?parent=57"}],"curies":[{"name":"wp","href":"https:\/\/api.w.org\/{rel}","templated":true}]}}