{"id":55,"date":"2025-03-31T14:12:55","date_gmt":"2025-03-31T17:12:55","guid":{"rendered":"https:\/\/portais.santoandre.sp.gov.br\/chmsa\/?page_id=55"},"modified":"2026-01-27T15:12:21","modified_gmt":"2026-01-27T18:12:21","slug":"corpo-diretivo","status":"publish","type":"page","link":"https:\/\/portais.santoandre.sp.gov.br\/chmsa\/corpo-diretivo\/","title":{"rendered":"Corpo Diretivo"},"content":{"rendered":"\n<p><strong>Diretor Geral\/T\u00e9cnico:<\/strong>&nbsp;Dr. Willian Ribeiro Faria (CRM 193.284)<br><strong>Diretor Cl\u00ednico:&nbsp;<\/strong>Dr. Matheus Vieira Cury Smith (CRM 180.176)<br><strong>Ger\u00eancia M\u00e9dica:<\/strong>&nbsp;Veridiana Abud (CRM 189.327)<br><strong>Ger\u00eancia de Enfermagem:&nbsp;<\/strong>Val\u00e9ria dos Santos (Coren 162.535)<br><strong>Ger\u00eancia Administrativa:&nbsp;<\/strong>B\u00e1rbara Ives Rodrigues Soares<\/p>\n\n\n\n<p><strong><strong><u>Funda\u00e7\u00e3o do ABC<\/u><\/strong><\/strong><\/p>\n\n\n\n<p><strong>Presidente:<\/strong>\u00a0<br><strong>Vice-Presidente:\u00a0<\/strong><br><strong>Secret\u00e1rio-Geral:\u00a0<\/strong><\/p>\n\n\n\n<p><strong><strong><u>Secretaria Municipal de Sa\u00fade<\/u><\/strong><\/strong><\/p>\n\n\n\n<p><strong>Secret\u00e1rio:<\/strong>&nbsp;Edson Salvo Melo<br><strong>Secret\u00e1ria Adjunta:<\/strong>&nbsp;Vanessa Crispim<\/p>\n\n\n\n<p><strong><u>Prefeitura de Santo Andr\u00e9<\/u><\/strong><\/p>\n\n\n\n<p><strong>Prefeito:<\/strong>&nbsp;Gilvan Ferreira<br><strong>Vice-Prefeita:<\/strong>&nbsp;Silvana Medeiros<\/p>\n","protected":false},"excerpt":{"rendered":"<p>Diretor Geral\/T\u00e9cnico:&nbsp;Dr. Willian Ribeiro Faria (CRM 193.284)Diretor Cl\u00ednico:&nbsp;Dr. Matheus Vieira Cury Smith (CRM 180.176)Ger\u00eancia M\u00e9dica:&nbsp;Veridiana Abud (CRM 189.327)Ger\u00eancia de Enfermagem:&nbsp;Val\u00e9ria dos Santos (Coren 162.535)Ger\u00eancia Administrativa:&nbsp;B\u00e1rbara Ives Rodrigues Soares Funda\u00e7\u00e3o do ABC Presidente:\u00a0Vice-Presidente:\u00a0Secret\u00e1rio-Geral:\u00a0 Secretaria Municipal de Sa\u00fade Secret\u00e1rio:&nbsp;Edson Salvo MeloSecret\u00e1ria Adjunta:&nbsp;Vanessa Crispim Prefeitura de Santo Andr\u00e9 Prefeito:&nbsp;Gilvan FerreiraVice-Prefeita:&nbsp;Silvana Medeiros<\/p>\n","protected":false},"author":77,"featured_media":0,"parent":0,"menu_order":0,"comment_status":"closed","ping_status":"closed","template":"","meta":{"footnotes":""},"class_list":["post-55","page","type-page","status-publish","hentry"],"_links":{"self":[{"href":"https:\/\/portais.santoandre.sp.gov.br\/chmsa\/wp-json\/wp\/v2\/pages\/55","targetHints":{"allow":["GET"]}}],"collection":[{"href":"https:\/\/portais.santoandre.sp.gov.br\/chmsa\/wp-json\/wp\/v2\/pages"}],"about":[{"href":"https:\/\/portais.santoandre.sp.gov.br\/chmsa\/wp-json\/wp\/v2\/types\/page"}],"author":[{"embeddable":true,"href":"https:\/\/portais.santoandre.sp.gov.br\/chmsa\/wp-json\/wp\/v2\/users\/77"}],"replies":[{"embeddable":true,"href":"https:\/\/portais.santoandre.sp.gov.br\/chmsa\/wp-json\/wp\/v2\/comments?post=55"}],"version-history":[{"count":11,"href":"https:\/\/portais.santoandre.sp.gov.br\/chmsa\/wp-json\/wp\/v2\/pages\/55\/revisions"}],"predecessor-version":[{"id":1916,"href":"https:\/\/portais.santoandre.sp.gov.br\/chmsa\/wp-json\/wp\/v2\/pages\/55\/revisions\/1916"}],"wp:attachment":[{"href":"https:\/\/portais.santoandre.sp.gov.br\/chmsa\/wp-json\/wp\/v2\/media?parent=55"}],"curies":[{"name":"wp","href":"https:\/\/api.w.org\/{rel}","templated":true}]}}