{"id":32,"date":"2025-03-31T13:43:11","date_gmt":"2025-03-31T16:43:11","guid":{"rendered":"https:\/\/portais.santoandre.sp.gov.br\/chmsa\/?page_id=32"},"modified":"2025-11-05T14:46:51","modified_gmt":"2025-11-05T17:46:51","slug":"humanizacao-e-voluntariado","status":"publish","type":"page","link":"https:\/\/portais.santoandre.sp.gov.br\/chmsa\/humanizacao-e-voluntariado\/","title":{"rendered":"Humaniza\u00e7\u00e3o e Voluntariado"},"content":{"rendered":"\n<p>Dentro do criterioso processo de reestrutura\u00e7\u00e3o de toda a rede de sa\u00fade da cidade, orientado pela atual administra\u00e7\u00e3o, constam n\u00e3o apenas a qualifica\u00e7\u00e3o estrutural das unidades e a informatiza\u00e7\u00e3o dos sistemas, mas a gest\u00e3o do cuidado, inclusive no Centro Hospitalar Municipal de Santo Andr\u00e9, o CHMSA. Isso vai de encontro \u00e0 valoriza\u00e7\u00e3o do trabalhador e dos usu\u00e1rios dos servi\u00e7os, tendo como meta um atendimento cada vez mais \u00e1gil, acolhedor e resolutivo, ou seja, humanizado.<\/p>\n\n\n\n<p>A Pol\u00edtica Nacional de Humaniza\u00e7\u00e3o (PNH) do SUS, institu\u00edda em 2003 pelo Minist\u00e9rio da Sa\u00fade, preconiza a valoriza\u00e7\u00e3o das rela\u00e7\u00f5es e da comunica\u00e7\u00e3o entre gestores, trabalhadores e usu\u00e1rios por meio da cria\u00e7\u00e3o de v\u00ednculos solid\u00e1rios e da participa\u00e7\u00e3o coletiva nos processos de gest\u00e3o e de produ\u00e7\u00e3o de sa\u00fade. A responsabilidade compartilhada produz mudan\u00e7as no modo de gerir e cuidar.<\/p>\n\n\n\n<p>Um SUS mais humano se constr\u00f3i com a participa\u00e7\u00e3o de todos e o comprometimento com a qualidade dos seus servi\u00e7os e com a sa\u00fade integral para todos e qualquer um. Um SUS mais humano reconhece a diversidade do povo brasileiro e a todos oferece a mesma aten\u00e7\u00e3o \u00e0 sa\u00fade, sem distin\u00e7\u00e3o de idade, etnia, origem, g\u00eanero e orienta\u00e7\u00e3o sexual.<\/p>\n\n\n<div class=\"wp-block-image\">\n<figure class=\"aligncenter size-full\"><img fetchpriority=\"high\" decoding=\"async\" width=\"600\" height=\"400\" src=\"https:\/\/portais.santoandre.sp.gov.br\/chmsa\/wp-content\/uploads\/sites\/29\/2025\/11\/WhatsApp-Image-2025-11-04-at-12.22.29-1.jpeg\" alt=\"\" class=\"wp-image-1882\" srcset=\"https:\/\/portais.santoandre.sp.gov.br\/chmsa\/wp-content\/uploads\/sites\/29\/2025\/11\/WhatsApp-Image-2025-11-04-at-12.22.29-1.jpeg 600w, https:\/\/portais.santoandre.sp.gov.br\/chmsa\/wp-content\/uploads\/sites\/29\/2025\/11\/WhatsApp-Image-2025-11-04-at-12.22.29-1-300x200.jpeg 300w\" sizes=\"(max-width: 600px) 100vw, 600px\" \/><\/figure><\/div>\n\n\n<p><strong>A Humaniza\u00e7\u00e3o busca:<\/strong><\/p>\n\n\n\n<div class=\"wp-block-stackable-icon-list stk-block-icon-list stk-block stk-fb40cb1\" data-block-id=\"fb40cb1\"><svg style=\"display:none\"><defs><g id=\"stk-icon-list__icon-svg-def-fb40cb1\"><svg xmlns=\"http:\/\/www.w3.org\/2000\/svg\" viewBox=\"0 0 190 190\"><polygon points=\"173.8,28.4 60.4,141.8 15.7,97.2 5.1,107.8 60.4,163 184.4,39 173.8,28.4\" \/><\/svg><\/g><\/defs><\/svg><ul class=\"stk-block-icon-list__ul stk-block-icon-list--column\">\n<li class=\"wp-block-stackable-icon-list-item stk-block-icon-list-item stk-block stk-9d7ca31\" data-block-id=\"9d7ca31\"><div class=\"stk-block-icon-list-item__content\"><span class=\"stk--svg-wrapper\"><div class=\"stk--inner-svg\"><svg xmlns=\"http:\/\/www.w3.org\/2000\/svg\" viewBox=\"0 0 512 512\" aria-hidden=\"true\" width=\"32\" height=\"32\"><path d=\"M256 48a208 208 0 1 1 0 416 208 208 0 1 1 0-416zm0 464A256 256 0 1 0 256 0a256 256 0 1 0 0 512zM369 209c9.4-9.4 9.4-24.6 0-33.9s-24.6-9.4-33.9 0l-111 111-47-47c-9.4-9.4-24.6-9.4-33.9 0s-9.4 24.6 0 33.9l64 64c9.4 9.4 24.6 9.4 33.9 0L369 209z\"><\/path><\/svg><\/div><\/span><span class=\"stk-block-icon-list-item__text\">Redu\u00e7\u00e3o de filas e do tempo de espera, com amplia\u00e7\u00e3o do acesso;<\/span><\/div><\/li>\n\n\n\n<li class=\"wp-block-stackable-icon-list-item stk-block-icon-list-item stk-block stk-a473966\" data-block-id=\"a473966\"><div class=\"stk-block-icon-list-item__content\"><span class=\"stk--svg-wrapper\"><div class=\"stk--inner-svg\"><svg xmlns=\"http:\/\/www.w3.org\/2000\/svg\" viewBox=\"0 0 512 512\" aria-hidden=\"true\" width=\"32\" height=\"32\"><path d=\"M256 48a208 208 0 1 1 0 416 208 208 0 1 1 0-416zm0 464A256 256 0 1 0 256 0a256 256 0 1 0 0 512zM369 209c9.4-9.4 9.4-24.6 0-33.9s-24.6-9.4-33.9 0l-111 111-47-47c-9.4-9.4-24.6-9.4-33.9 0s-9.4 24.6 0 33.9l64 64c9.4 9.4 24.6 9.4 33.9 0L369 209z\"><\/path><\/svg><\/div><\/span><span class=\"stk-block-icon-list-item__text\">Atendimento acolhedor e resolutivo baseado em crit\u00e9rios de risco;<\/span><\/div><\/li>\n\n\n\n<li class=\"wp-block-stackable-icon-list-item stk-block-icon-list-item stk-block stk-1ec3e50\" data-block-id=\"1ec3e50\"><div class=\"stk-block-icon-list-item__content\"><span class=\"stk--svg-wrapper\"><div class=\"stk--inner-svg\"><svg xmlns=\"http:\/\/www.w3.org\/2000\/svg\" viewBox=\"0 0 512 512\" aria-hidden=\"true\" width=\"32\" height=\"32\"><path d=\"M256 48a208 208 0 1 1 0 416 208 208 0 1 1 0-416zm0 464A256 256 0 1 0 256 0a256 256 0 1 0 0 512zM369 209c9.4-9.4 9.4-24.6 0-33.9s-24.6-9.4-33.9 0l-111 111-47-47c-9.4-9.4-24.6-9.4-33.9 0s-9.4 24.6 0 33.9l64 64c9.4 9.4 24.6 9.4 33.9 0L369 209z\"><\/path><\/svg><\/div><\/span><span class=\"stk-block-icon-list-item__text\">Implanta\u00e7\u00e3o de modelo de aten\u00e7\u00e3o com responsabiliza\u00e7\u00e3o e v\u00ednculo;<\/span><\/div><\/li>\n\n\n\n<li class=\"wp-block-stackable-icon-list-item stk-block-icon-list-item stk-block stk-bea8eb4\" data-block-id=\"bea8eb4\"><div class=\"stk-block-icon-list-item__content\"><span class=\"stk--svg-wrapper\"><div class=\"stk--inner-svg\"><svg xmlns=\"http:\/\/www.w3.org\/2000\/svg\" viewBox=\"0 0 512 512\" aria-hidden=\"true\" width=\"32\" height=\"32\"><path d=\"M256 48a208 208 0 1 1 0 416 208 208 0 1 1 0-416zm0 464A256 256 0 1 0 256 0a256 256 0 1 0 0 512zM369 209c9.4-9.4 9.4-24.6 0-33.9s-24.6-9.4-33.9 0l-111 111-47-47c-9.4-9.4-24.6-9.4-33.9 0s-9.4 24.6 0 33.9l64 64c9.4 9.4 24.6 9.4 33.9 0L369 209z\"><\/path><\/svg><\/div><\/span><span class=\"stk-block-icon-list-item__text\">Garantia dos direitos dos usu\u00e1rios;<\/span><\/div><\/li>\n\n\n\n<li class=\"wp-block-stackable-icon-list-item stk-block-icon-list-item stk-block stk-734005f\" data-block-id=\"734005f\"><div class=\"stk-block-icon-list-item__content\"><span class=\"stk--svg-wrapper\"><div class=\"stk--inner-svg\"><svg xmlns=\"http:\/\/www.w3.org\/2000\/svg\" viewBox=\"0 0 512 512\" aria-hidden=\"true\" width=\"32\" height=\"32\"><path d=\"M256 48a208 208 0 1 1 0 416 208 208 0 1 1 0-416zm0 464A256 256 0 1 0 256 0a256 256 0 1 0 0 512zM369 209c9.4-9.4 9.4-24.6 0-33.9s-24.6-9.4-33.9 0l-111 111-47-47c-9.4-9.4-24.6-9.4-33.9 0s-9.4 24.6 0 33.9l64 64c9.4 9.4 24.6 9.4 33.9 0L369 209z\"><\/path><\/svg><\/div><\/span><span class=\"stk-block-icon-list-item__text\">Valoriza\u00e7\u00e3o do trabalho na sa\u00fade;<\/span><\/div><\/li>\n\n\n\n<li class=\"wp-block-stackable-icon-list-item stk-block-icon-list-item stk-block stk-ff45219\" data-block-id=\"ff45219\"><div class=\"stk-block-icon-list-item__content\"><span class=\"stk--svg-wrapper\"><div class=\"stk--inner-svg\"><svg xmlns=\"http:\/\/www.w3.org\/2000\/svg\" viewBox=\"0 0 512 512\" aria-hidden=\"true\" width=\"32\" height=\"32\"><path d=\"M256 48a208 208 0 1 1 0 416 208 208 0 1 1 0-416zm0 464A256 256 0 1 0 256 0a256 256 0 1 0 0 512zM369 209c9.4-9.4 9.4-24.6 0-33.9s-24.6-9.4-33.9 0l-111 111-47-47c-9.4-9.4-24.6-9.4-33.9 0s-9.4 24.6 0 33.9l64 64c9.4 9.4 24.6 9.4 33.9 0L369 209z\"><\/path><\/svg><\/div><\/span><span class=\"stk-block-icon-list-item__text\">Gest\u00e3o participativa nos servi\u00e7os.<\/span><\/div><\/li>\n<\/ul><\/div>\n\n\n\n<p><strong>ATIVIDADES DE HUMANIZA\u00c7\u00c3O NO HOSPITAL:<\/strong><\/p>\n\n\n\n<p>O CHMSA multiplica as diretrizes da PNH em seu dia-a-dia, fortalecendo iniciativas de humaniza\u00e7\u00e3o existentes e estimulando novas pr\u00e1ticas, inclusive junto ao terceiro setor. A\u00e7\u00f5es promovidas freq\u00fcentemente, em parceria com ONGs (Organiza\u00e7\u00f5es N\u00e3o Governamentais) e projetos sociais, s\u00e3o importantes para o desenvolvimento humanizado do equipamento municipal de sa\u00fade. Entre elas, destacam-se visitas de contadores de hist\u00f3rias, clowns e c\u00e3es (pet terapia), al\u00e9m de atividades de m\u00fasica e pintura, seja nas enfermarias da Cl\u00ednica M\u00e9dica e Cl\u00ednica Cir\u00fargica, Pediatria ou Psiquiatria. Considerando a import\u00e2ncia do servi\u00e7o de volunt\u00e1rios e seu compromisso e dedica\u00e7\u00e3o aos nossos usu\u00e1rios, propomos sua atua\u00e7\u00e3o em conjunto com as equipes de enfermagem, servi\u00e7o social e coordenadores, consolidando a parceria e prestando o devido suporte a todos que necessitam. O trabalho volunt\u00e1rio, a promo\u00e7\u00e3o do voluntariado e apoio aos volunt\u00e1rios est\u00e3o enquadrados pela Lei do Voluntariado \u2013 Lei n\u00ba 9.608, de 18\/02\/1998.<\/p>\n\n\n\n<p><strong>Respons\u00e1vel pelas a\u00e7\u00f5es de voluntariado:&nbsp;<\/strong><\/p>\n\n\n\n<div class=\"wp-block-group is-vertical is-layout-flex wp-container-core-group-is-layout-8cf370e7 wp-block-group-is-layout-flex\">\n<p>Marli Bernardo da Silva<\/p>\n\n\n\n<p>Contato: (11) 4433-3680<br>E-mail: mbsilva@santoandre.sp.gov.br<\/p>\n<\/div>\n\n\n\n<div class=\"wp-block-stackable-columns stk-block-columns stk-block stk-b75427d\" data-block-id=\"b75427d\"><div class=\"stk-row stk-inner-blocks stk-block-content stk-content-align stk-b75427d-column\">\n<div class=\"wp-block-stackable-column stk-block-column stk-column stk-block stk-1c08745\" data-v=\"4\" data-block-id=\"1c08745\"><div class=\"stk-column-wrapper stk-block-column__content stk-container stk-1c08745-container stk--no-background stk--no-padding\"><div class=\"stk-block-content stk-inner-blocks stk-1c08745-inner-blocks\">\n<div class=\"wp-block-stackable-image stk-block-image stk-block stk-1db8d74\" data-block-id=\"1db8d74\"><style>.stk-1db8d74 .stk-img-wrapper{height:260px !important;}<\/style><figure><span class=\"stk-img-wrapper stk-image--shape-stretch\"><img decoding=\"async\" class=\"stk-img wp-image-35\" src=\"https:\/\/portais.santoandre.sp.gov.br\/chmsa\/wp-content\/uploads\/sites\/29\/2025\/03\/pet-terapia-site-3-675x450-1.jpg\" width=\"675\" height=\"450\" srcset=\"https:\/\/portais.santoandre.sp.gov.br\/chmsa\/wp-content\/uploads\/sites\/29\/2025\/03\/pet-terapia-site-3-675x450-1.jpg 675w, https:\/\/portais.santoandre.sp.gov.br\/chmsa\/wp-content\/uploads\/sites\/29\/2025\/03\/pet-terapia-site-3-675x450-1-300x200.jpg 300w\" sizes=\"(max-width: 675px) 100vw, 675px\" \/><\/span><\/figure><\/div>\n<\/div><\/div><\/div>\n\n\n\n<div class=\"wp-block-stackable-column stk-block-column stk-column stk-block stk-4ca833c\" data-v=\"4\" data-block-id=\"4ca833c\"><div class=\"stk-column-wrapper stk-block-column__content stk-container stk-4ca833c-container stk--no-background stk--no-padding\"><div class=\"stk-block-content stk-inner-blocks stk-4ca833c-inner-blocks\">\n<div class=\"wp-block-stackable-image stk-block-image stk-block stk-a61a7a6\" data-block-id=\"a61a7a6\"><style>.stk-a61a7a6 .stk-img-wrapper{width:100% !important;height:260px !important;}<\/style><figure><span class=\"stk-img-wrapper stk-image--shape-stretch\"><img decoding=\"async\" class=\"stk-img wp-image-34\" src=\"https:\/\/portais.santoandre.sp.gov.br\/chmsa\/wp-content\/uploads\/sites\/29\/2025\/03\/sorrir-8.jpg\" width=\"800\" height=\"600\" srcset=\"https:\/\/portais.santoandre.sp.gov.br\/chmsa\/wp-content\/uploads\/sites\/29\/2025\/03\/sorrir-8.jpg 800w, https:\/\/portais.santoandre.sp.gov.br\/chmsa\/wp-content\/uploads\/sites\/29\/2025\/03\/sorrir-8-300x225.jpg 300w, https:\/\/portais.santoandre.sp.gov.br\/chmsa\/wp-content\/uploads\/sites\/29\/2025\/03\/sorrir-8-768x576.jpg 768w\" sizes=\"(max-width: 800px) 100vw, 800px\" \/><\/span><\/figure><\/div>\n<\/div><\/div><\/div>\n<\/div><\/div>\n\n\n\n<p><strong>VOLUNTARIADO*:<\/strong><\/p>\n\n\n\n<p><strong><u>AVSSA (Associa\u00e7\u00e3o dos Volunt\u00e1rios da Sa\u00fade de Santo Andr\u00e9)<\/u><\/strong><\/p>\n\n\n\n<p>Popularmente conhecidas como \u201cRosinhas do CHM\u201d (devido aos tradicionais aventais na cor rosa), as volunt\u00e1rias da AVSSA, h\u00e1 mais de 20 anos, servem kits com bolachas doces e salgadas, al\u00e9m de caf\u00e9 e ch\u00e1, a pacientes e familiares do hospital. Tamb\u00e9m se dedicam \u00e0 leitura para acamados e, dentre outros suportes a pacientes e acompanhantes, oferecem sorrisos!<\/p>\n\n\n\n<div class=\"wp-block-group is-vertical is-layout-flex wp-container-core-group-is-layout-8cf370e7 wp-block-group-is-layout-flex\">\n<p>E-mail:&nbsp;<a href=\"mailto:atendimento@avssa.or.br\">atendimento@avssa.org.br<\/a><\/p>\n\n\n\n<p>Presidente: Aparecida M. Leite (<a href=\"mailto:cidinha@avssa.org.br\">cidinha@avssa.org.br<\/a>)<\/p>\n<\/div>\n\n\n\n<p><strong><u>Capelania Hospitalar<\/u><\/strong><\/p>\n\n\n\n<p>O CHMSA proporciona o acompanhamento espiritual dos pacientes internados e de seus respectivos familiares por meio das atividades das capelanias Cat\u00f3lica e Evang\u00e9lica, esta \u00faltima implantada a partir de 2009. Ambas atuam dentro do prop\u00f3sito de auxiliar no encontro da paz, harmonia, confian\u00e7a e solidariedade, participando ativamente do processo de humaniza\u00e7\u00e3o do ambiente hospitalar. Tamb\u00e9m se fazem presentes em todos os momentos da vida social do hospital: P\u00e1scoa, Natal, Dia do Enfermo, entre outros. A atua\u00e7\u00e3o da Capelania ocorre a partir de um di\u00e1logo interdisciplinar, com aten\u00e7\u00e3o e respeito aos demais profissionais que atuam no servi\u00e7o, facilitando o encontro do paciente consigo mesmo, com a sua f\u00e9 e a realidade que o cerca.<\/p>\n\n\n\n<p><strong>&nbsp;<\/strong><strong>\u2013 Capelania Cat\u00f3lica:<\/strong><\/p>\n\n\n\n<div class=\"wp-block-stackable-image stk-block-image stk-block stk-eba379f\" data-block-id=\"eba379f\"><style>.stk-eba379f .stk-img-wrapper{width:640px !important;}<\/style><figure><span class=\"stk-img-wrapper stk-image--shape-stretch\"><img loading=\"lazy\" decoding=\"async\" class=\"stk-img wp-image-37\" src=\"https:\/\/portais.santoandre.sp.gov.br\/chmsa\/wp-content\/uploads\/sites\/29\/2025\/03\/32296210277_cafda86c9d_z.jpg\" width=\"640\" height=\"427\" srcset=\"https:\/\/portais.santoandre.sp.gov.br\/chmsa\/wp-content\/uploads\/sites\/29\/2025\/03\/32296210277_cafda86c9d_z.jpg 640w, https:\/\/portais.santoandre.sp.gov.br\/chmsa\/wp-content\/uploads\/sites\/29\/2025\/03\/32296210277_cafda86c9d_z-300x200.jpg 300w\" sizes=\"(max-width: 640px) 100vw, 640px\" \/><\/span><\/figure><\/div>\n\n\n\n<p>Dias e hor\u00e1rios de visita religiosa: segunda a s\u00e1bado, das 09h \u00e0s 12h \/ domingo, das 14 \u00e0s 16h \/ segundas, quartas e sextas, das 19h30 \u00e0s 21h<\/p>\n\n\n\n<p>Missas toda ter\u00e7a e domingo, \u00e0s 16h, na Capela da Divina Miseric\u00f3rdia, no piso t\u00e9rreo do Centro Hospitalar Municipal<\/p>\n\n\n\n<p>Coordena\u00e7\u00e3o: Sonia Vitrio Rotondane<br>E-mail:&nbsp;<a href=\"mailto:soniavrotndane@terra.com.br\">soniavrotondane@terra.com.br<\/a><br>(<em>A Capelania Cat\u00f3lica \u00e9 ligada \u00e0 Pastoral da Sa\u00fade da Diocese de Santo Andr\u00e9<\/em>)<\/p>\n\n\n\n<p><strong>\u2013 Capelania Evang\u00e9lica:<\/strong><\/p>\n\n\n\n<p>Dias e hor\u00e1rios de visita religiosa: segundas, quartas, sextas e s\u00e1bados, das 13h \u00e0s 16h \/ ter\u00e7as e quintas, das 19h30 \u00e0s 21h<\/p>\n\n\n\n<p>Tamb\u00e9m s\u00e3o organizados dias de louvores<\/p>\n\n\n\n<p>Coordena\u00e7\u00e3o: Nanci Fiusa Broglio<br>E-mail:&nbsp;&nbsp;<a href=\"mailto:soniavrotndane@terra.com.br\">capelania@conexaoprimeira.org.br<\/a><\/p>\n\n\n\n<p>*<em>Al\u00e9m da AVSSA, das capelanias e dos grupos de atividades religiosas, est\u00e3o atualmente na grade de atividades volunt\u00e1rias do CHMSA os seguintes projetos: <\/em><\/p>\n\n\n\n<ul class=\"wp-block-list\">\n<li>Anjos do Nariz Vermelho<\/li>\n\n\n\n<li>Arco-\u00cdris do Riso<\/li>\n\n\n\n<li>Instituto Conta-Gotas<\/li>\n\n\n\n<li>Mensageiros de Cristo<\/li>\n\n\n\n<li>Sorrir \u00e9 Viver<\/li>\n<\/ul>\n\n\n\n<p><\/p>\n","protected":false},"excerpt":{"rendered":"<p>Dentro do criterioso processo de reestrutura\u00e7\u00e3o de toda a rede de sa\u00fade da cidade, orientado pela atual administra\u00e7\u00e3o, constam n\u00e3o apenas a qualifica\u00e7\u00e3o estrutural das unidades e a informatiza\u00e7\u00e3o dos sistemas, mas a gest\u00e3o do cuidado, inclusive no Centro Hospitalar Municipal de Santo Andr\u00e9, o CHMSA. Isso vai de encontro \u00e0 valoriza\u00e7\u00e3o do trabalhador e [&hellip;]<\/p>\n","protected":false},"author":77,"featured_media":0,"parent":0,"menu_order":0,"comment_status":"closed","ping_status":"closed","template":"","meta":{"footnotes":""},"class_list":["post-32","page","type-page","status-publish","hentry"],"_links":{"self":[{"href":"https:\/\/portais.santoandre.sp.gov.br\/chmsa\/wp-json\/wp\/v2\/pages\/32","targetHints":{"allow":["GET"]}}],"collection":[{"href":"https:\/\/portais.santoandre.sp.gov.br\/chmsa\/wp-json\/wp\/v2\/pages"}],"about":[{"href":"https:\/\/portais.santoandre.sp.gov.br\/chmsa\/wp-json\/wp\/v2\/types\/page"}],"author":[{"embeddable":true,"href":"https:\/\/portais.santoandre.sp.gov.br\/chmsa\/wp-json\/wp\/v2\/users\/77"}],"replies":[{"embeddable":true,"href":"https:\/\/portais.santoandre.sp.gov.br\/chmsa\/wp-json\/wp\/v2\/comments?post=32"}],"version-history":[{"count":7,"href":"https:\/\/portais.santoandre.sp.gov.br\/chmsa\/wp-json\/wp\/v2\/pages\/32\/revisions"}],"predecessor-version":[{"id":1893,"href":"https:\/\/portais.santoandre.sp.gov.br\/chmsa\/wp-json\/wp\/v2\/pages\/32\/revisions\/1893"}],"wp:attachment":[{"href":"https:\/\/portais.santoandre.sp.gov.br\/chmsa\/wp-json\/wp\/v2\/media?parent=32"}],"curies":[{"name":"wp","href":"https:\/\/api.w.org\/{rel}","templated":true}]}}