{"id":23,"date":"2025-03-31T13:33:03","date_gmt":"2025-03-31T16:33:03","guid":{"rendered":"https:\/\/portais.santoandre.sp.gov.br\/chmsa\/?page_id=23"},"modified":"2025-11-07T16:25:51","modified_gmt":"2025-11-07T19:25:51","slug":"estrutura","status":"publish","type":"page","link":"https:\/\/portais.santoandre.sp.gov.br\/chmsa\/estrutura\/","title":{"rendered":"Estrutura"},"content":{"rendered":"\n<p>O CHMSA \u201cDr. Newton da Costa Brand\u00e3o\u201d tem unidades aut\u00f4nomas de interna\u00e7\u00e3o e emerg\u00eancia, funcionando em cinco andares. As unidades, apesar de independentes, trabalham integradas e se complementam. S\u00e3o 296 leitos, sendo 50 de UTI Adulto e 10 de UTI Pedi\u00e1trica.<\/p>\n\n\n\n<p>Localizado em \u00e1rea de 13 mil m\u00b2, possui uma ampla cobertura, com abrang\u00eancia aos mun\u00edcipes de Santo Andr\u00e9 e de outras cidades do Grande ABC, al\u00e9m da capital paulista. \u00c9 refer\u00eancia na rede municipal para os casos de emerg\u00eancia relacionados \u00e0s \u00e1reas de Cirurgia Geral e Traumatologia.<\/p>\n\n\n\n<p>O Centro Hospitalar Municipal de Santo Andr\u00e9 realiza procedimentos e atividades de m\u00e9dia e alta complexidade, tais como Neurocirurgia e todas as especialidades cir\u00fargicas, Terapia Nutricional Enteral (NE) e Parenteral e Terapia de Substitui\u00e7\u00e3o Renal (Di\u00e1lise). Em casos de urg\u00eancia e emerg\u00eancia, tamb\u00e9m oferece atendimento em Pediatria e Cl\u00ednica M\u00e9dica \u2013 referenciado de uma UPA (Unidade de Pronto Atendimento) ou PA (Pronto Atendimento) \u2013 e executa procedimentos cir\u00fargicos eletivos.<\/p>\n\n\n\n<p>No CHMSA trabalham cerca de 1.100 funcion\u00e1rios. Em m\u00e9dia s\u00e3o realizados, por ano, mais de 110 mil atendimentos ambulatoriais, 45 mil atendimentos de emerg\u00eancia, 10,5 mil cirurgias e 17.450 interna\u00e7\u00f5es, segundo dados de 2024.<\/p>\n\n\n\n<p>Em an\u00e1lise da proced\u00eancia dos pacientes atendidos, o CHMSA revela sua import\u00e2ncia no processo de regionaliza\u00e7\u00e3o do SUS. Da m\u00e9dia mensal de atendimentos em sua unidade de Emerg\u00eancia e de interna\u00e7\u00f5es, 90% s\u00e3o de Santo Andr\u00e9 e 10% de outras localidades.<\/p>\n\n\n\n<p><strong>Centro de Diagn\u00f3sticos<\/strong><\/p>\n\n\n<div class=\"wp-block-image\">\n<figure class=\"aligncenter size-full\"><img fetchpriority=\"high\" decoding=\"async\" width=\"600\" height=\"400\" src=\"https:\/\/portais.santoandre.sp.gov.br\/chmsa\/wp-content\/uploads\/sites\/29\/2025\/11\/WhatsApp-Image-2024-07-04-at-11.22.26.jpeg\" alt=\"\" class=\"wp-image-1869\" srcset=\"https:\/\/portais.santoandre.sp.gov.br\/chmsa\/wp-content\/uploads\/sites\/29\/2025\/11\/WhatsApp-Image-2024-07-04-at-11.22.26.jpeg 600w, https:\/\/portais.santoandre.sp.gov.br\/chmsa\/wp-content\/uploads\/sites\/29\/2025\/11\/WhatsApp-Image-2024-07-04-at-11.22.26-300x200.jpeg 300w\" sizes=\"(max-width: 600px) 100vw, 600px\" \/><\/figure><\/div>\n\n\n<p>Exames de imagem e laboratoriais s\u00e3o realizados no Centro Hospitalar Municipal de Santo Andr\u00e9, sendo refer\u00eancia para toda a rede p\u00fablica de sa\u00fade da cidade. O Centro de Diagn\u00f3sticos do hospital foi modernizado em 2018, o que permite a realiza\u00e7\u00e3o de exames de imagem de maneira r\u00e1pida e precisa. O local conta com modernas salas de Tomografia Computadorizada e Resson\u00e2ncia Magn\u00e9tica. S\u00e3o oferecidos servi\u00e7os de apoio diagn\u00f3stico e tratamento nas \u00e1reas de Radiologia, Ultrassonografia, Ultrassonografia com Doppler, Ecocardiografia Adulto e Infantil e Hemoterapia, al\u00e9m de exames laboratoriais (an\u00e1lises cl\u00ednicas), a partir da coleta de materiais como sangue, urina e fezes, entre outros.<\/p>\n\n\n<div class=\"wp-block-image\">\n<figure class=\"aligncenter size-full\"><img decoding=\"async\" width=\"600\" height=\"400\" src=\"https:\/\/portais.santoandre.sp.gov.br\/chmsa\/wp-content\/uploads\/sites\/29\/2025\/11\/WhatsApp-Image-2024-07-04-at-11.22.28.jpeg\" alt=\"\" class=\"wp-image-1871\" srcset=\"https:\/\/portais.santoandre.sp.gov.br\/chmsa\/wp-content\/uploads\/sites\/29\/2025\/11\/WhatsApp-Image-2024-07-04-at-11.22.28.jpeg 600w, https:\/\/portais.santoandre.sp.gov.br\/chmsa\/wp-content\/uploads\/sites\/29\/2025\/11\/WhatsApp-Image-2024-07-04-at-11.22.28-300x200.jpeg 300w\" sizes=\"(max-width: 600px) 100vw, 600px\" \/><\/figure><\/div>\n\n\n<p><strong>Centro M\u00e9dico de Especialidades<\/strong><\/p>\n\n\n\n<p>O CHMSA conta ainda com um Centro M\u00e9dico de Especialidades, que atende pacientes de toda a rede de sa\u00fade de Santo Andr\u00e9. No local, s\u00e3o prestados servi\u00e7os nas seguintes especialidades ambulatoriais, cl\u00ednicas e cir\u00fargicas: Anestesiologia (Pr\u00e9-Operat\u00f3rio); Cardiologia (Pr\u00e9-Operat\u00f3rio); Cirurgia de Cabe\u00e7a e Pesco\u00e7o; Cirurgia Geral; Cirurgia Ginecol\u00f3gica; Cirurgia Pl\u00e1stica; Cirurgia Vascular; Dermatologia; Fonoaudiologia; Gastrocirurgia; Gastroenterologia Cl\u00ednica; Neurocirurgia; Nutrologia; Oncologia; Ortopedia; Proctologia; Urologia. Pela especialidade de Urologia tamb\u00e9m s\u00e3o realizadas vasectomias para pacientes atendidos no Programa de Planejamento Familiar da Rede B\u00e1sica de Sa\u00fade do munic\u00edpio.<\/p>\n\n\n\n<p><strong>Hospital Dia<\/strong><\/p>\n\n\n\n<p>A unidade de Hospital Dia do CHMSA funciona no segundo andar e agrega tecnologia de ponta nos servi\u00e7os prestados \u00e0 popula\u00e7\u00e3o. S\u00e3o oferecidas cirurgias de baixa complexidade, como vasectomias, corre\u00e7\u00e3o de cicatrizes de queimaduras, h\u00e9rnias, varizes, tire\u00f3ide e hemorr\u00f3idas. Alguns procedimentos ser\u00e3o realizados pelo sistema de videolaparoscopia, processo minimante invasivo. O CHMSA foi o primeiro equipamento p\u00fablico municipal a oferecer a modalidade de cirurgias eletivas r\u00e1pidas (sem urg\u00eancia) e interna\u00e7\u00e3o parcial aos usu\u00e1rios do SUS. O HD possui \u00e1rea de espera e admiss\u00e3o de pacientes, leitos de pr\u00e9 e p\u00f3s-operat\u00f3rio, \u00e1rea para prescri\u00e7\u00e3o e duas salas cir\u00fargicas. At\u00e9 2008, o mesmo espa\u00e7o abrigou o Centro Obst\u00e9trico, que foi transferido para o Hospital da Mulher, quando de sua inaugura\u00e7\u00e3o.<\/p>\n\n\n\n<p><strong>Pronto-Socorro (Emerg\u00eancia)<\/strong><\/p>\n\n\n<div class=\"wp-block-image\">\n<figure class=\"aligncenter size-full\"><img decoding=\"async\" width=\"600\" height=\"400\" src=\"https:\/\/portais.santoandre.sp.gov.br\/chmsa\/wp-content\/uploads\/sites\/29\/2025\/11\/WhatsApp-Image-2025-03-29-at-15.08.10.jpeg\" alt=\"\" class=\"wp-image-1872\" srcset=\"https:\/\/portais.santoandre.sp.gov.br\/chmsa\/wp-content\/uploads\/sites\/29\/2025\/11\/WhatsApp-Image-2025-03-29-at-15.08.10.jpeg 600w, https:\/\/portais.santoandre.sp.gov.br\/chmsa\/wp-content\/uploads\/sites\/29\/2025\/11\/WhatsApp-Image-2025-03-29-at-15.08.10-300x200.jpeg 300w\" sizes=\"(max-width: 600px) 100vw, 600px\" \/><\/figure><\/div>\n\n\n<p>A reorganiza\u00e7\u00e3o dos fluxos de atendimento tem sido um dos focos em toda a rede municipal de sa\u00fade de Santo Andr\u00e9. Em sintonia com essas iniciativas de organiza\u00e7\u00e3o e humaniza\u00e7\u00e3o, o Pronto-Socorro do CHMSA passou por um criterioso processo de reestrutura\u00e7\u00e3o em 2018, dedicando-se \u00e0 sua principal voca\u00e7\u00e3o: as emerg\u00eancias m\u00e9dicas. A partir de acolhimento criterioso, casos que n\u00e3o venham a se enquadrar, s\u00e3o direcionados para UBSs e UPAs \u2013 que, por sua vez, tamb\u00e9m referenciam pacientes para atendimento no Pronto-Socorro, quando necess\u00e1rio. Tamb\u00e9m \u00e9 referenciado o atendimento emergencial em Cirurgia Bucomaxilofacial, Odontologia Para Pacientes Especiais, Oftalmologia e Psiquiatria.<\/p>\n\n\n<div class=\"wp-block-image\">\n<figure class=\"aligncenter size-full\"><img loading=\"lazy\" decoding=\"async\" width=\"600\" height=\"400\" src=\"https:\/\/portais.santoandre.sp.gov.br\/chmsa\/wp-content\/uploads\/sites\/29\/2025\/11\/IMG_0348.jpg\" alt=\"\" class=\"wp-image-1873\" srcset=\"https:\/\/portais.santoandre.sp.gov.br\/chmsa\/wp-content\/uploads\/sites\/29\/2025\/11\/IMG_0348.jpg 600w, https:\/\/portais.santoandre.sp.gov.br\/chmsa\/wp-content\/uploads\/sites\/29\/2025\/11\/IMG_0348-300x200.jpg 300w\" sizes=\"(max-width: 600px) 100vw, 600px\" \/><\/figure><\/div>\n\n<div class=\"wp-block-image\">\n<figure class=\"aligncenter size-full\"><img loading=\"lazy\" decoding=\"async\" width=\"600\" height=\"400\" src=\"https:\/\/portais.santoandre.sp.gov.br\/chmsa\/wp-content\/uploads\/sites\/29\/2025\/11\/IMG-20250904-WA0110.jpg\" alt=\"\" class=\"wp-image-1874\" srcset=\"https:\/\/portais.santoandre.sp.gov.br\/chmsa\/wp-content\/uploads\/sites\/29\/2025\/11\/IMG-20250904-WA0110.jpg 600w, https:\/\/portais.santoandre.sp.gov.br\/chmsa\/wp-content\/uploads\/sites\/29\/2025\/11\/IMG-20250904-WA0110-300x200.jpg 300w\" sizes=\"(max-width: 600px) 100vw, 600px\" \/><\/figure><\/div>\n\n\n<p><strong>NIR (N\u00facleo Interno de Regula\u00e7\u00e3o)<\/strong><\/p>\n\n\n\n<p>O N\u00facleo Interno de Regula\u00e7\u00e3o (NIR) do CHMSA foi criado para o gerenciamento interno dos leitos hospitalares. Com base em protocolos internacionais, dentre eles o sistema japon\u00eas Kanban, a administra\u00e7\u00e3o tem focado na gest\u00e3o eficiente do leito operacional, a fim de reduzir o tempo m\u00e9dio de perman\u00eancia do paciente no hospital. O n\u00facleo trabalha de forma multidisciplinar e mapeia leitos em toda a rede p\u00fablica para otimizar o fluxo de assist\u00eancia. A cria\u00e7\u00e3o do Complexo Regulador Municipal, em 2018, deu suporte ao \u00f3rg\u00e3o, reduzindo o tempo de espera por atendimento e agilizando as transfer\u00eancias hospitalares. Ao aumentar o \u00edndice de rotatividade e otimizar a taxa de ocupa\u00e7\u00e3o, amplia-se a oferta de leitos para o sistema de sa\u00fade.<\/p>\n\n\n\n<p><strong>Unidade de Traumatologia<\/strong><\/p>\n\n\n\n<p>Instalada no primeiro andar do hospital, em \u00e1rea de 450 m\u00b2, a enfermaria de Traumatologia conta com 30 leitos. Sua cria\u00e7\u00e3o teve o objetivo de oferecer maior conforto e acomoda\u00e7\u00e3o \u00e0s v\u00edtimas de traumas. H\u00e1 ainda a Unidade de Decis\u00e3o Cl\u00ednica (UDC), no Pronto-Socorro, onde pacientes aguardam procedimentos cir\u00fargicos.<\/p>\n\n\n\n<p><strong>UTIs<\/strong><\/p>\n\n\n<div class=\"wp-block-image\">\n<figure class=\"aligncenter size-full\"><img loading=\"lazy\" decoding=\"async\" width=\"600\" height=\"400\" src=\"https:\/\/portais.santoandre.sp.gov.br\/chmsa\/wp-content\/uploads\/sites\/29\/2025\/11\/UTI-CHM.jpg\" alt=\"\" class=\"wp-image-1875\" srcset=\"https:\/\/portais.santoandre.sp.gov.br\/chmsa\/wp-content\/uploads\/sites\/29\/2025\/11\/UTI-CHM.jpg 600w, https:\/\/portais.santoandre.sp.gov.br\/chmsa\/wp-content\/uploads\/sites\/29\/2025\/11\/UTI-CHM-300x200.jpg 300w\" sizes=\"(max-width: 600px) 100vw, 600px\" \/><\/figure><\/div>\n\n\n<p>O CHMSA possui quatro UTIs adulto, que funcionam no t\u00e9rreo e no terceiro andar e totalizam 40 leitos em opera\u00e7\u00e3o, credenciados pelo SUS. Na UTI pedi\u00e1trica s\u00e3o dez leitos, inclusive com isolamento. <\/p>\n\n\n\n<p><strong>Centro Cir\u00fargico<\/strong><\/p>\n\n\n\n<p>O&nbsp;Centro Hospitalar Municipal de Santo Andr\u00e9 conta com cinco salas em seu Centro Cir\u00fargico, localizado no terceiro andar. No espa\u00e7o s\u00e3o realizados procedimentos eletivos \u2013 que podem ser previamente agendados \u2013 e de urg\u00eancia\/emerg\u00eancia, tanto de m\u00e9dio quanto de grande porte. <\/p>\n","protected":false},"excerpt":{"rendered":"<p>O CHMSA \u201cDr. Newton da Costa Brand\u00e3o\u201d tem unidades aut\u00f4nomas de interna\u00e7\u00e3o e emerg\u00eancia, funcionando em cinco andares. As unidades, apesar de independentes, trabalham integradas e se complementam. S\u00e3o 296 leitos, sendo 50 de UTI Adulto e 10 de UTI Pedi\u00e1trica. Localizado em \u00e1rea de 13 mil m\u00b2, possui uma ampla cobertura, com abrang\u00eancia aos [&hellip;]<\/p>\n","protected":false},"author":77,"featured_media":0,"parent":0,"menu_order":0,"comment_status":"closed","ping_status":"closed","template":"","meta":{"footnotes":""},"class_list":["post-23","page","type-page","status-publish","hentry"],"_links":{"self":[{"href":"https:\/\/portais.santoandre.sp.gov.br\/chmsa\/wp-json\/wp\/v2\/pages\/23","targetHints":{"allow":["GET"]}}],"collection":[{"href":"https:\/\/portais.santoandre.sp.gov.br\/chmsa\/wp-json\/wp\/v2\/pages"}],"about":[{"href":"https:\/\/portais.santoandre.sp.gov.br\/chmsa\/wp-json\/wp\/v2\/types\/page"}],"author":[{"embeddable":true,"href":"https:\/\/portais.santoandre.sp.gov.br\/chmsa\/wp-json\/wp\/v2\/users\/77"}],"replies":[{"embeddable":true,"href":"https:\/\/portais.santoandre.sp.gov.br\/chmsa\/wp-json\/wp\/v2\/comments?post=23"}],"version-history":[{"count":5,"href":"https:\/\/portais.santoandre.sp.gov.br\/chmsa\/wp-json\/wp\/v2\/pages\/23\/revisions"}],"predecessor-version":[{"id":1901,"href":"https:\/\/portais.santoandre.sp.gov.br\/chmsa\/wp-json\/wp\/v2\/pages\/23\/revisions\/1901"}],"wp:attachment":[{"href":"https:\/\/portais.santoandre.sp.gov.br\/chmsa\/wp-json\/wp\/v2\/media?parent=23"}],"curies":[{"name":"wp","href":"https:\/\/api.w.org\/{rel}","templated":true}]}}