{"id":1737,"date":"2025-04-04T13:06:26","date_gmt":"2025-04-04T16:06:26","guid":{"rendered":"https:\/\/portais.santoandre.sp.gov.br\/chmsa\/?page_id=1737"},"modified":"2025-04-04T13:12:11","modified_gmt":"2025-04-04T16:12:11","slug":"qualisaude","status":"publish","type":"page","link":"https:\/\/portais.santoandre.sp.gov.br\/chmsa\/qualisaude\/","title":{"rendered":"Qualisa\u00fade"},"content":{"rendered":"\n<p>A Prefeitura de Santo Andr\u00e9 lan\u00e7ou, em 2017, o primeiro programa municipal para a reestrutura\u00e7\u00e3o e moderniza\u00e7\u00e3o de toda a rede de sa\u00fade, o&nbsp;<strong>Qualisa\u00fade<\/strong>. O programa tem os seguintes pilares:<\/p>\n\n\n\n<ul class=\"wp-block-list\">\n<li>melhora estrutural;<\/li>\n\n\n\n<li>gest\u00e3o por processos;<\/li>\n\n\n\n<li>gest\u00e3o do cuidado;<\/li>\n\n\n\n<li>valoriza\u00e7\u00e3o do trabalhador ;<\/li>\n\n\n\n<li>valoriza\u00e7\u00e3o dos usu\u00e1rios.<\/li>\n<\/ul>\n\n\n\n<div class=\"wp-block-stackable-image stk-block-image stk-block stk-0bffa1a\" data-block-id=\"0bffa1a\"><figure><span class=\"stk-img-wrapper stk-image--shape-stretch\"><img fetchpriority=\"high\" decoding=\"async\" class=\"stk-img wp-image-1738\" src=\"https:\/\/portais.santoandre.sp.gov.br\/chmsa\/wp-content\/uploads\/sites\/29\/2025\/04\/Imagem3-1024x745-1-e1743783126471.jpg\" width=\"1024\" height=\"340\" srcset=\"https:\/\/portais.santoandre.sp.gov.br\/chmsa\/wp-content\/uploads\/sites\/29\/2025\/04\/Imagem3-1024x745-1-e1743783126471.jpg 1024w, https:\/\/portais.santoandre.sp.gov.br\/chmsa\/wp-content\/uploads\/sites\/29\/2025\/04\/Imagem3-1024x745-1-e1743783126471-300x100.jpg 300w, https:\/\/portais.santoandre.sp.gov.br\/chmsa\/wp-content\/uploads\/sites\/29\/2025\/04\/Imagem3-1024x745-1-e1743783126471-768x255.jpg 768w\" sizes=\"(max-width: 1024px) 100vw, 1024px\" \/><\/span><\/figure><\/div>\n\n\n\n<p>Com a informatiza\u00e7\u00e3o de todo o sistema de atendimento e a capacita\u00e7\u00e3o de funcion\u00e1rios, o objetivo da Prefeitura \u00e9 devolver \u00e0 popula\u00e7\u00e3o de Santo Andr\u00e9 um servi\u00e7o de sa\u00fade com qualidade.<\/p>\n\n\n\n<p>A principal proposta \u00e9 aumentar a cobertura da aten\u00e7\u00e3o b\u00e1sica, que era de 25% na cidade quando o programa teve in\u00edcio. O projeto \u00e9 que, at\u00e9 2020, esse n\u00famero suba para 85%.<\/p>\n\n\n\n<p>A ideia \u00e9 que a rede b\u00e1sica seja a porta de entrada para atendimento. Cerca de 70% dos casos de interven\u00e7\u00e3o hospitalar poderiam ter sido evitados se tratados antes na rede b\u00e1sica.<\/p>\n\n\n\n<p>O acompanhamento adequado pode fazer com que muitos casos sejam controlados antes de virarem urg\u00eancias. Para isso, os profissionais v\u00eam sendo capacitados e os usu\u00e1rios melhor orientados sobre qual tipo de servi\u00e7o deve procurar em cada situa\u00e7\u00e3o.<\/p>\n\n\n\n<div class=\"wp-block-stackable-image stk-block-image stk-block stk-5f5ef88\" data-block-id=\"5f5ef88\"><style>.stk-5f5ef88 .stk-img-wrapper{width:682px !important;}<\/style><figure><span class=\"stk-img-wrapper stk-image--shape-stretch\"><img decoding=\"async\" class=\"stk-img wp-image-1739\" src=\"https:\/\/portais.santoandre.sp.gov.br\/chmsa\/wp-content\/uploads\/sites\/29\/2025\/04\/IMG-20190507-WA0011-682x1024-1.jpg\" width=\"682\" height=\"1024\" srcset=\"https:\/\/portais.santoandre.sp.gov.br\/chmsa\/wp-content\/uploads\/sites\/29\/2025\/04\/IMG-20190507-WA0011-682x1024-1.jpg 682w, https:\/\/portais.santoandre.sp.gov.br\/chmsa\/wp-content\/uploads\/sites\/29\/2025\/04\/IMG-20190507-WA0011-682x1024-1-200x300.jpg 200w\" sizes=\"(max-width: 682px) 100vw, 682px\" \/><\/span><\/figure><\/div>\n","protected":false},"excerpt":{"rendered":"<p>A Prefeitura de Santo Andr\u00e9 lan\u00e7ou, em 2017, o primeiro programa municipal para a reestrutura\u00e7\u00e3o e moderniza\u00e7\u00e3o de toda a rede de sa\u00fade, o&nbsp;Qualisa\u00fade. O programa tem os seguintes pilares: Com a informatiza\u00e7\u00e3o de todo o sistema de atendimento e a capacita\u00e7\u00e3o de funcion\u00e1rios, o objetivo da Prefeitura \u00e9 devolver \u00e0 popula\u00e7\u00e3o de Santo Andr\u00e9 [&hellip;]<\/p>\n","protected":false},"author":77,"featured_media":0,"parent":0,"menu_order":0,"comment_status":"closed","ping_status":"closed","template":"","meta":{"footnotes":""},"class_list":["post-1737","page","type-page","status-publish","hentry"],"_links":{"self":[{"href":"https:\/\/portais.santoandre.sp.gov.br\/chmsa\/wp-json\/wp\/v2\/pages\/1737","targetHints":{"allow":["GET"]}}],"collection":[{"href":"https:\/\/portais.santoandre.sp.gov.br\/chmsa\/wp-json\/wp\/v2\/pages"}],"about":[{"href":"https:\/\/portais.santoandre.sp.gov.br\/chmsa\/wp-json\/wp\/v2\/types\/page"}],"author":[{"embeddable":true,"href":"https:\/\/portais.santoandre.sp.gov.br\/chmsa\/wp-json\/wp\/v2\/users\/77"}],"replies":[{"embeddable":true,"href":"https:\/\/portais.santoandre.sp.gov.br\/chmsa\/wp-json\/wp\/v2\/comments?post=1737"}],"version-history":[{"count":2,"href":"https:\/\/portais.santoandre.sp.gov.br\/chmsa\/wp-json\/wp\/v2\/pages\/1737\/revisions"}],"predecessor-version":[{"id":1743,"href":"https:\/\/portais.santoandre.sp.gov.br\/chmsa\/wp-json\/wp\/v2\/pages\/1737\/revisions\/1743"}],"wp:attachment":[{"href":"https:\/\/portais.santoandre.sp.gov.br\/chmsa\/wp-json\/wp\/v2\/media?parent=1737"}],"curies":[{"name":"wp","href":"https:\/\/api.w.org\/{rel}","templated":true}]}}