{"id":1731,"date":"2025-04-04T12:49:46","date_gmt":"2025-04-04T15:49:46","guid":{"rendered":"https:\/\/portais.santoandre.sp.gov.br\/chmsa\/?page_id=1731"},"modified":"2025-11-04T14:45:44","modified_gmt":"2025-11-04T17:45:44","slug":"alerta-de-golpe","status":"publish","type":"page","link":"https:\/\/portais.santoandre.sp.gov.br\/chmsa\/alerta-de-golpe\/","title":{"rendered":"Alerta de Golpe"},"content":{"rendered":"\n<p>Diante de golpes aplicados em pessoas que t\u00eam parentes internados em UTIs de hospitais p\u00fablicos por todo o Brasil, o Centro Hospitalar Municipal de Santo Andr\u00e9 alerta:<\/p>\n\n\n\n<p>N\u00e3o realizamos,\u00a0<strong>EM HIP\u00d3TESE ALGUMA,<\/strong> liga\u00e7\u00f5es telef\u00f4nicas ou outra forma de solicita\u00e7\u00e3o de valotres em dinheiro a familiares ou respons\u00e1veis por pacientes internados;<\/p>\n\n\n\n<p>Caso ocorra qualquer tentativa de cobran\u00e7a para a realiza\u00e7\u00e3o de procedimentos\/tratamentos, desconsidere o contato e informe a institui\u00e7\u00e3o;<\/p>\n\n\n\n<p>Os servi\u00e7os prestados pelo CHMSA s\u00e3o&nbsp;<strong>TOTALMENTE GRATUITOS.<\/strong><\/p>\n\n\n\n<p>Confira outras orienta\u00e7\u00f5es passadas aos visitantes e acompanhantes deste hospital. Clique&nbsp;<a href=\"https:\/\/portais.santoandre.sp.gov.br\/chmsa\/orientacoes-a-acompanhantes-e-visitantes\/\">aqui<\/a>.<\/p>\n\n\n\n<p><\/p>\n","protected":false},"excerpt":{"rendered":"<p>Diante de golpes aplicados em pessoas que t\u00eam parentes internados em UTIs de hospitais p\u00fablicos por todo o Brasil, o Centro Hospitalar Municipal de Santo Andr\u00e9 alerta: N\u00e3o realizamos,\u00a0EM HIP\u00d3TESE ALGUMA, liga\u00e7\u00f5es telef\u00f4nicas ou outra forma de solicita\u00e7\u00e3o de valotres em dinheiro a familiares ou respons\u00e1veis por pacientes internados; Caso ocorra qualquer tentativa de cobran\u00e7a [&hellip;]<\/p>\n","protected":false},"author":77,"featured_media":0,"parent":0,"menu_order":0,"comment_status":"closed","ping_status":"closed","template":"","meta":{"footnotes":""},"class_list":["post-1731","page","type-page","status-publish","hentry"],"_links":{"self":[{"href":"https:\/\/portais.santoandre.sp.gov.br\/chmsa\/wp-json\/wp\/v2\/pages\/1731","targetHints":{"allow":["GET"]}}],"collection":[{"href":"https:\/\/portais.santoandre.sp.gov.br\/chmsa\/wp-json\/wp\/v2\/pages"}],"about":[{"href":"https:\/\/portais.santoandre.sp.gov.br\/chmsa\/wp-json\/wp\/v2\/types\/page"}],"author":[{"embeddable":true,"href":"https:\/\/portais.santoandre.sp.gov.br\/chmsa\/wp-json\/wp\/v2\/users\/77"}],"replies":[{"embeddable":true,"href":"https:\/\/portais.santoandre.sp.gov.br\/chmsa\/wp-json\/wp\/v2\/comments?post=1731"}],"version-history":[{"count":3,"href":"https:\/\/portais.santoandre.sp.gov.br\/chmsa\/wp-json\/wp\/v2\/pages\/1731\/revisions"}],"predecessor-version":[{"id":1889,"href":"https:\/\/portais.santoandre.sp.gov.br\/chmsa\/wp-json\/wp\/v2\/pages\/1731\/revisions\/1889"}],"wp:attachment":[{"href":"https:\/\/portais.santoandre.sp.gov.br\/chmsa\/wp-json\/wp\/v2\/media?parent=1731"}],"curies":[{"name":"wp","href":"https:\/\/api.w.org\/{rel}","templated":true}]}}