{"id":102,"date":"2025-03-31T15:35:41","date_gmt":"2025-03-31T18:35:41","guid":{"rendered":"https:\/\/portais.santoandre.sp.gov.br\/chmsa\/?page_id=102"},"modified":"2025-03-31T15:35:41","modified_gmt":"2025-03-31T18:35:41","slug":"contato","status":"publish","type":"page","link":"https:\/\/portais.santoandre.sp.gov.br\/chmsa\/contato\/","title":{"rendered":"Contato"},"content":{"rendered":"\n<p>Para atendimento preencha o formul\u00e1rio abaixo.<\/p>\n\n\n\n\r\n        \r\n\r\n                <form class=\"wpuf-form-add weforms-96  wpuf-style\" action=\"\" method=\"post\"   id=\"\">\r\n\r\n            <ul class=\"wpuf-form form-label-above\">\r\n\r\n                        <li class=\"wpuf-el nome field-size-large\" data-label=\"Nome\">\r\n                    <div class=\"wpuf-label\">\r\n            <label for=\"nome_96\">Nome <span class=\"required\">*<\/span><\/label>\r\n        <\/div>\r\n        \r\n            <div class=\"wpuf-fields\">\r\n                <input\r\n                    class=\"textfield wpuf_nome_96\"\r\n                    id=\"nome_96\"\r\n                    type=\"text\"\r\n                    data-duplicate=\"no\"\r\n                    data-required=\"yes\"\r\n                    data-type=\"text\" name=\"nome\"\r\n                    placeholder=\"\"\r\n                    value=\"\"\r\n                    size=\"40\"\r\n                    data-style=\"wpuf-style\"\r\n                \/>\r\n\r\n                <span class=\"wpuf-wordlimit-message wpuf-help\"><\/span>\r\n                            <\/div>\r\n                    <\/li>\r\n                <li class=\"wpuf-el e_mail field-size-large\" data-label=\"E-mail\">\r\n                    <div class=\"wpuf-label\">\r\n            <label for=\"e_mail_96\">E-mail <span class=\"required\">*<\/span><\/label>\r\n        <\/div>\r\n        \r\n            <div class=\"wpuf-fields\">\r\n                <input\r\n                    id=\"e_mail_96\"\r\n                    type=\"email\"\r\n                    class=\"email  wpuf_e_mail_96\"\r\n                    data-duplicate=\"\"\r\n                    data-required=\"yes\"\r\n                    data-type=\"email\"\r\n                    data-style=\"wpuf-style\"\r\n                    name=\"e_mail\"\r\n                    placeholder=\"\"\r\n                    value=\"\"\r\n                    size=\"40\"\r\n                    autocomplete=\"email\"\r\n                \/>\r\n                            <\/div>\r\n        <\/li>\r\n                <li class=\"wpuf-el telefone field-size-small\" data-label=\"Telefone\">\r\n                    <div class=\"wpuf-label\">\r\n            <label for=\"telefone_96\">Telefone <span class=\"required\">*<\/span><\/label>\r\n        <\/div>\r\n        \r\n            <div class=\"wpuf-fields\">\r\n                <input\r\n                    class=\"textfield wpuf_telefone_96\"\r\n                    id=\"telefone_96\"\r\n                    type=\"text\"\r\n                    data-duplicate=\"no\"\r\n                    data-required=\"yes\"\r\n                    data-type=\"text\" name=\"telefone\"\r\n                    placeholder=\"\"\r\n                    value=\"\"\r\n                    size=\"40\"\r\n                    data-style=\"wpuf-style\"\r\n                \/>\r\n\r\n                <span class=\"wpuf-wordlimit-message wpuf-help\"><\/span>\r\n                            <\/div>\r\n                    <\/li>\r\n                <li class=\"wpuf-el assunto__reclama__o__sugest_o__den_ncia__elogio__outros_ field-size-large\" data-label=\"Assunto (Reclama\u00e7\u00e3o, Sugest\u00e3o, Den\u00fancia, Elogio, Outros)\">\r\n                    <div class=\"wpuf-label\">\r\n            <label for=\"assunto__reclama__o__sugest_o__den_ncia__elogio__outros__96\">Assunto (Reclama\u00e7\u00e3o, Sugest\u00e3o, Den\u00fancia, Elogio, Outros) <span class=\"required\">*<\/span><\/label>\r\n        <\/div>\r\n        \r\n            <div class=\"wpuf-fields\">\r\n                <input\r\n                    class=\"textfield wpuf_assunto__reclama__o__sugest_o__den_ncia__elogio__outros__96\"\r\n                    id=\"assunto__reclama__o__sugest_o__den_ncia__elogio__outros__96\"\r\n                    type=\"text\"\r\n                    data-duplicate=\"no\"\r\n                    data-required=\"yes\"\r\n                    data-type=\"text\" name=\"assunto__reclama__o__sugest_o__den_ncia__elogio__outros_\"\r\n                    placeholder=\"\"\r\n                    value=\"\"\r\n                    size=\"40\"\r\n                    data-style=\"wpuf-style\"\r\n                \/>\r\n\r\n                <span class=\"wpuf-wordlimit-message wpuf-help\"><\/span>\r\n                            <\/div>\r\n                    <\/li>\r\n                <li class=\"wpuf-el sua_mensagem field-size-large\" data-label=\"Sua mensagem\">\r\n                    <div class=\"wpuf-label\">\r\n            <label for=\"sua_mensagem_96\">Sua mensagem <span class=\"required\">*<\/span><\/label>\r\n        <\/div>\r\n                                    <div class=\"wpuf-fields\">\r\n            \r\n                                    <textarea\r\n                        class=\"textareafield  wpuf_sua_mensagem_96\"\r\n                        id=\"sua_mensagem_96\"\r\n                        name=\"sua_mensagem\"\r\n                        data-required=\"yes\"\r\n                        data-type=\"textarea\"\r\n                        placeholder=\"\"\r\n                        rows=\"5\"\r\n                        cols=\"25\"\r\n                        data-style=\"wpuf-style\"\r\n                    ><\/textarea>\r\n                    <span class=\"wpuf-wordlimit-message wpuf-help\"><\/span>\r\n\r\n                \r\n                        <\/div><\/li>\r\n                <li class=\"wpuf-submit\">\r\n            <div class=\"wpuf-label\">\r\n                &nbsp;\r\n            <\/div>\r\n\r\n            <input type=\"hidden\" id=\"_wpnonce\" name=\"_wpnonce\" value=\"97294eda4f\" \/><input type=\"hidden\" name=\"_wp_http_referer\" value=\"\/chmsa\/wp-json\/wp\/v2\/pages\/102\" \/>\r\n            <input type=\"hidden\" name=\"form_id\" value=\"96\">\r\n            <input type=\"hidden\" name=\"page_id\" value=\"102\">\r\n            <input type=\"hidden\" name=\"action\" value=\"weforms_frontend_submit\">\r\n\r\n                            <input type=\"hidden\" name=\"weforms-front-report\" value=\"no\">\r\n            \r\n            \r\n                            <input type=\"submit\" class=\"weforms_submit_btn wpuf_submit_96\" name=\"submit\" value=\"Enviar\" \/>\r\n                    <\/li>\r\n                <\/ul>\r\n\r\n        <\/form>\r\n                \n","protected":false},"excerpt":{"rendered":"<p>Para atendimento preencha o formul\u00e1rio abaixo.<\/p>\n","protected":false},"author":77,"featured_media":0,"parent":0,"menu_order":0,"comment_status":"closed","ping_status":"closed","template":"","meta":{"footnotes":""},"class_list":["post-102","page","type-page","status-publish","hentry"],"_links":{"self":[{"href":"https:\/\/portais.santoandre.sp.gov.br\/chmsa\/wp-json\/wp\/v2\/pages\/102","targetHints":{"allow":["GET"]}}],"collection":[{"href":"https:\/\/portais.santoandre.sp.gov.br\/chmsa\/wp-json\/wp\/v2\/pages"}],"about":[{"href":"https:\/\/portais.santoandre.sp.gov.br\/chmsa\/wp-json\/wp\/v2\/types\/page"}],"author":[{"embeddable":true,"href":"https:\/\/portais.santoandre.sp.gov.br\/chmsa\/wp-json\/wp\/v2\/users\/77"}],"replies":[{"embeddable":true,"href":"https:\/\/portais.santoandre.sp.gov.br\/chmsa\/wp-json\/wp\/v2\/comments?post=102"}],"version-history":[{"count":1,"href":"https:\/\/portais.santoandre.sp.gov.br\/chmsa\/wp-json\/wp\/v2\/pages\/102\/revisions"}],"predecessor-version":[{"id":103,"href":"https:\/\/portais.santoandre.sp.gov.br\/chmsa\/wp-json\/wp\/v2\/pages\/102\/revisions\/103"}],"wp:attachment":[{"href":"https:\/\/portais.santoandre.sp.gov.br\/chmsa\/wp-json\/wp\/v2\/media?parent=102"}],"curies":[{"name":"wp","href":"https:\/\/api.w.org\/{rel}","templated":true}]}}