{"id":93,"date":"2025-04-16T16:59:46","date_gmt":"2025-04-16T19:59:46","guid":{"rendered":"https:\/\/portais.santoandre.sp.gov.br\/casadotrabalhador\/?page_id=93"},"modified":"2025-12-03T11:25:42","modified_gmt":"2025-12-03T14:25:42","slug":"contatos-do-trabalhador","status":"publish","type":"page","link":"https:\/\/portais.santoandre.sp.gov.br\/casadotrabalhador\/contatos-do-trabalhador\/","title":{"rendered":"Contatos do Trabalhador"},"content":{"rendered":"\t\t<div data-elementor-type=\"wp-page\" data-elementor-id=\"93\" class=\"elementor elementor-93\" data-elementor-post-type=\"page\">\n\t\t\t\t<div class=\"elementor-element elementor-element-654f5a2 e-flex e-con-boxed e-con e-parent\" data-id=\"654f5a2\" data-element_type=\"container\" data-e-type=\"container\">\n\t\t\t\t\t<div class=\"e-con-inner\">\n\t\t\t\t<div class=\"elementor-element elementor-element-586314b elementor-widget elementor-widget-image\" data-id=\"586314b\" data-element_type=\"widget\" data-e-type=\"widget\" data-widget_type=\"image.default\">\n\t\t\t\t<div class=\"elementor-widget-container\">\n\t\t\t\t\t\t\t\t\t\t\t\t\t\t\t<img loading=\"lazy\" decoding=\"async\" width=\"1024\" height=\"360\" src=\"https:\/\/portais.santoandre.sp.gov.br\/casadotrabalhador\/wp-content\/uploads\/sites\/33\/2025\/04\/Casa-Topo-Contato-1024x360.png\" class=\"attachment-large size-large wp-image-550\" alt=\"\" srcset=\"https:\/\/portais.santoandre.sp.gov.br\/casadotrabalhador\/wp-content\/uploads\/sites\/33\/2025\/04\/Casa-Topo-Contato-1024x360.png 1024w, https:\/\/portais.santoandre.sp.gov.br\/casadotrabalhador\/wp-content\/uploads\/sites\/33\/2025\/04\/Casa-Topo-Contato-300x105.png 300w, https:\/\/portais.santoandre.sp.gov.br\/casadotrabalhador\/wp-content\/uploads\/sites\/33\/2025\/04\/Casa-Topo-Contato-768x270.png 768w, https:\/\/portais.santoandre.sp.gov.br\/casadotrabalhador\/wp-content\/uploads\/sites\/33\/2025\/04\/Casa-Topo-Contato-1536x540.png 1536w, https:\/\/portais.santoandre.sp.gov.br\/casadotrabalhador\/wp-content\/uploads\/sites\/33\/2025\/04\/Casa-Topo-Contato.png 1863w\" sizes=\"auto, (max-width: 1024px) 100vw, 1024px\" \/>\t\t\t\t\t\t\t\t\t\t\t\t\t\t\t<\/div>\n\t\t\t\t<\/div>\n\t\t\t\t\t<\/div>\n\t\t\t\t<\/div>\n\t\t<div class=\"elementor-element elementor-element-62b47a31 e-flex e-con-boxed e-con e-parent\" data-id=\"62b47a31\" data-element_type=\"container\" data-e-type=\"container\">\n\t\t\t\t\t<div class=\"e-con-inner\">\n\t\t\t\t<div class=\"elementor-element elementor-element-7c3ac1db elementor-widget elementor-widget-text-editor\" data-id=\"7c3ac1db\" data-element_type=\"widget\" data-e-type=\"widget\" data-widget_type=\"text-editor.default\">\n\t\t\t\t<div class=\"elementor-widget-container\">\n\t\t\t\t\t\t\t\t\t<h4>\u00a0<\/h4><h4>\u00a0<\/h4><h4><strong>CPETR &#8211; Centro P\u00fablico de Emprego, Trabalho e Renda<\/strong><\/h4><p><strong>Endere\u00e7o: <\/strong>Pra\u00e7a IV Centen\u00e1rio, 01, T\u00e9rreo 01, Centro &#8211; Santo Andr\u00e9-SP<br \/><strong>Telefone:<\/strong> (11) 4433-0776\/0778 e 0196<br \/><strong>E-mail: <\/strong><a href=\"mailto:cpetr@santoandre.sp.gov.br\">cpetr@santoandre.sp.gov.br<\/a><br \/><strong>Site da Casa do Trabalhador Andreense: <\/strong><a href=\"https:\/\/portais.santoandre.sp.gov.br\/casadotrabalhador\/\">https:\/\/portais.santoandre.sp.gov.br\/casadotrabalhador\/\u00a0<\/a><\/p><h4>\u00a0<\/h4><h4><strong>Minist\u00e9rio do Trabalho de Santo Andr\u00e9<\/strong><\/h4><p><strong>Endere\u00e7o<\/strong>: Av. Jos\u00e9 Caballero, 35 &#8211; Vila Bastos, Santo Andr\u00e9 &#8211; SP, 09040-210<br \/><strong>Telefone<\/strong>: (11) 4438-5227<br \/><strong>Hor\u00e1rio de funcionamento<\/strong>: 9:00 as 17:00<br \/><strong>Agendamento pelo site<\/strong><br \/><strong>Site<\/strong>: <a href=\"http:\/\/saaweb.mte.gov.br\/\">http:\/\/saaweb.mte.gov.br\/<\/a><br \/><strong>Minist\u00e9rio do Trabalho Santo Andr\u00e9<\/strong> \u2013 Den\u00fancia: 158 ou <a href=\"https:\/\/www.gov.br\/pt-br\/servicos\/realizar-denuncia-trabalhista\">clique aqui<\/a><\/p><p>\u00a0<\/p><h4><strong>Altera\u00e7\u00e3o de dados do CPF:<\/strong><\/h4><ul><li><a href=\"https:\/\/servicos.receita.fazenda.gov.br\/servicos\/cpf\/alterar\/defaut.asp\">https:\/\/servicos.receita.fazenda.gov.br\/servicos\/cpf\/alterar\/defaut.asp<\/a> \u00a0<\/li><li>Ag\u00eancia dos Correios.<\/li><\/ul><h4>\u00a0<\/h4><h4>Recupera\u00e7\u00e3o de senha Gov.br:<\/h4><ul><li><a href=\"https:\/\/portaldeservicos.economia.gov.br\/atendimento\">https:\/\/portaldeservicos.economia.gov.br\/atendimento<\/a>\u00a0<\/li><li>INSS: 135<\/li><li>Al\u00f4 Trabalho: 158<\/li><\/ul><p>\u00a0<\/p><p>\u00a0<\/p><p>\u00a0<\/p><p>\u00a0<\/p>\t\t\t\t\t\t\t\t<\/div>\n\t\t\t\t<\/div>\n\t\t\t\t\t<\/div>\n\t\t\t\t<\/div>\n\t\t\t\t<\/div>\n\t\t","protected":false},"excerpt":{"rendered":"<p>\u00a0 \u00a0 CPETR &#8211; Centro P\u00fablico de Emprego, Trabalho e Renda Endere\u00e7o: Pra\u00e7a IV Centen\u00e1rio, 01, T\u00e9rreo 01, Centro &#8211; Santo Andr\u00e9-SPTelefone: (11) 4433-0776\/0778 e 0196E-mail: cpetr@santoandre.sp.gov.brSite da Casa do Trabalhador Andreense: https:\/\/portais.santoandre.sp.gov.br\/casadotrabalhador\/\u00a0 \u00a0 Minist\u00e9rio do Trabalho de Santo Andr\u00e9 Endere\u00e7o: Av. Jos\u00e9 Caballero, 35 &#8211; Vila Bastos, Santo Andr\u00e9 &#8211; SP, 09040-210Telefone: (11) 4438-5227Hor\u00e1rio [&hellip;]<\/p>\n","protected":false},"author":82,"featured_media":0,"parent":0,"menu_order":0,"comment_status":"closed","ping_status":"closed","template":"","meta":{"footnotes":""},"class_list":["post-93","page","type-page","status-publish","hentry"],"_links":{"self":[{"href":"https:\/\/portais.santoandre.sp.gov.br\/casadotrabalhador\/wp-json\/wp\/v2\/pages\/93","targetHints":{"allow":["GET"]}}],"collection":[{"href":"https:\/\/portais.santoandre.sp.gov.br\/casadotrabalhador\/wp-json\/wp\/v2\/pages"}],"about":[{"href":"https:\/\/portais.santoandre.sp.gov.br\/casadotrabalhador\/wp-json\/wp\/v2\/types\/page"}],"author":[{"embeddable":true,"href":"https:\/\/portais.santoandre.sp.gov.br\/casadotrabalhador\/wp-json\/wp\/v2\/users\/82"}],"replies":[{"embeddable":true,"href":"https:\/\/portais.santoandre.sp.gov.br\/casadotrabalhador\/wp-json\/wp\/v2\/comments?post=93"}],"version-history":[{"count":19,"href":"https:\/\/portais.santoandre.sp.gov.br\/casadotrabalhador\/wp-json\/wp\/v2\/pages\/93\/revisions"}],"predecessor-version":[{"id":937,"href":"https:\/\/portais.santoandre.sp.gov.br\/casadotrabalhador\/wp-json\/wp\/v2\/pages\/93\/revisions\/937"}],"wp:attachment":[{"href":"https:\/\/portais.santoandre.sp.gov.br\/casadotrabalhador\/wp-json\/wp\/v2\/media?parent=93"}],"curies":[{"name":"wp","href":"https:\/\/api.w.org\/{rel}","templated":true}]}}