{"id":156,"date":"2025-04-16T18:06:24","date_gmt":"2025-04-16T21:06:24","guid":{"rendered":"https:\/\/portais.santoandre.sp.gov.br\/casadotrabalhador\/?page_id=156"},"modified":"2025-04-16T18:20:54","modified_gmt":"2025-04-16T21:20:54","slug":"trabalho-e-renda","status":"publish","type":"page","link":"https:\/\/portais.santoandre.sp.gov.br\/casadotrabalhador\/trabalho-e-renda\/","title":{"rendered":"Trabalho e Renda"},"content":{"rendered":"\t\t<div data-elementor-type=\"wp-page\" data-elementor-id=\"156\" class=\"elementor elementor-156\" data-elementor-post-type=\"page\">\n\t\t\t\t<div class=\"elementor-element elementor-element-1494975 e-con-full e-flex e-con e-parent\" data-id=\"1494975\" data-element_type=\"container\" data-e-type=\"container\">\n\t\t\t\t<div class=\"elementor-element elementor-element-c394946 elementor-widget elementor-widget-image\" data-id=\"c394946\" data-element_type=\"widget\" data-e-type=\"widget\" data-widget_type=\"image.default\">\n\t\t\t\t<div class=\"elementor-widget-container\">\n\t\t\t\t\t\t\t\t\t\t\t\t\t\t\t<img loading=\"lazy\" decoding=\"async\" width=\"1024\" height=\"771\" src=\"https:\/\/portais.santoandre.sp.gov.br\/casadotrabalhador\/wp-content\/uploads\/sites\/33\/2025\/04\/CPETR-1-1024x771.png\" class=\"attachment-large size-large wp-image-20\" alt=\"\" srcset=\"https:\/\/portais.santoandre.sp.gov.br\/casadotrabalhador\/wp-content\/uploads\/sites\/33\/2025\/04\/CPETR-1-1024x771.png 1024w, https:\/\/portais.santoandre.sp.gov.br\/casadotrabalhador\/wp-content\/uploads\/sites\/33\/2025\/04\/CPETR-1-300x226.png 300w, https:\/\/portais.santoandre.sp.gov.br\/casadotrabalhador\/wp-content\/uploads\/sites\/33\/2025\/04\/CPETR-1-768x578.png 768w, https:\/\/portais.santoandre.sp.gov.br\/casadotrabalhador\/wp-content\/uploads\/sites\/33\/2025\/04\/CPETR-1.png 1364w\" sizes=\"auto, (max-width: 1024px) 100vw, 1024px\" \/>\t\t\t\t\t\t\t\t\t\t\t\t\t\t\t<\/div>\n\t\t\t\t<\/div>\n\t\t\t\t<\/div>\n\t\t<div class=\"elementor-element elementor-element-195c4d8 e-flex e-con-boxed e-con e-parent\" data-id=\"195c4d8\" data-element_type=\"container\" data-e-type=\"container\">\n\t\t\t\t\t<div class=\"e-con-inner\">\n\t\t\t\t<div class=\"elementor-element elementor-element-3c4c4f3 elementor-widget elementor-widget-spacer\" data-id=\"3c4c4f3\" data-element_type=\"widget\" data-e-type=\"widget\" data-widget_type=\"spacer.default\">\n\t\t\t\t<div class=\"elementor-widget-container\">\n\t\t\t\t\t\t\t<div class=\"elementor-spacer\">\n\t\t\t<div class=\"elementor-spacer-inner\"><\/div>\n\t\t<\/div>\n\t\t\t\t\t\t<\/div>\n\t\t\t\t<\/div>\n\t\t\t\t\t<\/div>\n\t\t\t\t<\/div>\n\t\t<div class=\"elementor-element elementor-element-7890b12 e-flex e-con-boxed e-con e-parent\" data-id=\"7890b12\" data-element_type=\"container\" data-e-type=\"container\">\n\t\t\t\t\t<div class=\"e-con-inner\">\n\t\t\t\t<div class=\"elementor-element elementor-element-67b6ad4 elementor-widget elementor-widget-text-editor\" data-id=\"67b6ad4\" data-element_type=\"widget\" data-e-type=\"widget\" data-widget_type=\"text-editor.default\">\n\t\t\t\t<div class=\"elementor-widget-container\">\n\t\t\t\t\t\t\t\t\t<div aria-hidden=\"true\"><p>Sua vida mais f\u00e1cil com os servi\u00e7os online de atendimento ao trabalhador!<\/p><\/div><div aria-hidden=\"true\"><p>No portal voc\u00ea pode buscar novas vagas de emprego, pedir sua carteira de trabalho digital, cadastrar recurso ou dar entrada no Seguro Desemprego.<\/p><\/div><div aria-hidden=\"true\"><p style=\"font-weight: 400\"><strong>O atendimento para vagas de emprego tamb\u00e9m \u00e9 realizado de forma presencial, sem necessidade de agendamento.<\/strong><\/p><p style=\"font-weight: 400\"><strong>Informa\u00e7\u00f5es e d\u00favidas:\u00a0 0800 019 19 44 ou 156 e\/ou <\/strong><a href=\"mailto:cpetr@santoandre.sp.gov.br\"><strong>cpetr@santoandre.sp.gov.br<\/strong><\/a><\/p><p style=\"font-weight: 400\">\u00a0<\/p><\/div><p><!-- \/wp:cover --><\/p>\t\t\t\t\t\t\t\t<\/div>\n\t\t\t\t<\/div>\n\t\t\t\t\t<\/div>\n\t\t\t\t<\/div>\n\t\t<div class=\"elementor-element elementor-element-47ff8e4 e-flex e-con-boxed e-con e-parent\" data-id=\"47ff8e4\" data-element_type=\"container\" data-e-type=\"container\">\n\t\t\t\t\t<div class=\"e-con-inner\">\n\t\t\t\t<div class=\"elementor-element elementor-element-bba479e elementor-widget elementor-widget-image\" data-id=\"bba479e\" data-element_type=\"widget\" data-e-type=\"widget\" data-widget_type=\"image.default\">\n\t\t\t\t<div class=\"elementor-widget-container\">\n\t\t\t\t\t\t\t\t\t\t\t\t\t\t\t\t<a href=\"https:\/\/portais.santoandre.sp.gov.br\/casadotrabalhador\/portal-de-vagas\/\">\n\t\t\t\t\t\t\t<img loading=\"lazy\" decoding=\"async\" width=\"933\" height=\"124\" src=\"https:\/\/portais.santoandre.sp.gov.br\/casadotrabalhador\/wp-content\/uploads\/sites\/33\/2025\/04\/VAGAS-DE-EMPREGO-BOTAO.png\" class=\"attachment-large size-large wp-image-159\" alt=\"\" srcset=\"https:\/\/portais.santoandre.sp.gov.br\/casadotrabalhador\/wp-content\/uploads\/sites\/33\/2025\/04\/VAGAS-DE-EMPREGO-BOTAO.png 933w, https:\/\/portais.santoandre.sp.gov.br\/casadotrabalhador\/wp-content\/uploads\/sites\/33\/2025\/04\/VAGAS-DE-EMPREGO-BOTAO-300x40.png 300w, https:\/\/portais.santoandre.sp.gov.br\/casadotrabalhador\/wp-content\/uploads\/sites\/33\/2025\/04\/VAGAS-DE-EMPREGO-BOTAO-768x102.png 768w\" sizes=\"auto, (max-width: 933px) 100vw, 933px\" \/>\t\t\t\t\t\t\t\t<\/a>\n\t\t\t\t\t\t\t\t\t\t\t\t\t\t\t<\/div>\n\t\t\t\t<\/div>\n\t\t\t\t\t<\/div>\n\t\t\t\t<\/div>\n\t\t<div class=\"elementor-element elementor-element-8001db9 e-flex e-con-boxed e-con e-parent\" data-id=\"8001db9\" data-element_type=\"container\" data-e-type=\"container\">\n\t\t\t\t\t<div class=\"e-con-inner\">\n\t\t\t\t<div class=\"elementor-element elementor-element-1a87721 elementor-widget elementor-widget-image\" data-id=\"1a87721\" data-element_type=\"widget\" data-e-type=\"widget\" data-widget_type=\"image.default\">\n\t\t\t\t<div class=\"elementor-widget-container\">\n\t\t\t\t\t\t\t\t\t\t\t\t\t\t\t\t<a href=\"https:\/\/portais.santoandre.sp.gov.br\/casadotrabalhador\/carteira-de-trabalho\/\">\n\t\t\t\t\t\t\t<img loading=\"lazy\" decoding=\"async\" width=\"933\" height=\"116\" src=\"https:\/\/portais.santoandre.sp.gov.br\/casadotrabalhador\/wp-content\/uploads\/sites\/33\/2025\/04\/CARTEIRA-DE-TRABALHO-BOTAO.png\" class=\"attachment-large size-large wp-image-160\" alt=\"\" srcset=\"https:\/\/portais.santoandre.sp.gov.br\/casadotrabalhador\/wp-content\/uploads\/sites\/33\/2025\/04\/CARTEIRA-DE-TRABALHO-BOTAO.png 933w, https:\/\/portais.santoandre.sp.gov.br\/casadotrabalhador\/wp-content\/uploads\/sites\/33\/2025\/04\/CARTEIRA-DE-TRABALHO-BOTAO-300x37.png 300w, https:\/\/portais.santoandre.sp.gov.br\/casadotrabalhador\/wp-content\/uploads\/sites\/33\/2025\/04\/CARTEIRA-DE-TRABALHO-BOTAO-768x95.png 768w\" sizes=\"auto, (max-width: 933px) 100vw, 933px\" \/>\t\t\t\t\t\t\t\t<\/a>\n\t\t\t\t\t\t\t\t\t\t\t\t\t\t\t<\/div>\n\t\t\t\t<\/div>\n\t\t\t\t\t<\/div>\n\t\t\t\t<\/div>\n\t\t<div class=\"elementor-element elementor-element-eac7d83 e-flex e-con-boxed e-con e-parent\" data-id=\"eac7d83\" data-element_type=\"container\" data-e-type=\"container\">\n\t\t\t\t\t<div class=\"e-con-inner\">\n\t\t\t\t<div class=\"elementor-element elementor-element-98f383d elementor-widget elementor-widget-image\" data-id=\"98f383d\" data-element_type=\"widget\" data-e-type=\"widget\" data-widget_type=\"image.default\">\n\t\t\t\t<div class=\"elementor-widget-container\">\n\t\t\t\t\t\t\t\t\t\t\t\t\t\t\t\t<a href=\"https:\/\/portais.santoandre.sp.gov.br\/casadotrabalhador\/seguro-desemprego\/\">\n\t\t\t\t\t\t\t<img loading=\"lazy\" decoding=\"async\" width=\"933\" height=\"111\" src=\"https:\/\/portais.santoandre.sp.gov.br\/casadotrabalhador\/wp-content\/uploads\/sites\/33\/2025\/04\/SEGURO-DESEMPREGO-BOTAO.png\" class=\"attachment-large size-large wp-image-161\" alt=\"\" srcset=\"https:\/\/portais.santoandre.sp.gov.br\/casadotrabalhador\/wp-content\/uploads\/sites\/33\/2025\/04\/SEGURO-DESEMPREGO-BOTAO.png 933w, https:\/\/portais.santoandre.sp.gov.br\/casadotrabalhador\/wp-content\/uploads\/sites\/33\/2025\/04\/SEGURO-DESEMPREGO-BOTAO-300x36.png 300w, https:\/\/portais.santoandre.sp.gov.br\/casadotrabalhador\/wp-content\/uploads\/sites\/33\/2025\/04\/SEGURO-DESEMPREGO-BOTAO-768x91.png 768w\" sizes=\"auto, (max-width: 933px) 100vw, 933px\" \/>\t\t\t\t\t\t\t\t<\/a>\n\t\t\t\t\t\t\t\t\t\t\t\t\t\t\t<\/div>\n\t\t\t\t<\/div>\n\t\t\t\t\t<\/div>\n\t\t\t\t<\/div>\n\t\t<div class=\"elementor-element elementor-element-73a4ed0 e-flex e-con-boxed e-con e-parent\" data-id=\"73a4ed0\" data-element_type=\"container\" data-e-type=\"container\">\n\t\t\t\t\t<div class=\"e-con-inner\">\n\t\t\t\t<div class=\"elementor-element elementor-element-a5d3d1b elementor-widget elementor-widget-image\" data-id=\"a5d3d1b\" data-element_type=\"widget\" data-e-type=\"widget\" data-widget_type=\"image.default\">\n\t\t\t\t<div class=\"elementor-widget-container\">\n\t\t\t\t\t\t\t\t\t\t\t\t\t\t\t\t<a href=\"https:\/\/portais.santoandre.sp.gov.br\/casadotrabalhador\/cadastre-seu-curriculo\/\">\n\t\t\t\t\t\t\t<img loading=\"lazy\" decoding=\"async\" width=\"933\" height=\"111\" src=\"https:\/\/portais.santoandre.sp.gov.br\/casadotrabalhador\/wp-content\/uploads\/sites\/33\/2025\/04\/CADASTRE-SEU-CURRICULO-BOTAO.png\" class=\"attachment-large size-large wp-image-162\" alt=\"\" srcset=\"https:\/\/portais.santoandre.sp.gov.br\/casadotrabalhador\/wp-content\/uploads\/sites\/33\/2025\/04\/CADASTRE-SEU-CURRICULO-BOTAO.png 933w, https:\/\/portais.santoandre.sp.gov.br\/casadotrabalhador\/wp-content\/uploads\/sites\/33\/2025\/04\/CADASTRE-SEU-CURRICULO-BOTAO-300x36.png 300w, https:\/\/portais.santoandre.sp.gov.br\/casadotrabalhador\/wp-content\/uploads\/sites\/33\/2025\/04\/CADASTRE-SEU-CURRICULO-BOTAO-768x91.png 768w\" sizes=\"auto, (max-width: 933px) 100vw, 933px\" \/>\t\t\t\t\t\t\t\t<\/a>\n\t\t\t\t\t\t\t\t\t\t\t\t\t\t\t<\/div>\n\t\t\t\t<\/div>\n\t\t\t\t\t<\/div>\n\t\t\t\t<\/div>\n\t\t<div class=\"elementor-element elementor-element-4e49819 e-flex e-con-boxed e-con e-parent\" data-id=\"4e49819\" data-element_type=\"container\" data-e-type=\"container\">\n\t\t\t\t\t<div class=\"e-con-inner\">\n\t\t\t\t<div class=\"elementor-element elementor-element-cb18dc2 elementor-widget elementor-widget-image\" data-id=\"cb18dc2\" data-element_type=\"widget\" data-e-type=\"widget\" data-widget_type=\"image.default\">\n\t\t\t\t<div class=\"elementor-widget-container\">\n\t\t\t\t\t\t\t\t\t\t\t\t\t\t\t\t<a href=\"https:\/\/portais.santoandre.sp.gov.br\/casadotrabalhador\/agende-atendimento-do-cpetr\/\">\n\t\t\t\t\t\t\t<img loading=\"lazy\" decoding=\"async\" width=\"933\" height=\"118\" src=\"https:\/\/portais.santoandre.sp.gov.br\/casadotrabalhador\/wp-content\/uploads\/sites\/33\/2025\/04\/AGENDE-ATENDIMENTO-BOTAO.png\" class=\"attachment-large size-large wp-image-163\" alt=\"\" srcset=\"https:\/\/portais.santoandre.sp.gov.br\/casadotrabalhador\/wp-content\/uploads\/sites\/33\/2025\/04\/AGENDE-ATENDIMENTO-BOTAO.png 933w, https:\/\/portais.santoandre.sp.gov.br\/casadotrabalhador\/wp-content\/uploads\/sites\/33\/2025\/04\/AGENDE-ATENDIMENTO-BOTAO-300x38.png 300w, https:\/\/portais.santoandre.sp.gov.br\/casadotrabalhador\/wp-content\/uploads\/sites\/33\/2025\/04\/AGENDE-ATENDIMENTO-BOTAO-768x97.png 768w\" sizes=\"auto, (max-width: 933px) 100vw, 933px\" \/>\t\t\t\t\t\t\t\t<\/a>\n\t\t\t\t\t\t\t\t\t\t\t\t\t\t\t<\/div>\n\t\t\t\t<\/div>\n\t\t\t\t\t<\/div>\n\t\t\t\t<\/div>\n\t\t<div class=\"elementor-element elementor-element-d7c311b e-flex e-con-boxed e-con e-parent\" data-id=\"d7c311b\" data-element_type=\"container\" data-e-type=\"container\">\n\t\t\t\t\t<div class=\"e-con-inner\">\n\t\t\t\t<div class=\"elementor-element elementor-element-c32c9dd elementor-widget elementor-widget-image\" data-id=\"c32c9dd\" data-element_type=\"widget\" data-e-type=\"widget\" data-widget_type=\"image.default\">\n\t\t\t\t<div class=\"elementor-widget-container\">\n\t\t\t\t\t\t\t\t\t\t\t\t\t\t\t\t<a href=\"https:\/\/portais.santoandre.sp.gov.br\/casadotrabalhador\/economia-solidaria\/\">\n\t\t\t\t\t\t\t<img loading=\"lazy\" decoding=\"async\" width=\"933\" height=\"121\" src=\"https:\/\/portais.santoandre.sp.gov.br\/casadotrabalhador\/wp-content\/uploads\/sites\/33\/2025\/04\/INCUBADORA-PUBLICA-BOTAO.png\" class=\"attachment-large size-large wp-image-164\" alt=\"\" srcset=\"https:\/\/portais.santoandre.sp.gov.br\/casadotrabalhador\/wp-content\/uploads\/sites\/33\/2025\/04\/INCUBADORA-PUBLICA-BOTAO.png 933w, https:\/\/portais.santoandre.sp.gov.br\/casadotrabalhador\/wp-content\/uploads\/sites\/33\/2025\/04\/INCUBADORA-PUBLICA-BOTAO-300x39.png 300w, https:\/\/portais.santoandre.sp.gov.br\/casadotrabalhador\/wp-content\/uploads\/sites\/33\/2025\/04\/INCUBADORA-PUBLICA-BOTAO-768x100.png 768w\" sizes=\"auto, (max-width: 933px) 100vw, 933px\" \/>\t\t\t\t\t\t\t\t<\/a>\n\t\t\t\t\t\t\t\t\t\t\t\t\t\t\t<\/div>\n\t\t\t\t<\/div>\n\t\t\t\t\t<\/div>\n\t\t\t\t<\/div>\n\t\t\t\t<\/div>\n\t\t","protected":false},"excerpt":{"rendered":"<p>Sua vida mais f\u00e1cil com os servi\u00e7os online de atendimento ao trabalhador! No portal voc\u00ea pode buscar novas vagas de emprego, pedir sua carteira de trabalho digital, cadastrar recurso ou dar entrada no Seguro Desemprego. O atendimento para vagas de emprego tamb\u00e9m \u00e9 realizado de forma presencial, sem necessidade de agendamento. Informa\u00e7\u00f5es e d\u00favidas:\u00a0 0800 [&hellip;]<\/p>\n","protected":false},"author":82,"featured_media":0,"parent":0,"menu_order":0,"comment_status":"closed","ping_status":"closed","template":"","meta":{"footnotes":""},"class_list":["post-156","page","type-page","status-publish","hentry"],"_links":{"self":[{"href":"https:\/\/portais.santoandre.sp.gov.br\/casadotrabalhador\/wp-json\/wp\/v2\/pages\/156","targetHints":{"allow":["GET"]}}],"collection":[{"href":"https:\/\/portais.santoandre.sp.gov.br\/casadotrabalhador\/wp-json\/wp\/v2\/pages"}],"about":[{"href":"https:\/\/portais.santoandre.sp.gov.br\/casadotrabalhador\/wp-json\/wp\/v2\/types\/page"}],"author":[{"embeddable":true,"href":"https:\/\/portais.santoandre.sp.gov.br\/casadotrabalhador\/wp-json\/wp\/v2\/users\/82"}],"replies":[{"embeddable":true,"href":"https:\/\/portais.santoandre.sp.gov.br\/casadotrabalhador\/wp-json\/wp\/v2\/comments?post=156"}],"version-history":[{"count":7,"href":"https:\/\/portais.santoandre.sp.gov.br\/casadotrabalhador\/wp-json\/wp\/v2\/pages\/156\/revisions"}],"predecessor-version":[{"id":175,"href":"https:\/\/portais.santoandre.sp.gov.br\/casadotrabalhador\/wp-json\/wp\/v2\/pages\/156\/revisions\/175"}],"wp:attachment":[{"href":"https:\/\/portais.santoandre.sp.gov.br\/casadotrabalhador\/wp-json\/wp\/v2\/media?parent=156"}],"curies":[{"name":"wp","href":"https:\/\/api.w.org\/{rel}","templated":true}]}}