{"id":1318,"date":"2025-05-29T18:20:47","date_gmt":"2025-05-29T21:20:47","guid":{"rendered":"https:\/\/portais.santoandre.sp.gov.br\/casadotrabalhador\/?page_id=1318"},"modified":"2025-12-03T11:25:06","modified_gmt":"2025-12-03T14:25:06","slug":"contrate-mao-de-obra","status":"publish","type":"page","link":"https:\/\/portais.santoandre.sp.gov.br\/casadotrabalhador\/contrate-mao-de-obra\/","title":{"rendered":"Contrate M\u00e3o de Obra"},"content":{"rendered":"\t\t<div data-elementor-type=\"wp-page\" data-elementor-id=\"1318\" class=\"elementor elementor-1318\" data-elementor-post-type=\"page\">\n\t\t\t\t<div class=\"elementor-element elementor-element-8185b4b e-con-full e-flex e-con e-parent\" data-id=\"8185b4b\" data-element_type=\"container\" data-e-type=\"container\">\n\t\t\t\t<div class=\"elementor-element elementor-element-1567c46 elementor-widget elementor-widget-image\" data-id=\"1567c46\" data-element_type=\"widget\" data-e-type=\"widget\" data-widget_type=\"image.default\">\n\t\t\t\t<div class=\"elementor-widget-container\">\n\t\t\t\t\t\t\t\t\t\t\t\t\t\t\t<img loading=\"lazy\" decoding=\"async\" width=\"1024\" height=\"771\" src=\"https:\/\/portais.santoandre.sp.gov.br\/casadotrabalhador\/wp-content\/uploads\/sites\/33\/2025\/04\/CPETR-1-1024x771.png\" class=\"attachment-large size-large wp-image-20\" alt=\"\" srcset=\"https:\/\/portais.santoandre.sp.gov.br\/casadotrabalhador\/wp-content\/uploads\/sites\/33\/2025\/04\/CPETR-1-1024x771.png 1024w, https:\/\/portais.santoandre.sp.gov.br\/casadotrabalhador\/wp-content\/uploads\/sites\/33\/2025\/04\/CPETR-1-300x226.png 300w, https:\/\/portais.santoandre.sp.gov.br\/casadotrabalhador\/wp-content\/uploads\/sites\/33\/2025\/04\/CPETR-1-768x578.png 768w, https:\/\/portais.santoandre.sp.gov.br\/casadotrabalhador\/wp-content\/uploads\/sites\/33\/2025\/04\/CPETR-1.png 1364w\" sizes=\"auto, (max-width: 1024px) 100vw, 1024px\" \/>\t\t\t\t\t\t\t\t\t\t\t\t\t\t\t<\/div>\n\t\t\t\t<\/div>\n\t\t\t\t<\/div>\n\t\t<div class=\"elementor-element elementor-element-b094c2a e-flex e-con-boxed e-con e-parent\" data-id=\"b094c2a\" data-element_type=\"container\" data-e-type=\"container\">\n\t\t\t\t\t<div class=\"e-con-inner\">\n\t\t\t\t<div class=\"elementor-element elementor-element-a609c8d elementor-widget elementor-widget-spacer\" data-id=\"a609c8d\" data-element_type=\"widget\" data-e-type=\"widget\" data-widget_type=\"spacer.default\">\n\t\t\t\t<div class=\"elementor-widget-container\">\n\t\t\t\t\t\t\t<div class=\"elementor-spacer\">\n\t\t\t<div class=\"elementor-spacer-inner\"><\/div>\n\t\t<\/div>\n\t\t\t\t\t\t<\/div>\n\t\t\t\t<\/div>\n\t\t\t\t\t<\/div>\n\t\t\t\t<\/div>\n\t\t<div class=\"elementor-element elementor-element-cd8dcf6 e-flex e-con-boxed e-con e-parent\" data-id=\"cd8dcf6\" data-element_type=\"container\" data-e-type=\"container\">\n\t\t\t\t\t<div class=\"e-con-inner\">\n\t\t\t\t<div class=\"elementor-element elementor-element-53400b0 elementor-widget elementor-widget-text-editor\" data-id=\"53400b0\" data-element_type=\"widget\" data-e-type=\"widget\" data-widget_type=\"text-editor.default\">\n\t\t\t\t<div class=\"elementor-widget-container\">\n\t\t\t\t\t\t\t\t\t<p>O Centro P\u00fablico de Emprego, Trabalho e Renda de Santo Andr\u00e9 (CPETR) \u00e9 uma ag\u00eancia p\u00fablica de intermedia\u00e7\u00e3o gratuita de m\u00e3o de obra. O posto est\u00e1 ligado \u00e0 Secretaria de Desenvolvimento e Gera\u00e7\u00e3o de Emprego, da Prefeitura de Santo Andr\u00e9, que tem como miss\u00e3o contribuir gratuitamente para a inser\u00e7\u00e3o do trabalhador no mercado de trabalho, de maneira integrada e articulada, visando o fortalecimento de sua cidadania, por meio de a\u00e7\u00f5es de intermedia\u00e7\u00e3o de m\u00e3o de obra, programas de orienta\u00e7\u00e3o profissional, cursos profissionalizantes, entre outros.<\/p><p>O CPETR tem um amplo banco de candidatos para disponibilizar a voc\u00ea\u00a0<strong>EMPREGADOR<\/strong>, eliminando tempo e custos com recrutamento e sele\u00e7\u00e3o. Possu\u00edmos uma equipe de profissionais capacitados e qualificados para melhor proporcionar qualidade na presta\u00e7\u00e3o de nossos servi\u00e7os.<\/p><p>\u00a0<\/p><p>Precisando contratar?\u00a0<strong>Entre em contato:<\/strong><\/p><p>Telefone: 4433-0196<br \/>E-mail: <a href=\"mailto:cpetr@santoandre.sp.gov.br\">cpetr@santoandre.sp.gov.br<\/a><\/p>\t\t\t\t\t\t\t\t<\/div>\n\t\t\t\t<\/div>\n\t\t\t\t\t<\/div>\n\t\t\t\t<\/div>\n\t\t\t\t<\/div>\n\t\t","protected":false},"excerpt":{"rendered":"<p>O Centro P\u00fablico de Emprego, Trabalho e Renda de Santo Andr\u00e9 (CPETR) \u00e9 uma ag\u00eancia p\u00fablica de intermedia\u00e7\u00e3o gratuita de m\u00e3o de obra. O posto est\u00e1 ligado \u00e0 Secretaria de Desenvolvimento e Gera\u00e7\u00e3o de Emprego, da Prefeitura de Santo Andr\u00e9, que tem como miss\u00e3o contribuir gratuitamente para a inser\u00e7\u00e3o do trabalhador no mercado de trabalho, [&hellip;]<\/p>\n","protected":false},"author":82,"featured_media":0,"parent":0,"menu_order":0,"comment_status":"closed","ping_status":"closed","template":"","meta":{"footnotes":""},"class_list":["post-1318","page","type-page","status-publish","hentry"],"_links":{"self":[{"href":"https:\/\/portais.santoandre.sp.gov.br\/casadotrabalhador\/wp-json\/wp\/v2\/pages\/1318","targetHints":{"allow":["GET"]}}],"collection":[{"href":"https:\/\/portais.santoandre.sp.gov.br\/casadotrabalhador\/wp-json\/wp\/v2\/pages"}],"about":[{"href":"https:\/\/portais.santoandre.sp.gov.br\/casadotrabalhador\/wp-json\/wp\/v2\/types\/page"}],"author":[{"embeddable":true,"href":"https:\/\/portais.santoandre.sp.gov.br\/casadotrabalhador\/wp-json\/wp\/v2\/users\/82"}],"replies":[{"embeddable":true,"href":"https:\/\/portais.santoandre.sp.gov.br\/casadotrabalhador\/wp-json\/wp\/v2\/comments?post=1318"}],"version-history":[{"count":5,"href":"https:\/\/portais.santoandre.sp.gov.br\/casadotrabalhador\/wp-json\/wp\/v2\/pages\/1318\/revisions"}],"predecessor-version":[{"id":1323,"href":"https:\/\/portais.santoandre.sp.gov.br\/casadotrabalhador\/wp-json\/wp\/v2\/pages\/1318\/revisions\/1323"}],"wp:attachment":[{"href":"https:\/\/portais.santoandre.sp.gov.br\/casadotrabalhador\/wp-json\/wp\/v2\/media?parent=1318"}],"curies":[{"name":"wp","href":"https:\/\/api.w.org\/{rel}","templated":true}]}}